{"id":498380,"date":"2022-04-25T02:28:14","date_gmt":"2022-04-25T02:28:14","guid":{"rendered":"http:\/\/solpack24.pl\/?page_id=498380"},"modified":"2022-04-25T17:50:40","modified_gmt":"2022-04-25T17:50:40","slug":"polityka-prywatnosci","status":"publish","type":"page","link":"https:\/\/solpack24.pl\/en\/polityka-prywatnosci\/","title":{"rendered":"Privacy policy"},"content":{"rendered":"<div data-elementor-type=\"wp-page\" data-elementor-id=\"498380\" class=\"elementor elementor-498380\">\n\t\t\t\t\t\t<div class=\"elementor-inner\">\n\t\t\t\t<div class=\"elementor-section-wrap\">\n\t\t\t\t\t\t\t\t\t<section class=\"elementor-section elementor-top-section elementor-element elementor-element-eda6e06 elementor-section-boxed elementor-section-height-default elementor-section-height-default\" data-id=\"eda6e06\" data-element_type=\"section\" data-settings=\"{&quot;background_background&quot;:&quot;classic&quot;,&quot;jet_parallax_layout_list&quot;:[{&quot;_id&quot;:&quot;9eff54e&quot;,&quot;jet_parallax_layout_image&quot;:{&quot;url&quot;:&quot;&quot;,&quot;id&quot;:&quot;&quot;,&quot;size&quot;:&quot;&quot;},&quot;jet_parallax_layout_image_tablet&quot;:{&quot;url&quot;:&quot;&quot;,&quot;id&quot;:&quot;&quot;,&quot;size&quot;:&quot;&quot;},&quot;jet_parallax_layout_image_mobile&quot;:{&quot;url&quot;:&quot;&quot;,&quot;id&quot;:&quot;&quot;,&quot;size&quot;:&quot;&quot;},&quot;jet_parallax_layout_speed&quot;:{&quot;unit&quot;:&quot;%&quot;,&quot;size&quot;:50,&quot;sizes&quot;:[]},&quot;jet_parallax_layout_type&quot;:&quot;scroll&quot;,&quot;jet_parallax_layout_direction&quot;:null,&quot;jet_parallax_layout_fx_direction&quot;:null,&quot;jet_parallax_layout_z_index&quot;:&quot;&quot;,&quot;jet_parallax_layout_bg_x&quot;:50,&quot;jet_parallax_layout_bg_x_tablet&quot;:&quot;&quot;,&quot;jet_parallax_layout_bg_x_mobile&quot;:&quot;&quot;,&quot;jet_parallax_layout_bg_y&quot;:50,&quot;jet_parallax_layout_bg_y_tablet&quot;:&quot;&quot;,&quot;jet_parallax_layout_bg_y_mobile&quot;:&quot;&quot;,&quot;jet_parallax_layout_bg_size&quot;:&quot;auto&quot;,&quot;jet_parallax_layout_bg_size_tablet&quot;:&quot;&quot;,&quot;jet_parallax_layout_bg_size_mobile&quot;:&quot;&quot;,&quot;jet_parallax_layout_animation_prop&quot;:&quot;transform&quot;,&quot;jet_parallax_layout_on&quot;:[&quot;desktop&quot;,&quot;tablet&quot;]}]}\">\n\t\t\t\t\t\t<div class=\"elementor-container elementor-column-gap-default\">\n\t\t\t\t\t\t\t<div class=\"elementor-row\">\n\t\t\t\t\t<div class=\"elementor-column elementor-col-100 elementor-top-column elementor-element elementor-element-ef93187\" data-id=\"ef93187\" data-element_type=\"column\">\n\t\t\t<div class=\"elementor-column-wrap elementor-element-populated\">\n\t\t\t\t\t\t\t<div class=\"elementor-widget-wrap\">\n\t\t\t\t\t\t<div class=\"elementor-element elementor-element-d03c9da elementor-widget elementor-widget-heading\" data-id=\"d03c9da\" data-element_type=\"widget\" data-widget_type=\"heading.default\">\n\t\t\t\t<div class=\"elementor-widget-container\">\n\t\t\t<h2 class=\"elementor-heading-title elementor-size-default\">Privacy policy<\/h2>\t\t<\/div>\n\t\t\t\t<\/div>\n\t\t\t\t\t\t<\/div>\n\t\t\t\t\t<\/div>\n\t\t<\/div>\n\t\t\t\t\t\t\t\t<\/div>\n\t\t\t\t\t<\/div>\n\t\t<\/section>\n\t\t\t\t<section class=\"elementor-section elementor-top-section elementor-element elementor-element-d123792 elementor-section-boxed elementor-section-height-default elementor-section-height-default\" data-id=\"d123792\" data-element_type=\"section\" data-settings=\"{&quot;jet_parallax_layout_list&quot;:[{&quot;jet_parallax_layout_image&quot;:{&quot;url&quot;:&quot;&quot;,&quot;id&quot;:&quot;&quot;,&quot;size&quot;:&quot;&quot;},&quot;_id&quot;:&quot;9a1cac1&quot;,&quot;jet_parallax_layout_image_tablet&quot;:{&quot;url&quot;:&quot;&quot;,&quot;id&quot;:&quot;&quot;,&quot;size&quot;:&quot;&quot;},&quot;jet_parallax_layout_image_mobile&quot;:{&quot;url&quot;:&quot;&quot;,&quot;id&quot;:&quot;&quot;,&quot;size&quot;:&quot;&quot;},&quot;jet_parallax_layout_speed&quot;:{&quot;unit&quot;:&quot;%&quot;,&quot;size&quot;:50,&quot;sizes&quot;:[]},&quot;jet_parallax_layout_type&quot;:&quot;scroll&quot;,&quot;jet_parallax_layout_direction&quot;:null,&quot;jet_parallax_layout_fx_direction&quot;:null,&quot;jet_parallax_layout_z_index&quot;:&quot;&quot;,&quot;jet_parallax_layout_bg_x&quot;:50,&quot;jet_parallax_layout_bg_x_tablet&quot;:&quot;&quot;,&quot;jet_parallax_layout_bg_x_mobile&quot;:&quot;&quot;,&quot;jet_parallax_layout_bg_y&quot;:50,&quot;jet_parallax_layout_bg_y_tablet&quot;:&quot;&quot;,&quot;jet_parallax_layout_bg_y_mobile&quot;:&quot;&quot;,&quot;jet_parallax_layout_bg_size&quot;:&quot;auto&quot;,&quot;jet_parallax_layout_bg_size_tablet&quot;:&quot;&quot;,&quot;jet_parallax_layout_bg_size_mobile&quot;:&quot;&quot;,&quot;jet_parallax_layout_animation_prop&quot;:&quot;transform&quot;,&quot;jet_parallax_layout_on&quot;:[&quot;desktop&quot;,&quot;tablet&quot;]}]}\">\n\t\t\t\t\t\t<div class=\"elementor-container elementor-column-gap-default\">\n\t\t\t\t\t\t\t<div class=\"elementor-row\">\n\t\t\t\t\t<div class=\"elementor-column elementor-col-100 elementor-top-column elementor-element elementor-element-38126ee\" data-id=\"38126ee\" data-element_type=\"column\">\n\t\t\t<div class=\"elementor-column-wrap elementor-element-populated\">\n\t\t\t\t\t\t\t<div class=\"elementor-widget-wrap\">\n\t\t\t\t\t\t<div class=\"elementor-element elementor-element-e4e6168 elementor-widget elementor-widget-text-editor\" data-id=\"e4e6168\" data-element_type=\"widget\" data-widget_type=\"text-editor.default\">\n\t\t\t\t<div class=\"elementor-widget-container\">\n\t\t\t\t\t\t\t\t<div class=\"elementor-text-editor elementor-clearfix\">\n\t\t\t\t<p>Od dnia 25 maja 2018 r. zacznie obowi\u0105zywa\u0107 Rozporz\u0105dzenie Parlamentu Europejskiego i Rady (UE) w sprawie <br \/>ochrony os\u00f3b fizycznych w zwi\u0105zku z przetwarzaniem danych osobowych i w sprawie swobodnego przep\u0142ywu takich <br \/>danych, okre\u015blane jako RODO. W zwi\u0105zku z tym, chcemy poinformowa\u0107 Ci\u0119 o zasadach przetwarzania w firmie <br \/>&#8222;Solpack24 Karol Skoczy\u0144ski&#8221; Twoich danych osobowych oraz o przys\u0142uguj\u0105cych Ci w zwi\u0105zku z tym prawach. <br \/>Zale\u017cy nam, aby\u015b mia\u0142 kompletn\u0105 wiedz\u0119, a tym samym pe\u0142en komfort korzystania z serwis\u00f3w i system\u00f3w Solpack24 Karol Skoczy\u0144ski. Dlatego zanim rozpoczniesz korzystanie z naszych stron , prosimy Ci\u0119 o zapoznanie z <br \/>poni\u017cszymi informacjami. Jednocze\u015bnie zapewniamy, \u017ce nale\u017cycie dbamy o Twoj\u0105 prywatno\u015b\u0107 i w \u017caden spos\u00f3b nie <br \/>zwi\u0119kszamy naszych uprawnie\u0144. Twoje dane osobowe s\u0105 u nas bezpieczne, a zgod\u0119 na ich zbieranie i przetwarzanie <br \/>mo\u017cesz wycofa\u0107 w ka\u017cdej chwili, zgodnie z postanowieniami poni\u017cszej \u201dInformacji o ochronie danych osobowych\u201d. <br \/>Informacja o ochronie danych osobowych<\/p><p>Firma\u00a0<span style=\"font-family: Poppins, sans-serif; font-size: 16px; font-style: normal; font-weight: 400;\">Solpack24 Karol Skoczy\u0144ski<\/span>\u00a0ul.Gniewk\u00f3wiec 26A 88-180 Z\u0142otniki Kujawskie jako administrator danych <br \/>osobowych, gromadzi Pa\u0144stwa dane osobowe uzyskane podczas korespondencji e-mailowych oraz uzyskanych po <br \/>kontakcie telefonicznym: <br \/>\u2022 imi\u0119 (imiona) i nazwisko, adres e &#8211; mail, adres do kontaktu, firma reprezentowanego podmiotu, numer <br \/>telefonu, stanowisko, <br \/>\u2022 w przypadku przedsi\u0119biorc\u00f3w przetwarzamy dodatkowo: NIP, REGON, adres siedziby, numer rachunku <br \/>bankowego, <br \/>\u2022 \u015bwiadczenia dla Pa\u0144stwa oferowanych przez nas us\u0142ug, w tym w szczeg\u00f3lno\u015bci wysy\u0142ki zam\u00f3wionych <br \/>towar\u00f3w i realizacji p\u0142atno\u015bci, obs\u0142ugi reklamacji, <br \/>\u2022 realizacji obowi\u0105zk\u00f3w firmy Solpack24 przewidzianych prawem, w tym w szczeg\u00f3lno\u015bci wystawiania i <br \/>przechowywania faktur oraz dokument\u00f3w ksi\u0119gowych, oraz dla cel\u00f3w archiwizacyjnych <br \/>\u2022 ochrony praw firmy Solpack24 zgodnie z przepisami prawa, w tym w szczeg\u00f3lno\u015bci dochodzenia <br \/>zaleg\u0142ych p\u0142atno\u015bci w ramach proces\u00f3w windykacyjnych i proces\u00f3w s\u0105dowych, <br \/>\u2022 przeprowadzania dzia\u0142a\u0144 marketingowych oraz przesy\u0142ania informacji handlowych w przypadku wyra\u017cenia <br \/>przez Pa\u0144stwa osobnych zg\u00f3d. <br \/>\u2022 Maj\u0105 Panstwo prawo do :<\/p><p>1.Organom nadzoruj\u0105cym, organom w\u0142adzy i innym osobom trzecim; w przypadku gdy jest to niezb\u0119dne dla realizacji <br \/>cel\u00f3w wskazanych powy\u017cej oraz wype\u0142nienia obowi\u0105zk\u00f3w na\u0142o\u017conych prawem, dane osobowe mog\u0105 by\u0107 <br \/>przekazywane organom nadzoruj\u0105cym, s\u0105dom i innym organom w\u0142adzy (np. organom podatkowym i organom <br \/>\u015bcigania), niezale\u017cnym doradcom zewn\u0119trznym (np. audytorom) lub podmiotom udzielaj\u0105cym \u015bwiadcze\u0144. Firma <br \/><span style=\"font-family: Poppins, sans-serif; font-size: 16px; font-style: normal; font-weight: 400;\">Solpack24 Karol Skoczy\u0144ski<\/span>\u00a0zobowi\u0105zuje si\u0119 stosowa\u0107 odpowiednie \u015brodki bezpiecze\u0144stwa, zar\u00f3wno <br \/>techniczne jak i organizacyjne, aby chroni\u0107 Pa\u0144stwa dane osobowe. Dane osobowe b\u0119d\u0105 przechowywane przez firm\u0119 <br \/><span style=\"font-family: Poppins, sans-serif; font-size: 16px; font-style: normal; font-weight: 400;\">Solpack24 Karol Skoczy\u0144ski<\/span>\u00a0wy\u0142\u0105cznie przez czas niezb\u0119dny do osi\u0105gni\u0119cia cel\u00f3w, dla kt\u00f3rych dane te s\u0105 <br \/>gromadzone, wykonania obowi\u0105zk\u00f3w wynikaj\u0105cych z przepis\u00f3w prawa, maksymalnie przez okres zabezpieczenia <br \/>materia\u0142\u00f3w niezb\u0119dnych dla post\u0119powa\u0144 prawnych (w tym podatkowych) oraz do czasu ewentualnego <br \/>przedawnienia roszcze\u0144 Pa\u0144stwa i firmy. Przys\u0142uguj\u0105 Pa\u0144stwu prawa w zakresie ochrony danych osobowych. Zgodnie <br \/>z obowi\u0105zuj\u0105cym prawem o ochronie danych, jeste\u015bcie Pa\u0144stwo uprawnieni do wniesienia skargi do w\u0142a\u015bciwego <br \/>organu nadzorczego (tj. do Prezesa Urz\u0119du Ochrony Danych Osobowych lub organu b\u0119d\u0105cego jego <br \/>nast\u0119pc\u0105).Ponadto, macie Pa\u0144stwo prawo do:<span style=\"font-size: 16px; color: var(--ast-global-color-3);\">\u00a0<\/span><\/p><p>1. \u017b\u0105dania dost\u0119pu do danych osobowych: osoba, kt\u00f3rej dane dotycz\u0105, jest uprawniona do uzyskania od firmy <br \/><span style=\"font-family: Poppins, sans-serif; font-size: 16px; font-style: normal; font-weight: 400;\">Solpack24 Karol Skoczy\u0144ski<\/span>\u00a0potwierdzenia, czy przetwarzane s\u0105 dane osobowe jej dotycz\u0105ce, a je\u015bli ma to <br \/>miejsce, jest uprawniona do uzyskania dost\u0119pu do nich. Firma\u00a0<span style=\"font-family: Poppins, sans-serif; font-size: 16px; font-style: normal; font-weight: 400;\">Solpack24 Karol Skoczy\u0144ski<\/span>\u00a0dostarczy <br \/>Pa\u0144stwu na \u017c\u0105danie kopi\u0119 Pa\u0144stwa Danych osobowych podlegaj\u0105cych przetwarzaniu, <br \/>2. Sprostowania danych osobowych: maj\u0105 Pa\u0144stwo prawo do sprostowania danych osobowych, kt\u00f3re Pa\u0144stwa <br \/>dotycz\u0105, a kt\u00f3re s\u0105 nieprawid\u0142owe. Z uwzgl\u0119dnieniem cel\u00f3w przetwarzania, maj\u0105 Pa\u0144stwo prawo \u017c\u0105dania <br \/>uzupe\u0142nienia niekompletnych danych osobowych, w tym poprzez przedstawienie dodatkowego o\u015bwiadczenia, <br \/>3. Usuni\u0119cia danych osobowych (&#8222;prawo do bycia zapomnianym&#8221;): maj\u0105 Pa\u0144stwo prawo \u017c\u0105dania, o ile zachodz\u0105 <br \/>okoliczno\u015bci przewidziane prawem, niezw\u0142ocznego usuni\u0119cia dotycz\u0105cych Pa\u0144stwa danych osobowych, a firma <br \/><span style=\"font-family: Poppins, sans-serif; font-size: 16px; font-style: normal; font-weight: 400;\">Solpack24 Karol Skoczy\u0144ski<\/span>\u00a0ma obowi\u0105zek bez zb\u0119dnej zw\u0142oki usun\u0105\u0107 takie dane osobowe, <br \/>4. Ograniczenia przetwarzania Pa\u0144stwa danych osobowych: w takim przypadku, firma\u00a0<span style=\"font-family: Poppins, sans-serif; font-size: 16px; font-style: normal; font-weight: 400;\">Solpack24 Karol Skoczy\u0144ski\u00a0<\/span>wska\u017ce na Pa\u0144stwa \u017c\u0105danie takie dane osobowe, a ich przetwarzanie mo\u017ce zosta\u0107 ograniczone tylko i <br \/>wy\u0142\u0105cznie do okre\u015blonych cel\u00f3w, <br \/>5 . Przenoszenia danych osobowych: pod pewnymi warunkami macie Pa\u0144stwo prawo otrzyma\u0107 w <br \/>ustrukturyzowanym, powszechnie u\u017cywanym formacie, nadaj\u0105 ym si\u0119 do odczytu maszynowego dane osobowe <br \/>Pa\u0144stwa dotycz\u0105ce, przetwarzane przez firm\u0119\u00a0<span style=\"font-family: Poppins, sans-serif; font-size: 16px; font-style: normal; font-weight: 400;\">Solpack24 Karol Skoczy\u0144ski<\/span>\u00a0oraz macie Pa\u0144stwo prawo <br \/>przes\u0142a\u0107 te dane osobowe innemu podmiotowi, <br \/>6. sprzeciwu: w pewnych okoliczno\u015bciach maj\u0105 Pa\u0144stwo prawo w dowolnym momencie wnie\u015b\u0107 sprzeciw <br \/>&#8211; z przyczyn zwi\u0105zanych z Pa\u0144stwa szczeg\u00f3ln\u0105 sytuacj\u0105 <br \/>&#8211; wobec przetwarzania dotycz\u0105cych Pa\u0144stwa danych osobowych, a na firmie\u00a0<span style=\"font-family: Poppins, sans-serif; font-size: 16px; font-style: normal; font-weight: 400;\">Solpack24 Karol Skoczy\u0144ski<\/span><br \/>mo\u017ce ci\u0105\u017cy\u0107 obowi\u0105zek zaprzestania przetwarzania takich danych osobowych. W przypadku jakichkolwiek pyta\u0144 <br \/>dotycz\u0105cych danych osobowych lub wykonywania praw w zakresie prywatno\u015bci, prosimy o kontakt z firm\u0105\u00a0<span style=\"font-family: Poppins, sans-serif; font-size: 16px; font-style: normal; font-weight: 400;\">Solpack24 Karol Skoczy\u0144ski<\/span>\u00a0ul.Gniewkowiec 26A 88-180 Zlotniki Kujawskie lub e-mail:\u00a0KAROL.SKOCZYNSKI@SOLPACK24.PL\u00a0lub <br \/>shop@solpack24.pl Informujemy o mo\u017cliwo\u015bci okresowej aktualizacji niniejszej Informacji zgodnie z obowi\u0105zuj\u0105cym <br \/>prawem (np. je\u015bli wdra\u017camy nowe systemy lub procesy, kt\u00f3re wi\u0105\u017c\u0105 si\u0119 z wykorzystaniem danych osobowych) i w <br \/>takim przypadku b\u0119dziemy odpowiednio informowa\u0107 Pa\u0144stwa o wprowadzanych zmianach<\/p>\t\t\t\t\t<\/div>\n\t\t\t\t\t\t<\/div>\n\t\t\t\t<\/div>\n\t\t\t\t\t\t<\/div>\n\t\t\t\t\t<\/div>\n\t\t<\/div>\n\t\t\t\t\t\t\t\t<\/div>\n\t\t\t\t\t<\/div>\n\t\t<\/section>\n\t\t\t\t\t\t\t\t\t<\/div>\n\t\t\t<\/div>\n\t\t\t\t\t<\/div>","protected":false},"excerpt":{"rendered":"<p>Polityka Prywatno\u015bci Od dnia 25 maja 2018 r. zacznie obowi\u0105zywa\u0107 Rozporz\u0105dzenie Parlamentu Europejskiego i Rady (UE) w sprawie ochrony os\u00f3b fizycznych w zwi\u0105zku z przetwarzaniem danych osobowych i w sprawie swobodnego przep\u0142ywu takich danych, okre\u015blane jako RODO. W zwi\u0105zku z tym, chcemy poinformowa\u0107 Ci\u0119 o zasadach przetwarzania w firmie &#8222;Solpack24 Karol Skoczy\u0144ski&#8221; Twoich danych osobowych [&hellip;]<\/p>","protected":false},"author":1,"featured_media":0,"parent":0,"menu_order":0,"comment_status":"closed","ping_status":"closed","template":"","meta":{"site-sidebar-layout":"no-sidebar","site-content-layout":"page-builder","ast-site-content-layout":"","site-content-style":"default","site-sidebar-style":"default","ast-global-header-display":"","ast-banner-title-visibility":"","ast-main-header-display":"","ast-hfb-above-header-display":"","ast-hfb-below-header-display":"","ast-hfb-mobile-header-display":"","site-post-title":"disabled","ast-breadcrumbs-content":"","ast-featured-img":"disabled","footer-sml-layout":"","theme-transparent-header-meta":"","adv-header-id-meta":"","stick-header-meta":"","header-above-stick-meta":"","header-main-stick-meta":"","header-below-stick-meta":"","astra-migrate-meta-layouts":"default","ast-page-background-enabled":"default","ast-page-background-meta":{"desktop":{"background-color":"","background-image":"","background-repeat":"repeat","background-position":"center center","background-size":"auto","background-attachment":"scroll","background-type":"","background-media":"","overlay-type":"","overlay-color":"","overlay-opacity":"","overlay-gradient":""},"tablet":{"background-color":"","background-image":"","background-repeat":"repeat","background-position":"center center","background-size":"auto","background-attachment":"scroll","background-type":"","background-media":"","overlay-type":"","overlay-color":"","overlay-opacity":"","overlay-gradient":""},"mobile":{"background-color":"","background-image":"","background-repeat":"repeat","background-position":"center center","background-size":"auto","background-attachment":"scroll","background-type":"","background-media":"","overlay-type":"","overlay-color":"","overlay-opacity":"","overlay-gradient":""}},"ast-content-background-meta":{"desktop":{"background-color":"var(--ast-global-color-5)","background-image":"","background-repeat":"repeat","background-position":"center center","background-size":"auto","background-attachment":"scroll","background-type":"","background-media":"","overlay-type":"","overlay-color":"","overlay-opacity":"","overlay-gradient":""},"tablet":{"background-color":"var(--ast-global-color-5)","background-image":"","background-repeat":"repeat","background-position":"center center","background-size":"auto","background-attachment":"scroll","background-type":"","background-media":"","overlay-type":"","overlay-color":"","overlay-opacity":"","overlay-gradient":""},"mobile":{"background-color":"var(--ast-global-color-5)","background-image":"","background-repeat":"repeat","background-position":"center center","background-size":"auto","background-attachment":"scroll","background-type":"","background-media":"","overlay-type":"","overlay-color":"","overlay-opacity":"","overlay-gradient":""}}},"yoast_head":"<!-- This site is optimized with the Yoast SEO plugin v20.8 - https:\/\/yoast.com\/wordpress\/plugins\/seo\/ -->\n<title>Polityka Prywatno\u015bci - Solpack24<\/title>\n<meta name=\"robots\" content=\"index, follow, max-snippet:-1, max-image-preview:large, max-video-preview:-1\" \/>\n<link rel=\"canonical\" href=\"https:\/\/solpack24.pl\/en\/polityka-prywatnosci\/\" \/>\n<meta property=\"og:locale\" content=\"en_GB\" \/>\n<meta property=\"og:type\" content=\"article\" \/>\n<meta property=\"og:title\" content=\"Polityka Prywatno\u015bci - Solpack24\" \/>\n<meta property=\"og:description\" content=\"Polityka Prywatno\u015bci Od dnia 25 maja 2018 r. zacznie obowi\u0105zywa\u0107 Rozporz\u0105dzenie Parlamentu Europejskiego i Rady (UE) w sprawie ochrony os\u00f3b fizycznych w zwi\u0105zku z przetwarzaniem danych osobowych i w sprawie swobodnego przep\u0142ywu takich danych, okre\u015blane jako RODO. W zwi\u0105zku z tym, chcemy poinformowa\u0107 Ci\u0119 o zasadach przetwarzania w firmie &#8222;Solpack24 Karol Skoczy\u0144ski&#8221; Twoich danych osobowych [&hellip;]\" \/>\n<meta property=\"og:url\" content=\"https:\/\/solpack24.pl\/en\/polityka-prywatnosci\/\" \/>\n<meta property=\"og:site_name\" content=\"Solpack24\" \/>\n<meta property=\"article:publisher\" content=\"https:\/\/web.facebook.com\/solpack24\/\" \/>\n<meta property=\"article:modified_time\" content=\"2022-04-25T17:50:40+00:00\" \/>\n<meta name=\"twitter:card\" content=\"summary_large_image\" \/>\n<meta name=\"twitter:label1\" content=\"Estimated reading time\" \/>\n\t<meta name=\"twitter:data1\" content=\"4 minutes\" \/>\n<script type=\"application\/ld+json\" class=\"yoast-schema-graph\">{\"@context\":\"https:\/\/schema.org\",\"@graph\":[{\"@type\":\"WebPage\",\"@id\":\"https:\/\/solpack24.pl\/polityka-prywatnosci\/\",\"url\":\"https:\/\/solpack24.pl\/polityka-prywatnosci\/\",\"name\":\"Polityka Prywatno\u015bci - Solpack24\",\"isPartOf\":{\"@id\":\"https:\/\/solpack24.pl\/#website\"},\"datePublished\":\"2022-04-25T02:28:14+00:00\",\"dateModified\":\"2022-04-25T17:50:40+00:00\",\"breadcrumb\":{\"@id\":\"https:\/\/solpack24.pl\/polityka-prywatnosci\/#breadcrumb\"},\"inLanguage\":\"en-GB\",\"potentialAction\":[{\"@type\":\"ReadAction\",\"target\":[\"https:\/\/solpack24.pl\/polityka-prywatnosci\/\"]}]},{\"@type\":\"BreadcrumbList\",\"@id\":\"https:\/\/solpack24.pl\/polityka-prywatnosci\/#breadcrumb\",\"itemListElement\":[{\"@type\":\"ListItem\",\"position\":1,\"name\":\"Strona g\u0142\u00f3wna\",\"item\":\"https:\/\/solpack24.pl\/\"},{\"@type\":\"ListItem\",\"position\":2,\"name\":\"Polityka Prywatno\u015bci\"}]},{\"@type\":\"WebSite\",\"@id\":\"https:\/\/solpack24.pl\/#website\",\"url\":\"https:\/\/solpack24.pl\/\",\"name\":\"solpack24.pl\",\"description\":\"\",\"publisher\":{\"@id\":\"https:\/\/solpack24.pl\/#organization\"},\"potentialAction\":[{\"@type\":\"SearchAction\",\"target\":{\"@type\":\"EntryPoint\",\"urlTemplate\":\"https:\/\/solpack24.pl\/?s={search_term_string}\"},\"query-input\":\"required name=search_term_string\"}],\"inLanguage\":\"en-GB\"},{\"@type\":\"Organization\",\"@id\":\"https:\/\/solpack24.pl\/#organization\",\"name\":\"SOLPACK24\",\"url\":\"https:\/\/solpack24.pl\/\",\"logo\":{\"@type\":\"ImageObject\",\"inLanguage\":\"en-GB\",\"@id\":\"https:\/\/solpack24.pl\/#\/schema\/logo\/image\/\",\"url\":\"https:\/\/solpack24.pl\/wp-content\/uploads\/2018\/04\/projekt-sprzeda\u017c-detal-hurt-2-scaled.jpg\",\"contentUrl\":\"https:\/\/solpack24.pl\/wp-content\/uploads\/2018\/04\/projekt-sprzeda\u017c-detal-hurt-2-scaled.jpg\",\"width\":2560,\"height\":1109,\"caption\":\"SOLPACK24\"},\"image\":{\"@id\":\"https:\/\/solpack24.pl\/#\/schema\/logo\/image\/\"},\"sameAs\":[\"https:\/\/web.facebook.com\/solpack24\/\"]}]}<\/script>\n<!-- \/ Yoast SEO plugin. -->","yoast_head_json":{"title":"Polityka Prywatno\u015bci - Solpack24","robots":{"index":"index","follow":"follow","max-snippet":"max-snippet:-1","max-image-preview":"max-image-preview:large","max-video-preview":"max-video-preview:-1"},"canonical":"https:\/\/solpack24.pl\/en\/polityka-prywatnosci\/","og_locale":"en_GB","og_type":"article","og_title":"Polityka Prywatno\u015bci - Solpack24","og_description":"Polityka Prywatno\u015bci Od dnia 25 maja 2018 r. zacznie obowi\u0105zywa\u0107 Rozporz\u0105dzenie Parlamentu Europejskiego i Rady (UE) w sprawie ochrony os\u00f3b fizycznych w zwi\u0105zku z przetwarzaniem danych osobowych i w sprawie swobodnego przep\u0142ywu takich danych, okre\u015blane jako RODO. W zwi\u0105zku z tym, chcemy poinformowa\u0107 Ci\u0119 o zasadach przetwarzania w firmie &#8222;Solpack24 Karol Skoczy\u0144ski&#8221; Twoich danych osobowych [&hellip;]","og_url":"https:\/\/solpack24.pl\/en\/polityka-prywatnosci\/","og_site_name":"Solpack24","article_publisher":"https:\/\/web.facebook.com\/solpack24\/","article_modified_time":"2022-04-25T17:50:40+00:00","twitter_card":"summary_large_image","twitter_misc":{"Estimated reading time":"4 minutes"},"schema":{"@context":"https:\/\/schema.org","@graph":[{"@type":"WebPage","@id":"https:\/\/solpack24.pl\/polityka-prywatnosci\/","url":"https:\/\/solpack24.pl\/polityka-prywatnosci\/","name":"Polityka Prywatno\u015bci - Solpack24","isPartOf":{"@id":"https:\/\/solpack24.pl\/#website"},"datePublished":"2022-04-25T02:28:14+00:00","dateModified":"2022-04-25T17:50:40+00:00","breadcrumb":{"@id":"https:\/\/solpack24.pl\/polityka-prywatnosci\/#breadcrumb"},"inLanguage":"en-GB","potentialAction":[{"@type":"ReadAction","target":["https:\/\/solpack24.pl\/polityka-prywatnosci\/"]}]},{"@type":"BreadcrumbList","@id":"https:\/\/solpack24.pl\/polityka-prywatnosci\/#breadcrumb","itemListElement":[{"@type":"ListItem","position":1,"name":"Strona g\u0142\u00f3wna","item":"https:\/\/solpack24.pl\/"},{"@type":"ListItem","position":2,"name":"Polityka Prywatno\u015bci"}]},{"@type":"WebSite","@id":"https:\/\/solpack24.pl\/#website","url":"https:\/\/solpack24.pl\/","name":"solpack24.pl","description":"","publisher":{"@id":"https:\/\/solpack24.pl\/#organization"},"potentialAction":[{"@type":"SearchAction","target":{"@type":"EntryPoint","urlTemplate":"https:\/\/solpack24.pl\/?s={search_term_string}"},"query-input":"required name=search_term_string"}],"inLanguage":"en-GB"},{"@type":"Organization","@id":"https:\/\/solpack24.pl\/#organization","name":"SOLPACK24","url":"https:\/\/solpack24.pl\/","logo":{"@type":"ImageObject","inLanguage":"en-GB","@id":"https:\/\/solpack24.pl\/#\/schema\/logo\/image\/","url":"https:\/\/solpack24.pl\/wp-content\/uploads\/2018\/04\/projekt-sprzeda\u017c-detal-hurt-2-scaled.jpg","contentUrl":"https:\/\/solpack24.pl\/wp-content\/uploads\/2018\/04\/projekt-sprzeda\u017c-detal-hurt-2-scaled.jpg","width":2560,"height":1109,"caption":"SOLPACK24"},"image":{"@id":"https:\/\/solpack24.pl\/#\/schema\/logo\/image\/"},"sameAs":["https:\/\/web.facebook.com\/solpack24\/"]}]}},"_links":{"self":[{"href":"https:\/\/solpack24.pl\/en\/wp-json\/wp\/v2\/pages\/498380"}],"collection":[{"href":"https:\/\/solpack24.pl\/en\/wp-json\/wp\/v2\/pages"}],"about":[{"href":"https:\/\/solpack24.pl\/en\/wp-json\/wp\/v2\/types\/page"}],"author":[{"embeddable":true,"href":"https:\/\/solpack24.pl\/en\/wp-json\/wp\/v2\/users\/1"}],"replies":[{"embeddable":true,"href":"https:\/\/solpack24.pl\/en\/wp-json\/wp\/v2\/comments?post=498380"}],"version-history":[{"count":16,"href":"https:\/\/solpack24.pl\/en\/wp-json\/wp\/v2\/pages\/498380\/revisions"}],"predecessor-version":[{"id":498437,"href":"https:\/\/solpack24.pl\/en\/wp-json\/wp\/v2\/pages\/498380\/revisions\/498437"}],"wp:attachment":[{"href":"https:\/\/solpack24.pl\/en\/wp-json\/wp\/v2\/media?parent=498380"}],"curies":[{"name":"wp","href":"https:\/\/api.w.org\/{rel}","templated":true}]}}