{"id":103133,"date":"2019-09-29T08:57:12","date_gmt":"2019-09-29T08:57:12","guid":{"rendered":"https:\/\/solpack24.pl\/?post_type=product&#038;p=103133"},"modified":"2022-05-04T17:35:28","modified_gmt":"2022-05-04T17:35:28","slug":"slomki-papierowe-8-mm-100-szt-rozowe-carls-dostawa-w-cenie","status":"publish","type":"product","link":"https:\/\/solpack24.pl\/en\/produkty\/produkty-ekologiczne\/slomki-papierowe\/slomki-papierowe-8-mm-100-szt-rozowe-carls-dostawa-w-cenie\/","title":{"rendered":"S\u0142omki papierowe 8 mm &#8211; 250 szt &#8211; r\u00f3\u017cowe &#8211; CARLS &#8211; DOSTAWA W CENIE!"},"content":{"rendered":"<p>Wysokiej jako\u015bci s\u0142omki papierowe CARLS. Zosta\u0142y wykonane z trzech warstw ekologicznego papieru spe\u0142niaj\u0105ce wymogi unijne.<\/p>\n<p>Zalety s\u0142omek :<\/p>\n<p>wykonane z wysokiej jako\u015bci papieru.<br \/>\nw 100% biodegradowalne i kompostowalne.<br \/>\ns\u0142omki dobrze wp\u0142ywaj\u0105 na \u015brodowisko.<br \/>\nParametry techniczne:<\/p>\n<ul>\n<li>d\u0142ugo\u015b\u0107 220 mm<\/li>\n<li>\u015brednica rurki: 8 mm<\/li>\n<li>opakowanie jednostkowe: 250 sztuk<\/li>\n<li>kolor r\u00f3\u017cowe.<\/li>\n<\/ul>\n<p>Dostawa wliczona w cen\u0119.<br \/>\nCzas realizacji 1-3 dni robocze.<\/p>\n<p>W przypadku zainteresowania wi\u0119ksz\u0105 ilo\u015bci\u0105, prosimy o wiadomo\u015b\u0107 e-mailow\u0105 lub telefoniczn\u0105.<\/p>","protected":false},"excerpt":{"rendered":"<p>S\u0142omki papierowe Carls<\/p>","protected":false},"featured_media":492704,"comment_status":"open","ping_status":"closed","template":"","meta":{"site-sidebar-layout":"default","site-content-layout":"default","ast-site-content-layout":"","site-content-style":"default","site-sidebar-style":"default","ast-global-header-display":"","ast-banner-title-visibility":"","ast-main-header-display":"","ast-hfb-above-header-display":"","ast-hfb-below-header-display":"","ast-hfb-mobile-header-display":"","site-post-title":"","ast-breadcrumbs-content":"","ast-featured-img":"","footer-sml-layout":"","theme-transparent-header-meta":"default","adv-header-id-meta":"","stick-header-meta":"","header-above-stick-meta":"","header-main-stick-meta":"","header-below-stick-meta":"","astra-migrate-meta-layouts":"default","ast-page-background-enabled":"default","ast-page-background-meta":{"desktop":{"background-color":"","background-image":"","background-repeat":"repeat","background-position":"center center","background-size":"auto","background-attachment":"scroll","background-type":"","background-media":"","overlay-type":"","overlay-color":"","overlay-opacity":"","overlay-gradient":""},"tablet":{"background-color":"","background-image":"","background-repeat":"repeat","background-position":"center center","background-size":"auto","background-attachment":"scroll","background-type":"","background-media":"","overlay-type":"","overlay-color":"","overlay-opacity":"","overlay-gradient":""},"mobile":{"background-color":"","background-image":"","background-repeat":"repeat","background-position":"center center","background-size":"auto","background-attachment":"scroll","background-type":"","background-media":"","overlay-type":"","overlay-color":"","overlay-opacity":"","overlay-gradient":""}},"ast-content-background-meta":{"desktop":{"background-color":"var(--ast-global-color-5)","background-image":"","background-repeat":"repeat","background-position":"center center","background-size":"auto","background-attachment":"scroll","background-type":"","background-media":"","overlay-type":"","overlay-color":"","overlay-opacity":"","overlay-gradient":""},"tablet":{"background-color":"var(--ast-global-color-5)","background-image":"","background-repeat":"repeat","background-position":"center center","background-size":"auto","background-attachment":"scroll","background-type":"","background-media":"","overlay-type":"","overlay-color":"","overlay-opacity":"","overlay-gradient":""},"mobile":{"background-color":"var(--ast-global-color-5)","background-image":"","background-repeat":"repeat","background-position":"center center","background-size":"auto","background-attachment":"scroll","background-type":"","background-media":"","overlay-type":"","overlay-color":"","overlay-opacity":"","overlay-gradient":""}}},"product_cat":[369,370],"product_tag":[],"yoast_head":"<!-- This site is optimized with the Yoast SEO plugin v20.8 - https:\/\/yoast.com\/wordpress\/plugins\/seo\/ -->\n<title>S\u0142omki papierowe 8 mm - 250 szt - r\u00f3\u017cowe - CARLS - DOSTAWA W CENIE! - Solpack24<\/title>\n<meta name=\"robots\" content=\"index, follow, max-snippet:-1, max-image-preview:large, max-video-preview:-1\" \/>\n<link rel=\"canonical\" href=\"https:\/\/solpack24.pl\/en\/produkty\/produkty-ekologiczne\/slomki-papierowe\/slomki-papierowe-8-mm-100-szt-rozowe-carls-dostawa-w-cenie\/\" \/>\n<meta property=\"og:locale\" content=\"en_GB\" \/>\n<meta property=\"og:type\" content=\"article\" \/>\n<meta property=\"og:title\" content=\"S\u0142omki papierowe 8 mm - 250 szt - r\u00f3\u017cowe - CARLS - DOSTAWA W CENIE! - Solpack24\" \/>\n<meta property=\"og:description\" content=\"S\u0142omki papierowe Carls\" \/>\n<meta property=\"og:url\" content=\"https:\/\/solpack24.pl\/en\/produkty\/produkty-ekologiczne\/slomki-papierowe\/slomki-papierowe-8-mm-100-szt-rozowe-carls-dostawa-w-cenie\/\" \/>\n<meta property=\"og:site_name\" content=\"Solpack24\" \/>\n<meta property=\"article:publisher\" content=\"https:\/\/web.facebook.com\/solpack24\/\" \/>\n<meta property=\"article:modified_time\" content=\"2022-05-04T17:35:28+00:00\" \/>\n<meta property=\"og:image\" content=\"https:\/\/solpack24.pl\/wp-content\/uploads\/2019\/09\/image-20-01-20-01-00-2-scaled.jpeg\" \/>\n\t<meta property=\"og:image:width\" content=\"1237\" \/>\n\t<meta property=\"og:image:height\" content=\"2560\" \/>\n\t<meta property=\"og:image:type\" content=\"image\/jpeg\" \/>\n<meta name=\"twitter:card\" content=\"summary_large_image\" \/>\n<script type=\"application\/ld+json\" class=\"yoast-schema-graph\">{\"@context\":\"https:\/\/schema.org\",\"@graph\":[{\"@type\":\"WebPage\",\"@id\":\"https:\/\/solpack24.pl\/en\/produkty\/produkty-ekologiczne\/slomki-papierowe\/slomki-papierowe-8-mm-100-szt-rozowe-carls-dostawa-w-cenie\/\",\"url\":\"https:\/\/solpack24.pl\/en\/produkty\/produkty-ekologiczne\/slomki-papierowe\/slomki-papierowe-8-mm-100-szt-rozowe-carls-dostawa-w-cenie\/\",\"name\":\"S\u0142omki papierowe 8 mm - 250 szt - r\u00f3\u017cowe - CARLS - DOSTAWA W CENIE! - Solpack24\",\"isPartOf\":{\"@id\":\"https:\/\/solpack24.pl\/#website\"},\"datePublished\":\"2019-09-29T08:57:12+00:00\",\"dateModified\":\"2022-05-04T17:35:28+00:00\",\"breadcrumb\":{\"@id\":\"https:\/\/solpack24.pl\/en\/produkty\/produkty-ekologiczne\/slomki-papierowe\/slomki-papierowe-8-mm-100-szt-rozowe-carls-dostawa-w-cenie\/#breadcrumb\"},\"inLanguage\":\"en-GB\",\"potentialAction\":[{\"@type\":\"ReadAction\",\"target\":[\"https:\/\/solpack24.pl\/en\/produkty\/produkty-ekologiczne\/slomki-papierowe\/slomki-papierowe-8-mm-100-szt-rozowe-carls-dostawa-w-cenie\/\"]}]},{\"@type\":\"BreadcrumbList\",\"@id\":\"https:\/\/solpack24.pl\/en\/produkty\/produkty-ekologiczne\/slomki-papierowe\/slomki-papierowe-8-mm-100-szt-rozowe-carls-dostawa-w-cenie\/#breadcrumb\",\"itemListElement\":[{\"@type\":\"ListItem\",\"position\":1,\"name\":\"Strona g\u0142\u00f3wna\",\"item\":\"https:\/\/solpack24.pl\/\"},{\"@type\":\"ListItem\",\"position\":2,\"name\":\"SKLEP\",\"item\":\"https:\/\/solpack24.pl\/dystrybucja-produktow-solnych-oraz-chemicznych\/\"},{\"@type\":\"ListItem\",\"position\":3,\"name\":\"S\u0142omki papierowe 8 mm &#8211; 250 szt &#8211; r\u00f3\u017cowe &#8211; CARLS &#8211; DOSTAWA W CENIE!\"}]},{\"@type\":\"WebSite\",\"@id\":\"https:\/\/solpack24.pl\/#website\",\"url\":\"https:\/\/solpack24.pl\/\",\"name\":\"solpack24.pl\",\"description\":\"\",\"publisher\":{\"@id\":\"https:\/\/solpack24.pl\/#organization\"},\"potentialAction\":[{\"@type\":\"SearchAction\",\"target\":{\"@type\":\"EntryPoint\",\"urlTemplate\":\"https:\/\/solpack24.pl\/?s={search_term_string}\"},\"query-input\":\"required name=search_term_string\"}],\"inLanguage\":\"en-GB\"},{\"@type\":\"Organization\",\"@id\":\"https:\/\/solpack24.pl\/#organization\",\"name\":\"SOLPACK24\",\"url\":\"https:\/\/solpack24.pl\/\",\"logo\":{\"@type\":\"ImageObject\",\"inLanguage\":\"en-GB\",\"@id\":\"https:\/\/solpack24.pl\/#\/schema\/logo\/image\/\",\"url\":\"https:\/\/solpack24.pl\/wp-content\/uploads\/2018\/04\/projekt-sprzeda\u017c-detal-hurt-2-scaled.jpg\",\"contentUrl\":\"https:\/\/solpack24.pl\/wp-content\/uploads\/2018\/04\/projekt-sprzeda\u017c-detal-hurt-2-scaled.jpg\",\"width\":2560,\"height\":1109,\"caption\":\"SOLPACK24\"},\"image\":{\"@id\":\"https:\/\/solpack24.pl\/#\/schema\/logo\/image\/\"},\"sameAs\":[\"https:\/\/web.facebook.com\/solpack24\/\"]}]}<\/script>\n<!-- \/ Yoast SEO plugin. -->","yoast_head_json":{"title":"S\u0142omki papierowe 8 mm - 250 szt - r\u00f3\u017cowe - CARLS - DOSTAWA W CENIE! - Solpack24","robots":{"index":"index","follow":"follow","max-snippet":"max-snippet:-1","max-image-preview":"max-image-preview:large","max-video-preview":"max-video-preview:-1"},"canonical":"https:\/\/solpack24.pl\/en\/produkty\/produkty-ekologiczne\/slomki-papierowe\/slomki-papierowe-8-mm-100-szt-rozowe-carls-dostawa-w-cenie\/","og_locale":"en_GB","og_type":"article","og_title":"S\u0142omki papierowe 8 mm - 250 szt - r\u00f3\u017cowe - CARLS - DOSTAWA W CENIE! - Solpack24","og_description":"S\u0142omki papierowe Carls","og_url":"https:\/\/solpack24.pl\/en\/produkty\/produkty-ekologiczne\/slomki-papierowe\/slomki-papierowe-8-mm-100-szt-rozowe-carls-dostawa-w-cenie\/","og_site_name":"Solpack24","article_publisher":"https:\/\/web.facebook.com\/solpack24\/","article_modified_time":"2022-05-04T17:35:28+00:00","og_image":[{"width":1237,"height":2560,"url":"https:\/\/solpack24.pl\/wp-content\/uploads\/2019\/09\/image-20-01-20-01-00-2-scaled.jpeg","type":"image\/jpeg"}],"twitter_card":"summary_large_image","schema":{"@context":"https:\/\/schema.org","@graph":[{"@type":"WebPage","@id":"https:\/\/solpack24.pl\/en\/produkty\/produkty-ekologiczne\/slomki-papierowe\/slomki-papierowe-8-mm-100-szt-rozowe-carls-dostawa-w-cenie\/","url":"https:\/\/solpack24.pl\/en\/produkty\/produkty-ekologiczne\/slomki-papierowe\/slomki-papierowe-8-mm-100-szt-rozowe-carls-dostawa-w-cenie\/","name":"S\u0142omki papierowe 8 mm - 250 szt - r\u00f3\u017cowe - CARLS - DOSTAWA W CENIE! - Solpack24","isPartOf":{"@id":"https:\/\/solpack24.pl\/#website"},"datePublished":"2019-09-29T08:57:12+00:00","dateModified":"2022-05-04T17:35:28+00:00","breadcrumb":{"@id":"https:\/\/solpack24.pl\/en\/produkty\/produkty-ekologiczne\/slomki-papierowe\/slomki-papierowe-8-mm-100-szt-rozowe-carls-dostawa-w-cenie\/#breadcrumb"},"inLanguage":"en-GB","potentialAction":[{"@type":"ReadAction","target":["https:\/\/solpack24.pl\/en\/produkty\/produkty-ekologiczne\/slomki-papierowe\/slomki-papierowe-8-mm-100-szt-rozowe-carls-dostawa-w-cenie\/"]}]},{"@type":"BreadcrumbList","@id":"https:\/\/solpack24.pl\/en\/produkty\/produkty-ekologiczne\/slomki-papierowe\/slomki-papierowe-8-mm-100-szt-rozowe-carls-dostawa-w-cenie\/#breadcrumb","itemListElement":[{"@type":"ListItem","position":1,"name":"Strona g\u0142\u00f3wna","item":"https:\/\/solpack24.pl\/"},{"@type":"ListItem","position":2,"name":"SKLEP","item":"https:\/\/solpack24.pl\/dystrybucja-produktow-solnych-oraz-chemicznych\/"},{"@type":"ListItem","position":3,"name":"S\u0142omki papierowe 8 mm &#8211; 250 szt &#8211; r\u00f3\u017cowe &#8211; CARLS &#8211; DOSTAWA W CENIE!"}]},{"@type":"WebSite","@id":"https:\/\/solpack24.pl\/#website","url":"https:\/\/solpack24.pl\/","name":"solpack24.pl","description":"","publisher":{"@id":"https:\/\/solpack24.pl\/#organization"},"potentialAction":[{"@type":"SearchAction","target":{"@type":"EntryPoint","urlTemplate":"https:\/\/solpack24.pl\/?s={search_term_string}"},"query-input":"required name=search_term_string"}],"inLanguage":"en-GB"},{"@type":"Organization","@id":"https:\/\/solpack24.pl\/#organization","name":"SOLPACK24","url":"https:\/\/solpack24.pl\/","logo":{"@type":"ImageObject","inLanguage":"en-GB","@id":"https:\/\/solpack24.pl\/#\/schema\/logo\/image\/","url":"https:\/\/solpack24.pl\/wp-content\/uploads\/2018\/04\/projekt-sprzeda\u017c-detal-hurt-2-scaled.jpg","contentUrl":"https:\/\/solpack24.pl\/wp-content\/uploads\/2018\/04\/projekt-sprzeda\u017c-detal-hurt-2-scaled.jpg","width":2560,"height":1109,"caption":"SOLPACK24"},"image":{"@id":"https:\/\/solpack24.pl\/#\/schema\/logo\/image\/"},"sameAs":["https:\/\/web.facebook.com\/solpack24\/"]}]}},"_links":{"self":[{"href":"https:\/\/solpack24.pl\/en\/wp-json\/wp\/v2\/product\/103133"}],"collection":[{"href":"https:\/\/solpack24.pl\/en\/wp-json\/wp\/v2\/product"}],"about":[{"href":"https:\/\/solpack24.pl\/en\/wp-json\/wp\/v2\/types\/product"}],"replies":[{"embeddable":true,"href":"https:\/\/solpack24.pl\/en\/wp-json\/wp\/v2\/comments?post=103133"}],"wp:featuredmedia":[{"embeddable":true,"href":"https:\/\/solpack24.pl\/en\/wp-json\/wp\/v2\/media\/492704"}],"wp:attachment":[{"href":"https:\/\/solpack24.pl\/en\/wp-json\/wp\/v2\/media?parent=103133"}],"wp:term":[{"taxonomy":"product_cat","embeddable":true,"href":"https:\/\/solpack24.pl\/en\/wp-json\/wp\/v2\/product_cat?post=103133"},{"taxonomy":"product_tag","embeddable":true,"href":"https:\/\/solpack24.pl\/en\/wp-json\/wp\/v2\/product_tag?post=103133"}],"curies":[{"name":"wp","href":"https:\/\/api.w.org\/{rel}","templated":true}]}}