{"id":150,"date":"2017-08-29T19:32:26","date_gmt":"2017-08-29T19:32:26","guid":{"rendered":"https:\/\/solpack24.pl\/?post_type=product&#038;p=150"},"modified":"2026-04-21T07:53:19","modified_gmt":"2026-04-21T07:53:19","slug":"witamina-ckwas-l-askorbinowy-e300","status":"publish","type":"product","link":"https:\/\/solpack24.pl\/en\/produkty\/produkty-spozywcze\/kwas-l-askorbinowy\/witamina-ckwas-l-askorbinowy-e300\/","title":{"rendered":"Witamina C Kwas L-askorbionowy E300 25kg"},"content":{"rendered":"<p><span class=\"ff2 cf0 fs22\"><b><span style=\"vertical-align: inherit;\"><span style=\"vertical-align: inherit;\"><span style=\"vertical-align: inherit;\">Witamina C<\/span><\/span><\/span><\/b><span style=\"vertical-align: inherit;\"><span style=\"vertical-align: inherit;\"><span style=\"vertical-align: inherit;\"> &#8211; zwana te\u017c kwasem askrobinowym jest pochodn\u0105 glukozy. <\/span><span style=\"vertical-align: inherit;\">To witamina rozpuszczalna w wodzie, nietrwa\u0142a &#8211; wra\u017cliwa na dzia\u0142anie i temperatury wysokie. <\/span><span style=\"vertical-align: inherit;\">Witamina Cry\u015bna wsp\u00f3\u0142dzia\u0142anie w funkcjonowaniu. <\/span><span style=\"vertical-align: inherit;\">W warunkach warunkowych jest bia\u0142y, krystaliczny cia\u0142em pomocnym. <\/span><span style=\"vertical-align: inherit;\">Dobrze rozpuszcza si\u0119 w wodzie, ma odczyn kwasowy.<\/span><\/span><\/span><\/span><\/p>\n<p><strong><span style=\"vertical-align: inherit;\"><span style=\"vertical-align: inherit;\"><span style=\"vertical-align: inherit;\"><span style=\"vertical-align: inherit;\">WITAMINA C 25 kg<\/span><\/span><\/span><\/span><\/strong><\/p>\n<p lang=\"pl-PL\"><span style=\"vertical-align: inherit;\"><span style=\"vertical-align: inherit;\"><span style=\"vertical-align: inherit;\"><span style=\"vertical-align: inherit;\">25 kg \/ 1 karton: 922,50 z\u0142 brutto<\/span><\/span><\/span><\/span><\/p>\n<p lang=\"pl-PL\"><span style=\"vertical-align: inherit;\"><span style=\"vertical-align: inherit;\"><span style=\"vertical-align: inherit;\"><span style=\"vertical-align: inherit;\">Czas realizacji: 1-3 dni robocze<\/span><\/span><\/span><\/span><\/p>\n<p lang=\"pl-PL\"><span style=\"vertical-align: inherit;\"><span style=\"vertical-align: inherit;\"><span style=\"vertical-align: inherit;\"><span style=\"vertical-align: inherit;\">P\u0142atno\u015b\u0107: Szybka p\u0142atno\u015b\u0107 lub p\u0142atno\u015b\u0107 terminowa po wcze\u015bniejszym uzgodnieniu.<\/span><\/span><\/span><\/span><\/p>\n<p><strong><span style=\"vertical-align: inherit;\"><span style=\"vertical-align: inherit;\">Og\u00f3lne informacje:<\/span><\/span><\/strong><\/p>\n<ul>\n<li><span style=\"vertical-align: inherit;\"><span style=\"vertical-align: inherit;\">Numer WE: 200-066-2<\/span><\/span><\/li>\n<li><span style=\"vertical-align: inherit;\"><span style=\"vertical-align: inherit;\">Numer CAS: 50-81-7<\/span><\/span><\/li>\n<li><span style=\"vertical-align: inherit;\"><span style=\"vertical-align: inherit;\">Gatunek: CZDA (czysty do analizy)<\/span><\/span><\/li>\n<li><span style=\"vertical-align: inherit;\"><span style=\"vertical-align: inherit;\">Dystrybutor: Stanlab<\/span><\/span><\/li>\n<li><span style=\"vertical-align: inherit;\"><span style=\"vertical-align: inherit;\">Posta\u0107: krystaliczna<\/span><\/span><\/li>\n<li><span style=\"vertical-align: inherit;\"><span style=\"vertical-align: inherit;\">Forma: cia\u0142o sta\u0142e (proszek)<\/span><\/span><\/li>\n<li><span style=\"vertical-align: inherit;\"><span style=\"vertical-align: inherit;\">Kolor: bia\u0142y<\/span><\/span><\/li>\n<li><span style=\"vertical-align: inherit;\"><span style=\"vertical-align: inherit;\">zapach: bez zapachu pH: oko\u0142o 2,2-2,5 (50g \/ l H2O, 20 \u00b0 C)<\/span><\/span><\/li>\n<li><span style=\"vertical-align: inherit;\"><span style=\"vertical-align: inherit;\">Temperatura topnienia: 189 &#8211; 192 \u00b0 C<\/span><\/span><\/li>\n<li><span style=\"vertical-align: inherit;\"><span style=\"vertical-align: inherit;\">Temperatura wrzenia: rozk\u0142ad&gt; 192 \u00b0 C<\/span><\/span><\/li>\n<li><span style=\"vertical-align: inherit;\"><span style=\"vertical-align: inherit;\">Temperatura samozap\u0142onu: 380 \u00b0 C<\/span><\/span><\/li>\n<li><span style=\"vertical-align: inherit;\"><span style=\"vertical-align: inherit;\">G\u0119sto\u015b\u0107: ~ 1,65g \/ cm3<\/span><\/span><\/li>\n<li><span style=\"vertical-align: inherit;\"><span style=\"vertical-align: inherit;\">Ci\u0119\u017car nasypowy: oko\u0142o 500 &#8211; 900 kg \/ m3<\/span><\/span><\/li>\n<li><span style=\"vertical-align: inherit;\"><span style=\"vertical-align: inherit;\">Rozpuszczalno\u015b\u0107: w wodzie: 330 g \/ l (24 \u00b0 C) w etanolu: 20 g \/ l (20 \u00b0 C)<\/span><\/span><\/li>\n<li><span style=\"vertical-align: inherit;\"><span style=\"vertical-align: inherit;\">Wz\u00f3r chemiczny: C6H8O6<\/span><\/span><\/li>\n<\/ul>\n<p><span style=\"vertical-align: inherit;\"><span style=\"vertical-align: inherit;\">Wi\u0119cej mo\u017cna znale\u017a\u0107 <\/span><\/span><strong><a href=\"https:\/\/pl.wikipedia.org\/wiki\/Kwas_askorbinowy\"><span style=\"vertical-align: inherit;\"><span style=\"vertical-align: inherit;\">(Kliknij tutaj)<\/span><\/span><\/a><\/strong><\/p>\n<p><span class=\"ff2 cf0 fs22\"><b><span style=\"vertical-align: inherit;\"><span style=\"vertical-align: inherit;\"><span style=\"vertical-align: inherit;\"><span style=\"vertical-align: inherit;\">Z <\/span><\/span><\/span><\/span><\/b><\/span><b><span class=\"ff0 cf0 fs22\"><span style=\"vertical-align: inherit;\"><span style=\"vertical-align: inherit;\"><span style=\"vertical-align: inherit;\"><span style=\"vertical-align: inherit;\">astosowanie<\/span><\/span><\/span><\/span><\/span><\/b><span class=\"ff2 cf0 fs22\"><span style=\"vertical-align: inherit;\"><span style=\"vertical-align: inherit;\"><span style=\"vertical-align: inherit;\"><span style=\"vertical-align: inherit;\"> &#8211; Stosowana jako przeciwutleniacz u\u017cywany jako dodatek do \u017cywno\u015bci (E300).<\/span><\/span><\/span><\/span><\/span><\/p>\n<p>&nbsp;<\/p>\n<p><span style=\"vertical-align: inherit;\"><span style=\"vertical-align: inherit;\"><span style=\"vertical-align: inherit;\"><span style=\"vertical-align: inherit;\">Wszystkie testy dnia i godziny 11.00 wysy\u0142ane s\u0105 wszystkie tego dnia i dor\u0119czone dnia.<\/span><\/span><\/span><\/span><\/p>\n<p><strong><span style=\"vertical-align: inherit;\"><span style=\"vertical-align: inherit;\"><span style=\"vertical-align: inherit;\"><span style=\"vertical-align: inherit;\">Masz pytania? <\/span><\/span><\/span><span style=\"vertical-align: inherit;\"><span style=\"vertical-align: inherit;\"><span style=\"vertical-align: inherit;\">Zapraszam do kontaktu pod numerem: +48 883 543 778 lub poprzez formularz kontaktowy <\/span><\/span><\/span><\/span><a href=\"https:\/\/solpack24.pl\/en\/kontakt\/\"><span style=\"vertical-align: inherit;\"><span style=\"vertical-align: inherit;\"><span style=\"vertical-align: inherit;\"><span style=\"vertical-align: inherit;\">(KLIKNIJ TUTAJ)\u00a0<\/span><\/span><\/span><\/span><\/a><\/strong><\/p>","protected":false},"excerpt":{"rendered":"<p><span class=\"ff2 cf0 fs22\"><b><span style=\"vertical-align: inherit;\"><span style=\"vertical-align: inherit;\"><span style=\"vertical-align: inherit;\"><span style=\"vertical-align: inherit;\">Kwas L askorbinowy <\/span><\/span><\/span><\/span><\/b><span style=\"vertical-align: inherit;\"><span style=\"vertical-align: inherit;\"><span style=\"vertical-align: inherit;\"><span style=\"vertical-align: inherit;\">Gatunek czysty do analizy CZDA o op\u0142atach chemicznym C6H8O6.<\/span><\/span><\/span><\/span> <\/span><\/p>","protected":false},"featured_media":498008,"comment_status":"open","ping_status":"closed","template":"","meta":{"site-sidebar-layout":"default","site-content-layout":"default","ast-site-content-layout":"default","site-content-style":"default","site-sidebar-style":"default","ast-global-header-display":"","ast-banner-title-visibility":"","ast-main-header-display":"","ast-hfb-above-header-display":"","ast-hfb-below-header-display":"","ast-hfb-mobile-header-display":"","site-post-title":"","ast-breadcrumbs-content":"","ast-featured-img":"","footer-sml-layout":"","theme-transparent-header-meta":"default","adv-header-id-meta":"","stick-header-meta":"","header-above-stick-meta":"","header-main-stick-meta":"","header-below-stick-meta":"","astra-migrate-meta-layouts":"set","ast-page-background-enabled":"default","ast-page-background-meta":{"desktop":{"background-color":"","background-image":"","background-repeat":"repeat","background-position":"center center","background-size":"auto","background-attachment":"scroll","background-type":"","background-media":"","overlay-type":"","overlay-color":"","overlay-opacity":"","overlay-gradient":""},"tablet":{"background-color":"","background-image":"","background-repeat":"repeat","background-position":"center center","background-size":"auto","background-attachment":"scroll","background-type":"","background-media":"","overlay-type":"","overlay-color":"","overlay-opacity":"","overlay-gradient":""},"mobile":{"background-color":"","background-image":"","background-repeat":"repeat","background-position":"center center","background-size":"auto","background-attachment":"scroll","background-type":"","background-media":"","overlay-type":"","overlay-color":"","overlay-opacity":"","overlay-gradient":""}},"ast-content-background-meta":{"desktop":{"background-color":"var(--ast-global-color-5)","background-image":"","background-repeat":"repeat","background-position":"center center","background-size":"auto","background-attachment":"scroll","background-type":"","background-media":"","overlay-type":"","overlay-color":"","overlay-opacity":"","overlay-gradient":""},"tablet":{"background-color":"var(--ast-global-color-5)","background-image":"","background-repeat":"repeat","background-position":"center center","background-size":"auto","background-attachment":"scroll","background-type":"","background-media":"","overlay-type":"","overlay-color":"","overlay-opacity":"","overlay-gradient":""},"mobile":{"background-color":"var(--ast-global-color-5)","background-image":"","background-repeat":"repeat","background-position":"center center","background-size":"auto","background-attachment":"scroll","background-type":"","background-media":"","overlay-type":"","overlay-color":"","overlay-opacity":"","overlay-gradient":""}}},"product_cat":[470,360,359],"product_tag":[],"yoast_head":"<!-- This site is optimized with the Yoast SEO plugin v20.8 - https:\/\/yoast.com\/wordpress\/plugins\/seo\/ -->\n<title>Witamina C Kwas L-askorbionowy E300 25kg - Solpack24<\/title>\n<meta name=\"description\" content=\"Witamina C (kwas askorbinowy) to zwi\u0105zek, kt\u00f3rego w\u0142a\u015bciwo\u015bci s\u0105 wykorzystywane nie tylko w medycynie. Niezb\u0119dn\u0105 do prawid\u0142owego funkcjonowania organizmu.\" \/>\n<meta name=\"robots\" content=\"index, follow, max-snippet:-1, max-image-preview:large, max-video-preview:-1\" \/>\n<link rel=\"canonical\" href=\"https:\/\/solpack24.pl\/en\/produkty\/produkty-spozywcze\/kwas-l-askorbinowy\/witamina-ckwas-l-askorbinowy-e300\/\" \/>\n<meta property=\"og:locale\" content=\"en_GB\" \/>\n<meta property=\"og:type\" content=\"article\" \/>\n<meta property=\"og:title\" content=\"Witamina C Kwas L-askorbionowy E300 25kg - Solpack24\" \/>\n<meta property=\"og:description\" content=\"Witamina C (kwas askorbinowy) to zwi\u0105zek, kt\u00f3rego w\u0142a\u015bciwo\u015bci s\u0105 wykorzystywane nie tylko w medycynie. Niezb\u0119dn\u0105 do prawid\u0142owego funkcjonowania organizmu.\" \/>\n<meta property=\"og:url\" content=\"https:\/\/solpack24.pl\/en\/produkty\/produkty-spozywcze\/kwas-l-askorbinowy\/witamina-ckwas-l-askorbinowy-e300\/\" \/>\n<meta property=\"og:site_name\" content=\"Solpack24\" \/>\n<meta property=\"article:publisher\" content=\"https:\/\/web.facebook.com\/solpack24\/\" \/>\n<meta property=\"article:modified_time\" content=\"2026-04-21T07:53:19+00:00\" \/>\n<meta property=\"og:image\" content=\"https:\/\/solpack24.pl\/wp-content\/uploads\/2017\/08\/WIT-C.jpeg\" \/>\n\t<meta property=\"og:image:width\" content=\"1419\" \/>\n\t<meta property=\"og:image:height\" content=\"1440\" \/>\n\t<meta property=\"og:image:type\" content=\"image\/jpeg\" \/>\n<meta name=\"twitter:card\" content=\"summary_large_image\" \/>\n<meta name=\"twitter:label1\" content=\"Estimated reading time\" \/>\n\t<meta name=\"twitter:data1\" content=\"2 minutes\" \/>\n<script type=\"application\/ld+json\" class=\"yoast-schema-graph\">{\"@context\":\"https:\/\/schema.org\",\"@graph\":[{\"@type\":\"WebPage\",\"@id\":\"https:\/\/solpack24.pl\/produkty\/produkty-spozywcze\/kwas-l-askorbinowy\/witamina-ckwas-l-askorbinowy-e300\/\",\"url\":\"https:\/\/solpack24.pl\/produkty\/produkty-spozywcze\/kwas-l-askorbinowy\/witamina-ckwas-l-askorbinowy-e300\/\",\"name\":\"Witamina C Kwas L-askorbionowy E300 25kg - Solpack24\",\"isPartOf\":{\"@id\":\"https:\/\/solpack24.pl\/#website\"},\"datePublished\":\"2017-08-29T19:32:26+00:00\",\"dateModified\":\"2026-04-21T07:53:19+00:00\",\"description\":\"Witamina C (kwas askorbinowy) to zwi\u0105zek, kt\u00f3rego w\u0142a\u015bciwo\u015bci s\u0105 wykorzystywane nie tylko w medycynie. Niezb\u0119dn\u0105 do prawid\u0142owego funkcjonowania organizmu.\",\"breadcrumb\":{\"@id\":\"https:\/\/solpack24.pl\/produkty\/produkty-spozywcze\/kwas-l-askorbinowy\/witamina-ckwas-l-askorbinowy-e300\/#breadcrumb\"},\"inLanguage\":\"en-GB\",\"potentialAction\":[{\"@type\":\"ReadAction\",\"target\":[\"https:\/\/solpack24.pl\/produkty\/produkty-spozywcze\/kwas-l-askorbinowy\/witamina-ckwas-l-askorbinowy-e300\/\"]}]},{\"@type\":\"BreadcrumbList\",\"@id\":\"https:\/\/solpack24.pl\/produkty\/produkty-spozywcze\/kwas-l-askorbinowy\/witamina-ckwas-l-askorbinowy-e300\/#breadcrumb\",\"itemListElement\":[{\"@type\":\"ListItem\",\"position\":1,\"name\":\"Strona g\u0142\u00f3wna\",\"item\":\"https:\/\/solpack24.pl\/\"},{\"@type\":\"ListItem\",\"position\":2,\"name\":\"SKLEP\",\"item\":\"https:\/\/solpack24.pl\/dystrybucja-produktow-solnych-oraz-chemicznych\/\"},{\"@type\":\"ListItem\",\"position\":3,\"name\":\"Witamina C Kwas L-askorbionowy E300 25kg\"}]},{\"@type\":\"WebSite\",\"@id\":\"https:\/\/solpack24.pl\/#website\",\"url\":\"https:\/\/solpack24.pl\/\",\"name\":\"solpack24.pl\",\"description\":\"\",\"publisher\":{\"@id\":\"https:\/\/solpack24.pl\/#organization\"},\"potentialAction\":[{\"@type\":\"SearchAction\",\"target\":{\"@type\":\"EntryPoint\",\"urlTemplate\":\"https:\/\/solpack24.pl\/?s={search_term_string}\"},\"query-input\":\"required name=search_term_string\"}],\"inLanguage\":\"en-GB\"},{\"@type\":\"Organization\",\"@id\":\"https:\/\/solpack24.pl\/#organization\",\"name\":\"SOLPACK24\",\"url\":\"https:\/\/solpack24.pl\/\",\"logo\":{\"@type\":\"ImageObject\",\"inLanguage\":\"en-GB\",\"@id\":\"https:\/\/solpack24.pl\/#\/schema\/logo\/image\/\",\"url\":\"https:\/\/solpack24.pl\/wp-content\/uploads\/2018\/04\/projekt-sprzeda\u017c-detal-hurt-2-scaled.jpg\",\"contentUrl\":\"https:\/\/solpack24.pl\/wp-content\/uploads\/2018\/04\/projekt-sprzeda\u017c-detal-hurt-2-scaled.jpg\",\"width\":2560,\"height\":1109,\"caption\":\"SOLPACK24\"},\"image\":{\"@id\":\"https:\/\/solpack24.pl\/#\/schema\/logo\/image\/\"},\"sameAs\":[\"https:\/\/web.facebook.com\/solpack24\/\"]}]}<\/script>\n<!-- \/ Yoast SEO plugin. -->","yoast_head_json":{"title":"Witamina C Kwas L-askorbionowy E300 25kg - Solpack24","description":"Witamina C (kwas askorbinowy) to zwi\u0105zek, kt\u00f3rego w\u0142a\u015bciwo\u015bci s\u0105 wykorzystywane nie tylko w medycynie. Niezb\u0119dn\u0105 do prawid\u0142owego funkcjonowania organizmu.","robots":{"index":"index","follow":"follow","max-snippet":"max-snippet:-1","max-image-preview":"max-image-preview:large","max-video-preview":"max-video-preview:-1"},"canonical":"https:\/\/solpack24.pl\/en\/produkty\/produkty-spozywcze\/kwas-l-askorbinowy\/witamina-ckwas-l-askorbinowy-e300\/","og_locale":"en_GB","og_type":"article","og_title":"Witamina C Kwas L-askorbionowy E300 25kg - Solpack24","og_description":"Witamina C (kwas askorbinowy) to zwi\u0105zek, kt\u00f3rego w\u0142a\u015bciwo\u015bci s\u0105 wykorzystywane nie tylko w medycynie. Niezb\u0119dn\u0105 do prawid\u0142owego funkcjonowania organizmu.","og_url":"https:\/\/solpack24.pl\/en\/produkty\/produkty-spozywcze\/kwas-l-askorbinowy\/witamina-ckwas-l-askorbinowy-e300\/","og_site_name":"Solpack24","article_publisher":"https:\/\/web.facebook.com\/solpack24\/","article_modified_time":"2026-04-21T07:53:19+00:00","og_image":[{"width":1419,"height":1440,"url":"https:\/\/solpack24.pl\/wp-content\/uploads\/2017\/08\/WIT-C.jpeg","type":"image\/jpeg"}],"twitter_card":"summary_large_image","twitter_misc":{"Estimated reading time":"2 minutes"},"schema":{"@context":"https:\/\/schema.org","@graph":[{"@type":"WebPage","@id":"https:\/\/solpack24.pl\/produkty\/produkty-spozywcze\/kwas-l-askorbinowy\/witamina-ckwas-l-askorbinowy-e300\/","url":"https:\/\/solpack24.pl\/produkty\/produkty-spozywcze\/kwas-l-askorbinowy\/witamina-ckwas-l-askorbinowy-e300\/","name":"Witamina C Kwas L-askorbionowy E300 25kg - Solpack24","isPartOf":{"@id":"https:\/\/solpack24.pl\/#website"},"datePublished":"2017-08-29T19:32:26+00:00","dateModified":"2026-04-21T07:53:19+00:00","description":"Witamina C (kwas askorbinowy) to zwi\u0105zek, kt\u00f3rego w\u0142a\u015bciwo\u015bci s\u0105 wykorzystywane nie tylko w medycynie. Niezb\u0119dn\u0105 do prawid\u0142owego funkcjonowania organizmu.","breadcrumb":{"@id":"https:\/\/solpack24.pl\/produkty\/produkty-spozywcze\/kwas-l-askorbinowy\/witamina-ckwas-l-askorbinowy-e300\/#breadcrumb"},"inLanguage":"en-GB","potentialAction":[{"@type":"ReadAction","target":["https:\/\/solpack24.pl\/produkty\/produkty-spozywcze\/kwas-l-askorbinowy\/witamina-ckwas-l-askorbinowy-e300\/"]}]},{"@type":"BreadcrumbList","@id":"https:\/\/solpack24.pl\/produkty\/produkty-spozywcze\/kwas-l-askorbinowy\/witamina-ckwas-l-askorbinowy-e300\/#breadcrumb","itemListElement":[{"@type":"ListItem","position":1,"name":"Strona g\u0142\u00f3wna","item":"https:\/\/solpack24.pl\/"},{"@type":"ListItem","position":2,"name":"SKLEP","item":"https:\/\/solpack24.pl\/dystrybucja-produktow-solnych-oraz-chemicznych\/"},{"@type":"ListItem","position":3,"name":"Witamina C Kwas L-askorbionowy E300 25kg"}]},{"@type":"WebSite","@id":"https:\/\/solpack24.pl\/#website","url":"https:\/\/solpack24.pl\/","name":"solpack24.pl","description":"","publisher":{"@id":"https:\/\/solpack24.pl\/#organization"},"potentialAction":[{"@type":"SearchAction","target":{"@type":"EntryPoint","urlTemplate":"https:\/\/solpack24.pl\/?s={search_term_string}"},"query-input":"required name=search_term_string"}],"inLanguage":"en-GB"},{"@type":"Organization","@id":"https:\/\/solpack24.pl\/#organization","name":"SOLPACK24","url":"https:\/\/solpack24.pl\/","logo":{"@type":"ImageObject","inLanguage":"en-GB","@id":"https:\/\/solpack24.pl\/#\/schema\/logo\/image\/","url":"https:\/\/solpack24.pl\/wp-content\/uploads\/2018\/04\/projekt-sprzeda\u017c-detal-hurt-2-scaled.jpg","contentUrl":"https:\/\/solpack24.pl\/wp-content\/uploads\/2018\/04\/projekt-sprzeda\u017c-detal-hurt-2-scaled.jpg","width":2560,"height":1109,"caption":"SOLPACK24"},"image":{"@id":"https:\/\/solpack24.pl\/#\/schema\/logo\/image\/"},"sameAs":["https:\/\/web.facebook.com\/solpack24\/"]}]}},"_links":{"self":[{"href":"https:\/\/solpack24.pl\/en\/wp-json\/wp\/v2\/product\/150"}],"collection":[{"href":"https:\/\/solpack24.pl\/en\/wp-json\/wp\/v2\/product"}],"about":[{"href":"https:\/\/solpack24.pl\/en\/wp-json\/wp\/v2\/types\/product"}],"replies":[{"embeddable":true,"href":"https:\/\/solpack24.pl\/en\/wp-json\/wp\/v2\/comments?post=150"}],"wp:featuredmedia":[{"embeddable":true,"href":"https:\/\/solpack24.pl\/en\/wp-json\/wp\/v2\/media\/498008"}],"wp:attachment":[{"href":"https:\/\/solpack24.pl\/en\/wp-json\/wp\/v2\/media?parent=150"}],"wp:term":[{"taxonomy":"product_cat","embeddable":true,"href":"https:\/\/solpack24.pl\/en\/wp-json\/wp\/v2\/product_cat?post=150"},{"taxonomy":"product_tag","embeddable":true,"href":"https:\/\/solpack24.pl\/en\/wp-json\/wp\/v2\/product_tag?post=150"}],"curies":[{"name":"wp","href":"https:\/\/api.w.org\/{rel}","templated":true}]}}