{"id":206,"date":"2017-09-03T13:48:49","date_gmt":"2017-09-03T13:48:49","guid":{"rendered":"https:\/\/solpack24.pl\/?post_type=product&#038;p=206"},"modified":"2023-12-14T13:10:43","modified_gmt":"2023-12-14T13:10:43","slug":"sol-drogowa-1000-kg","status":"publish","type":"product","link":"https:\/\/solpack24.pl\/en\/produkty\/produkty-zwalczajace-sliskosc\/sol-drogowa-produkty-zwalczajace-sliskosc\/sol-drogowa-1000-kg\/","title":{"rendered":"S\u00f3l drogowa drobnoziarnista luz 24 tony"},"content":{"rendered":"<p><strong>S\u00f3l drogowa do utrzymania dr\u00f3g w okresie zimowym drobnoziarnista z antyzbrylaczem.\u00a0<\/strong><\/p>\n<p>1 tona &#8211; 180 z\u0142 netto ( zakup minimum 24 tony )<\/p>\n<p lang=\"pl-PL\">Odbi\u00f3r w\u0142asnym transportem w Inowroc\u0142awiu lub Janikowie ( awizacja jeden dzie\u0144 przed odbiorem )<\/p>\n<p lang=\"pl-PL\">P\u0142atno\u015b\u0107: proforma lub got\u00f3wka przy odbiorze.<\/p>\n<p>Przeznaczenie soli:<\/p>\n<ul>\n<li>posypywanie chodnik\u00f3w<\/li>\n<li>s\u00f3l nadaje si\u0119 do mieszanek<\/li>\n<li>posypywanie podjazd\u00f3w.<\/li>\n<\/ul>\n<p><strong>Zapytaj o dost\u0119pno\u015b\u0107 pod numerem +48 883 543 778 lub poprzez formularz kontaktowy <a href=\"https:\/\/solpack24.pl\/en\/kontakt\/\">(KLIKNIJ TUTAJ)<\/a><\/strong><\/p>\n<p>&nbsp;<\/p>\n<p>&nbsp;<\/p>","protected":false},"excerpt":{"rendered":"<p>S\u00f3l drogowa drobnoziarnista do utrzymania dr\u00f3g w okresie zimowym.<\/p>","protected":false},"featured_media":43539,"comment_status":"open","ping_status":"closed","template":"","meta":{"site-sidebar-layout":"default","site-content-layout":"default","ast-site-content-layout":"","site-content-style":"default","site-sidebar-style":"default","ast-global-header-display":"","ast-banner-title-visibility":"","ast-main-header-display":"","ast-hfb-above-header-display":"","ast-hfb-below-header-display":"","ast-hfb-mobile-header-display":"","site-post-title":"","ast-breadcrumbs-content":"","ast-featured-img":"","footer-sml-layout":"","theme-transparent-header-meta":"default","adv-header-id-meta":"","stick-header-meta":"","header-above-stick-meta":"","header-main-stick-meta":"","header-below-stick-meta":"","astra-migrate-meta-layouts":"default","ast-page-background-enabled":"default","ast-page-background-meta":{"desktop":{"background-color":"","background-image":"","background-repeat":"repeat","background-position":"center center","background-size":"auto","background-attachment":"scroll","background-type":"","background-media":"","overlay-type":"","overlay-color":"","overlay-opacity":"","overlay-gradient":""},"tablet":{"background-color":"","background-image":"","background-repeat":"repeat","background-position":"center center","background-size":"auto","background-attachment":"scroll","background-type":"","background-media":"","overlay-type":"","overlay-color":"","overlay-opacity":"","overlay-gradient":""},"mobile":{"background-color":"","background-image":"","background-repeat":"repeat","background-position":"center center","background-size":"auto","background-attachment":"scroll","background-type":"","background-media":"","overlay-type":"","overlay-color":"","overlay-opacity":"","overlay-gradient":""}},"ast-content-background-meta":{"desktop":{"background-color":"var(--ast-global-color-5)","background-image":"","background-repeat":"repeat","background-position":"center center","background-size":"auto","background-attachment":"scroll","background-type":"","background-media":"","overlay-type":"","overlay-color":"","overlay-opacity":"","overlay-gradient":""},"tablet":{"background-color":"var(--ast-global-color-5)","background-image":"","background-repeat":"repeat","background-position":"center center","background-size":"auto","background-attachment":"scroll","background-type":"","background-media":"","overlay-type":"","overlay-color":"","overlay-opacity":"","overlay-gradient":""},"mobile":{"background-color":"var(--ast-global-color-5)","background-image":"","background-repeat":"repeat","background-position":"center center","background-size":"auto","background-attachment":"scroll","background-type":"","background-media":"","overlay-type":"","overlay-color":"","overlay-opacity":"","overlay-gradient":""}}},"product_cat":[365,366,338,132],"product_tag":[],"yoast_head":"<!-- This site is optimized with the Yoast SEO plugin v20.8 - https:\/\/yoast.com\/wordpress\/plugins\/seo\/ -->\n<title>S\u00f3l drogowa drobnoziarnista luz 24 tony - Solpack24<\/title>\n<meta name=\"robots\" content=\"index, follow, max-snippet:-1, max-image-preview:large, max-video-preview:-1\" \/>\n<link rel=\"canonical\" href=\"https:\/\/solpack24.pl\/en\/produkty\/produkty-zwalczajace-sliskosc\/sol-drogowa-produkty-zwalczajace-sliskosc\/sol-drogowa-1000-kg\/\" \/>\n<meta property=\"og:locale\" content=\"en_GB\" \/>\n<meta property=\"og:type\" content=\"article\" \/>\n<meta property=\"og:title\" content=\"S\u00f3l drogowa drobnoziarnista luz 24 tony - Solpack24\" \/>\n<meta property=\"og:description\" content=\"S\u00f3l drogowa drobnoziarnista do utrzymania dr\u00f3g w okresie zimowym.\" \/>\n<meta property=\"og:url\" content=\"https:\/\/solpack24.pl\/en\/produkty\/produkty-zwalczajace-sliskosc\/sol-drogowa-produkty-zwalczajace-sliskosc\/sol-drogowa-1000-kg\/\" \/>\n<meta property=\"og:site_name\" content=\"Solpack24\" \/>\n<meta property=\"article:publisher\" content=\"https:\/\/web.facebook.com\/solpack24\/\" \/>\n<meta property=\"article:modified_time\" content=\"2023-12-14T13:10:43+00:00\" \/>\n<meta property=\"og:image\" content=\"https:\/\/solpack24.pl\/wp-content\/uploads\/2017\/09\/0310salt-e1583783813841.jpg\" \/>\n\t<meta property=\"og:image:width\" content=\"600\" \/>\n\t<meta property=\"og:image:height\" content=\"338\" \/>\n\t<meta property=\"og:image:type\" content=\"image\/jpeg\" \/>\n<meta name=\"twitter:card\" content=\"summary_large_image\" \/>\n<meta name=\"twitter:label1\" content=\"Estimated reading time\" \/>\n\t<meta name=\"twitter:data1\" content=\"1 minute\" \/>\n<script type=\"application\/ld+json\" class=\"yoast-schema-graph\">{\"@context\":\"https:\/\/schema.org\",\"@graph\":[{\"@type\":\"WebPage\",\"@id\":\"https:\/\/solpack24.pl\/produkty\/produkty-zwalczajace-sliskosc\/sol-drogowa-produkty-zwalczajace-sliskosc\/sol-drogowa-1000-kg\/\",\"url\":\"https:\/\/solpack24.pl\/produkty\/produkty-zwalczajace-sliskosc\/sol-drogowa-produkty-zwalczajace-sliskosc\/sol-drogowa-1000-kg\/\",\"name\":\"S\u00f3l drogowa drobnoziarnista luz 24 tony - Solpack24\",\"isPartOf\":{\"@id\":\"https:\/\/solpack24.pl\/#website\"},\"datePublished\":\"2017-09-03T13:48:49+00:00\",\"dateModified\":\"2023-12-14T13:10:43+00:00\",\"breadcrumb\":{\"@id\":\"https:\/\/solpack24.pl\/produkty\/produkty-zwalczajace-sliskosc\/sol-drogowa-produkty-zwalczajace-sliskosc\/sol-drogowa-1000-kg\/#breadcrumb\"},\"inLanguage\":\"en-GB\",\"potentialAction\":[{\"@type\":\"ReadAction\",\"target\":[\"https:\/\/solpack24.pl\/produkty\/produkty-zwalczajace-sliskosc\/sol-drogowa-produkty-zwalczajace-sliskosc\/sol-drogowa-1000-kg\/\"]}]},{\"@type\":\"BreadcrumbList\",\"@id\":\"https:\/\/solpack24.pl\/produkty\/produkty-zwalczajace-sliskosc\/sol-drogowa-produkty-zwalczajace-sliskosc\/sol-drogowa-1000-kg\/#breadcrumb\",\"itemListElement\":[{\"@type\":\"ListItem\",\"position\":1,\"name\":\"Strona g\u0142\u00f3wna\",\"item\":\"https:\/\/solpack24.pl\/\"},{\"@type\":\"ListItem\",\"position\":2,\"name\":\"SKLEP\",\"item\":\"https:\/\/solpack24.pl\/dystrybucja-produktow-solnych-oraz-chemicznych\/\"},{\"@type\":\"ListItem\",\"position\":3,\"name\":\"S\u00f3l drogowa drobnoziarnista luz 24 tony\"}]},{\"@type\":\"WebSite\",\"@id\":\"https:\/\/solpack24.pl\/#website\",\"url\":\"https:\/\/solpack24.pl\/\",\"name\":\"solpack24.pl\",\"description\":\"\",\"publisher\":{\"@id\":\"https:\/\/solpack24.pl\/#organization\"},\"potentialAction\":[{\"@type\":\"SearchAction\",\"target\":{\"@type\":\"EntryPoint\",\"urlTemplate\":\"https:\/\/solpack24.pl\/?s={search_term_string}\"},\"query-input\":\"required name=search_term_string\"}],\"inLanguage\":\"en-GB\"},{\"@type\":\"Organization\",\"@id\":\"https:\/\/solpack24.pl\/#organization\",\"name\":\"SOLPACK24\",\"url\":\"https:\/\/solpack24.pl\/\",\"logo\":{\"@type\":\"ImageObject\",\"inLanguage\":\"en-GB\",\"@id\":\"https:\/\/solpack24.pl\/#\/schema\/logo\/image\/\",\"url\":\"https:\/\/solpack24.pl\/wp-content\/uploads\/2018\/04\/projekt-sprzeda\u017c-detal-hurt-2-scaled.jpg\",\"contentUrl\":\"https:\/\/solpack24.pl\/wp-content\/uploads\/2018\/04\/projekt-sprzeda\u017c-detal-hurt-2-scaled.jpg\",\"width\":2560,\"height\":1109,\"caption\":\"SOLPACK24\"},\"image\":{\"@id\":\"https:\/\/solpack24.pl\/#\/schema\/logo\/image\/\"},\"sameAs\":[\"https:\/\/web.facebook.com\/solpack24\/\"]}]}<\/script>\n<!-- \/ Yoast SEO plugin. -->","yoast_head_json":{"title":"S\u00f3l drogowa drobnoziarnista luz 24 tony - Solpack24","robots":{"index":"index","follow":"follow","max-snippet":"max-snippet:-1","max-image-preview":"max-image-preview:large","max-video-preview":"max-video-preview:-1"},"canonical":"https:\/\/solpack24.pl\/en\/produkty\/produkty-zwalczajace-sliskosc\/sol-drogowa-produkty-zwalczajace-sliskosc\/sol-drogowa-1000-kg\/","og_locale":"en_GB","og_type":"article","og_title":"S\u00f3l drogowa drobnoziarnista luz 24 tony - Solpack24","og_description":"S\u00f3l drogowa drobnoziarnista do utrzymania dr\u00f3g w okresie zimowym.","og_url":"https:\/\/solpack24.pl\/en\/produkty\/produkty-zwalczajace-sliskosc\/sol-drogowa-produkty-zwalczajace-sliskosc\/sol-drogowa-1000-kg\/","og_site_name":"Solpack24","article_publisher":"https:\/\/web.facebook.com\/solpack24\/","article_modified_time":"2023-12-14T13:10:43+00:00","og_image":[{"width":600,"height":338,"url":"https:\/\/solpack24.pl\/wp-content\/uploads\/2017\/09\/0310salt-e1583783813841.jpg","type":"image\/jpeg"}],"twitter_card":"summary_large_image","twitter_misc":{"Estimated reading time":"1 minute"},"schema":{"@context":"https:\/\/schema.org","@graph":[{"@type":"WebPage","@id":"https:\/\/solpack24.pl\/produkty\/produkty-zwalczajace-sliskosc\/sol-drogowa-produkty-zwalczajace-sliskosc\/sol-drogowa-1000-kg\/","url":"https:\/\/solpack24.pl\/produkty\/produkty-zwalczajace-sliskosc\/sol-drogowa-produkty-zwalczajace-sliskosc\/sol-drogowa-1000-kg\/","name":"S\u00f3l drogowa drobnoziarnista luz 24 tony - Solpack24","isPartOf":{"@id":"https:\/\/solpack24.pl\/#website"},"datePublished":"2017-09-03T13:48:49+00:00","dateModified":"2023-12-14T13:10:43+00:00","breadcrumb":{"@id":"https:\/\/solpack24.pl\/produkty\/produkty-zwalczajace-sliskosc\/sol-drogowa-produkty-zwalczajace-sliskosc\/sol-drogowa-1000-kg\/#breadcrumb"},"inLanguage":"en-GB","potentialAction":[{"@type":"ReadAction","target":["https:\/\/solpack24.pl\/produkty\/produkty-zwalczajace-sliskosc\/sol-drogowa-produkty-zwalczajace-sliskosc\/sol-drogowa-1000-kg\/"]}]},{"@type":"BreadcrumbList","@id":"https:\/\/solpack24.pl\/produkty\/produkty-zwalczajace-sliskosc\/sol-drogowa-produkty-zwalczajace-sliskosc\/sol-drogowa-1000-kg\/#breadcrumb","itemListElement":[{"@type":"ListItem","position":1,"name":"Strona g\u0142\u00f3wna","item":"https:\/\/solpack24.pl\/"},{"@type":"ListItem","position":2,"name":"SKLEP","item":"https:\/\/solpack24.pl\/dystrybucja-produktow-solnych-oraz-chemicznych\/"},{"@type":"ListItem","position":3,"name":"S\u00f3l drogowa drobnoziarnista luz 24 tony"}]},{"@type":"WebSite","@id":"https:\/\/solpack24.pl\/#website","url":"https:\/\/solpack24.pl\/","name":"solpack24.pl","description":"","publisher":{"@id":"https:\/\/solpack24.pl\/#organization"},"potentialAction":[{"@type":"SearchAction","target":{"@type":"EntryPoint","urlTemplate":"https:\/\/solpack24.pl\/?s={search_term_string}"},"query-input":"required name=search_term_string"}],"inLanguage":"en-GB"},{"@type":"Organization","@id":"https:\/\/solpack24.pl\/#organization","name":"SOLPACK24","url":"https:\/\/solpack24.pl\/","logo":{"@type":"ImageObject","inLanguage":"en-GB","@id":"https:\/\/solpack24.pl\/#\/schema\/logo\/image\/","url":"https:\/\/solpack24.pl\/wp-content\/uploads\/2018\/04\/projekt-sprzeda\u017c-detal-hurt-2-scaled.jpg","contentUrl":"https:\/\/solpack24.pl\/wp-content\/uploads\/2018\/04\/projekt-sprzeda\u017c-detal-hurt-2-scaled.jpg","width":2560,"height":1109,"caption":"SOLPACK24"},"image":{"@id":"https:\/\/solpack24.pl\/#\/schema\/logo\/image\/"},"sameAs":["https:\/\/web.facebook.com\/solpack24\/"]}]}},"_links":{"self":[{"href":"https:\/\/solpack24.pl\/en\/wp-json\/wp\/v2\/product\/206"}],"collection":[{"href":"https:\/\/solpack24.pl\/en\/wp-json\/wp\/v2\/product"}],"about":[{"href":"https:\/\/solpack24.pl\/en\/wp-json\/wp\/v2\/types\/product"}],"replies":[{"embeddable":true,"href":"https:\/\/solpack24.pl\/en\/wp-json\/wp\/v2\/comments?post=206"}],"wp:featuredmedia":[{"embeddable":true,"href":"https:\/\/solpack24.pl\/en\/wp-json\/wp\/v2\/media\/43539"}],"wp:attachment":[{"href":"https:\/\/solpack24.pl\/en\/wp-json\/wp\/v2\/media?parent=206"}],"wp:term":[{"taxonomy":"product_cat","embeddable":true,"href":"https:\/\/solpack24.pl\/en\/wp-json\/wp\/v2\/product_cat?post=206"},{"taxonomy":"product_tag","embeddable":true,"href":"https:\/\/solpack24.pl\/en\/wp-json\/wp\/v2\/product_tag?post=206"}],"curies":[{"name":"wp","href":"https:\/\/api.w.org\/{rel}","templated":true}]}}