{"id":37,"date":"2017-06-18T16:04:49","date_gmt":"2017-06-18T16:04:49","guid":{"rendered":"https:\/\/solpack24.pl\/?post_type=product&#038;p=37"},"modified":"2023-02-27T20:28:10","modified_gmt":"2023-02-27T20:28:10","slug":"azotynowa-sol-peklujaca","status":"publish","type":"product","link":"https:\/\/solpack24.pl\/en\/produkty\/sol\/sol-peklujaca\/azotynowa-sol-peklujaca\/","title":{"rendered":"Azotynowa s\u00f3l pekluj\u0105ca 1000 kg !"},"content":{"rendered":"<p lang=\"pl-PL\"><strong>S\u00d3L PEKLUJ\u0104CA CIECH\u00a0<\/strong><\/p>\n<p lang=\"pl-PL\">1000kg \/ 40 work\u00f3w : 1789 z\u0142 brutto<\/p>\n<p lang=\"pl-PL\">Czas realizacji : 1-3 dni robocze<\/p>\n<div class=\"product--medium__content__description js__product--medium__content__description mCustomScrollbar _mCS_3 mCS_no_scrollbar\">\n<div id=\"mCSB_3\" class=\"mCustomScrollBox mCS-light mCSB_vertical mCSB_inside\" tabindex=\"0\">\n<div id=\"mCSB_3_container\" class=\"mCSB_container mCS_y_hidden mCS_no_scrollbar_y\" dir=\"ltr\">\n<p lang=\"pl-PL\">Jednym z najcz\u0119\u015bciej stosowanych konserwant\u00f3w w przemy\u015ble mi\u0119snym i w\u0119dliniarskim jest azotynowa s\u00f3l pekluj\u0105ca. Jej g\u0142\u00f3wnym zadaniem jest powstrzymanie rozwoju niepo\u017c\u0105danych drobnoustroj\u00f3w, w tym mi\u0119dzy innymi gronkowca z\u0142ocistego oraz bakterii Clostridium botulinum (wywo\u0142uj\u0105cej botulizm, czyli zatrucie jadem kie\u0142basianym).<\/p>\n<p lang=\"pl-PL\">Dost\u0119pna w ofercie Solpack24 s\u00f3l azotynowa zosta\u0142a dostarczona przez Grup\u0119 Ciech S.A. i stanowi doskona\u0142\u0105 mieszank\u0119 pekluj\u0105c\u0105, wytworzon\u0105 w oparciu o s\u00f3l warzon\u0105. Jest przeznaczona do stosowania jako naturalny konserwant do wyrob\u00f3w mi\u0119snych i innych produkt\u00f3w, aby zapewni\u0107 im \u015bwie\u017co\u015b\u0107, odpowiedni\u0105 barw\u0119 i konsystencj\u0119. Mieszanina wyr\u00f3\u017cnia si\u0119 pot\u0119\u017cnymi w\u0142a\u015bciwo\u015bciami konserwuj\u0105cymi, dzi\u0119ki czemu bardzo dobrze chroni mi\u0119so przed rozwojem bakterii gnilnych i chorobotw\u00f3rczych.<\/p>\n<p lang=\"pl-PL\">Oferowana s\u00f3l pekluj\u0105ca charakteryzuje si\u0119 odpowiedni\u0105 struktur\u0105 oraz kontrolowanym sk\u0142adem chemicznym. Jest tworzona przy zachowaniu wszelkich norm i posiada wszelkie niezb\u0119dne atesty.<\/p>\n<p lang=\"pl-PL\">Wyprodukowana przez mark\u0119 Ciech s\u00f3l pekluj\u0105ca mo\u017ce by\u0107 stosowana zar\u00f3wno do konserwowania w\u0119dlin i mi\u0119sa (wieprzowego, wo\u0142owego, dziczyzny), jak r\u00f3wnie\u017c do produkcji marynat oraz zalew solankowych. Jest polecana tak\u017ce do zastosowa\u0144 domowych, poniewa\u017c zawiera odpowiednie i bezpieczne proporcje sk\u0142adnik\u00f3w (zawarto\u015b\u0107 azotynu sodu poni\u017cej 1%).<\/p>\n<p lang=\"pl-PL\"><b>Mieszanka pekluj\u0105ca Ciech:<\/b><\/p>\n<p>PRZEZNACZENIE:<\/p>\n<ul>\n<li>nazwa \u015brodka spo\u017cywczego: azotynowa s\u00f3l pekluj\u0105ca,<\/li>\n<li>sk\u0142adniki: mieszanina soli kuchennej z azotynem sodu,<\/li>\n<li>zalecone stosowanie: jako \u015brodek konserwuj\u0105cy do w\u0119dlin i mi\u0119sa, w celu utrwalenia r\u00f3\u017cowej barwy oraz przeciwdzia\u0142ania rozwojowi bakterii,<\/li>\n<li>spos\u00f3b przechowywania: produkt nale\u017cy przechowywa\u0107 w suchych pomieszczeniach,<\/li>\n<li>wyr\u00f3b nie jest przeznaczony do bezpo\u015bredniego spo\u017cycia przez ludzi.<\/li>\n<\/ul>\n<p>&nbsp;<\/p>\n<p>Wszystkie przesy\u0142ki zam\u00f3wione do godziny 11.00 wysy\u0142ane s\u0105 tego samego dnia i dor\u0119czone kolejnego dnia roboczego.<\/p>\n<p><strong>Masz pytania ? Zapraszam do kontaktu pod numerem: 883 543 778 lub poprzez formularz kontaktowy <a href=\"https:\/\/solpack24.pl\/en\/kontakt\/\">(KLIKNIJ TUTAJ)<\/a><\/strong><\/p>\n<\/div>\n<\/div>\n<\/div>","protected":false},"excerpt":{"rendered":"<p class=\"bodytext\">Azotynowa s\u00f3l pekluj\u0105ca (peklos\u00f3l) jest niezast\u0105pionym \u015brodkiem pomocniczym w\u00a0produkcji wyrob\u00f3w mi\u0119-snych i\u00a0w\u0119dliniarskich. Peklowanie nawi\u0105zuje do jednego z\u00a0najstarszych sposob\u00f3w konserwowania \u017cywno\u015bci &#8211; konserwacji za pomoc\u0105 soli.<\/p>","protected":false},"featured_media":43822,"comment_status":"open","ping_status":"closed","template":"","meta":{"site-sidebar-layout":"default","site-content-layout":"default","ast-site-content-layout":"","site-content-style":"default","site-sidebar-style":"default","ast-global-header-display":"","ast-banner-title-visibility":"","ast-main-header-display":"","ast-hfb-above-header-display":"","ast-hfb-below-header-display":"","ast-hfb-mobile-header-display":"","site-post-title":"","ast-breadcrumbs-content":"","ast-featured-img":"","footer-sml-layout":"","theme-transparent-header-meta":"default","adv-header-id-meta":"","stick-header-meta":"","header-above-stick-meta":"","header-main-stick-meta":"","header-below-stick-meta":"","astra-migrate-meta-layouts":"default","ast-page-background-enabled":"default","ast-page-background-meta":{"desktop":{"background-color":"","background-image":"","background-repeat":"repeat","background-position":"center center","background-size":"auto","background-attachment":"scroll","background-type":"","background-media":"","overlay-type":"","overlay-color":"","overlay-opacity":"","overlay-gradient":""},"tablet":{"background-color":"","background-image":"","background-repeat":"repeat","background-position":"center center","background-size":"auto","background-attachment":"scroll","background-type":"","background-media":"","overlay-type":"","overlay-color":"","overlay-opacity":"","overlay-gradient":""},"mobile":{"background-color":"","background-image":"","background-repeat":"repeat","background-position":"center center","background-size":"auto","background-attachment":"scroll","background-type":"","background-media":"","overlay-type":"","overlay-color":"","overlay-opacity":"","overlay-gradient":""}},"ast-content-background-meta":{"desktop":{"background-color":"var(--ast-global-color-5)","background-image":"","background-repeat":"repeat","background-position":"center center","background-size":"auto","background-attachment":"scroll","background-type":"","background-media":"","overlay-type":"","overlay-color":"","overlay-opacity":"","overlay-gradient":""},"tablet":{"background-color":"var(--ast-global-color-5)","background-image":"","background-repeat":"repeat","background-position":"center center","background-size":"auto","background-attachment":"scroll","background-type":"","background-media":"","overlay-type":"","overlay-color":"","overlay-opacity":"","overlay-gradient":""},"mobile":{"background-color":"var(--ast-global-color-5)","background-image":"","background-repeat":"repeat","background-position":"center center","background-size":"auto","background-attachment":"scroll","background-type":"","background-media":"","overlay-type":"","overlay-color":"","overlay-opacity":"","overlay-gradient":""}}},"product_cat":[336],"product_tag":[],"yoast_head":"<!-- This site is optimized with the Yoast SEO plugin v20.8 - https:\/\/yoast.com\/wordpress\/plugins\/seo\/ -->\n<title>Azotynowa s\u00f3l pekluj\u0105ca firmy Ciech | Solpack24<\/title>\n<meta name=\"description\" content=\"Jeden z najcz\u0119\u015bciej stosowanych konserwant\u00f3w w przemy\u015ble mi\u0119snym - azotynowa s\u00f3l pekluj\u0105ca. Oferowana przez nas s\u00f3l to produkt renomowanej firmy Ciech.\" \/>\n<meta name=\"robots\" content=\"index, follow, max-snippet:-1, max-image-preview:large, max-video-preview:-1\" \/>\n<link rel=\"canonical\" href=\"https:\/\/solpack24.pl\/en\/produkty\/sol\/sol-peklujaca\/azotynowa-sol-peklujaca\/\" \/>\n<meta property=\"og:locale\" content=\"en_GB\" \/>\n<meta property=\"og:type\" content=\"article\" \/>\n<meta property=\"og:title\" content=\"Azotynowa s\u00f3l pekluj\u0105ca firmy Ciech | Solpack24\" \/>\n<meta property=\"og:description\" content=\"Jeden z najcz\u0119\u015bciej stosowanych konserwant\u00f3w w przemy\u015ble mi\u0119snym - azotynowa s\u00f3l pekluj\u0105ca. Oferowana przez nas s\u00f3l to produkt renomowanej firmy Ciech.\" \/>\n<meta property=\"og:url\" content=\"https:\/\/solpack24.pl\/en\/produkty\/sol\/sol-peklujaca\/azotynowa-sol-peklujaca\/\" \/>\n<meta property=\"og:site_name\" content=\"Solpack24\" \/>\n<meta property=\"article:publisher\" content=\"https:\/\/web.facebook.com\/solpack24\/\" \/>\n<meta property=\"article:modified_time\" content=\"2023-02-27T20:28:10+00:00\" \/>\n<meta property=\"og:image\" content=\"https:\/\/solpack24.pl\/wp-content\/uploads\/2017\/06\/PEKLOS\u00d3L-.png\" \/>\n\t<meta property=\"og:image:width\" content=\"664\" \/>\n\t<meta property=\"og:image:height\" content=\"438\" \/>\n\t<meta property=\"og:image:type\" content=\"image\/png\" \/>\n<meta name=\"twitter:card\" content=\"summary_large_image\" \/>\n<meta name=\"twitter:label1\" content=\"Estimated reading time\" \/>\n\t<meta name=\"twitter:data1\" content=\"2 minutes\" \/>\n<script type=\"application\/ld+json\" class=\"yoast-schema-graph\">{\"@context\":\"https:\/\/schema.org\",\"@graph\":[{\"@type\":\"WebPage\",\"@id\":\"https:\/\/solpack24.pl\/produkty\/sol\/sol-peklujaca\/azotynowa-sol-peklujaca\/\",\"url\":\"https:\/\/solpack24.pl\/produkty\/sol\/sol-peklujaca\/azotynowa-sol-peklujaca\/\",\"name\":\"Azotynowa s\u00f3l pekluj\u0105ca firmy Ciech | Solpack24\",\"isPartOf\":{\"@id\":\"https:\/\/solpack24.pl\/#website\"},\"datePublished\":\"2017-06-18T16:04:49+00:00\",\"dateModified\":\"2023-02-27T20:28:10+00:00\",\"description\":\"Jeden z najcz\u0119\u015bciej stosowanych konserwant\u00f3w w przemy\u015ble mi\u0119snym - azotynowa s\u00f3l pekluj\u0105ca. Oferowana przez nas s\u00f3l to produkt renomowanej firmy Ciech.\",\"breadcrumb\":{\"@id\":\"https:\/\/solpack24.pl\/produkty\/sol\/sol-peklujaca\/azotynowa-sol-peklujaca\/#breadcrumb\"},\"inLanguage\":\"en-GB\",\"potentialAction\":[{\"@type\":\"ReadAction\",\"target\":[\"https:\/\/solpack24.pl\/produkty\/sol\/sol-peklujaca\/azotynowa-sol-peklujaca\/\"]}]},{\"@type\":\"BreadcrumbList\",\"@id\":\"https:\/\/solpack24.pl\/produkty\/sol\/sol-peklujaca\/azotynowa-sol-peklujaca\/#breadcrumb\",\"itemListElement\":[{\"@type\":\"ListItem\",\"position\":1,\"name\":\"Strona g\u0142\u00f3wna\",\"item\":\"https:\/\/solpack24.pl\/\"},{\"@type\":\"ListItem\",\"position\":2,\"name\":\"SKLEP\",\"item\":\"https:\/\/solpack24.pl\/dystrybucja-produktow-solnych-oraz-chemicznych\/\"},{\"@type\":\"ListItem\",\"position\":3,\"name\":\"Azotynowa s\u00f3l pekluj\u0105ca 1000 kg !\"}]},{\"@type\":\"WebSite\",\"@id\":\"https:\/\/solpack24.pl\/#website\",\"url\":\"https:\/\/solpack24.pl\/\",\"name\":\"solpack24.pl\",\"description\":\"\",\"publisher\":{\"@id\":\"https:\/\/solpack24.pl\/#organization\"},\"potentialAction\":[{\"@type\":\"SearchAction\",\"target\":{\"@type\":\"EntryPoint\",\"urlTemplate\":\"https:\/\/solpack24.pl\/?s={search_term_string}\"},\"query-input\":\"required name=search_term_string\"}],\"inLanguage\":\"en-GB\"},{\"@type\":\"Organization\",\"@id\":\"https:\/\/solpack24.pl\/#organization\",\"name\":\"SOLPACK24\",\"url\":\"https:\/\/solpack24.pl\/\",\"logo\":{\"@type\":\"ImageObject\",\"inLanguage\":\"en-GB\",\"@id\":\"https:\/\/solpack24.pl\/#\/schema\/logo\/image\/\",\"url\":\"https:\/\/solpack24.pl\/wp-content\/uploads\/2018\/04\/projekt-sprzeda\u017c-detal-hurt-2-scaled.jpg\",\"contentUrl\":\"https:\/\/solpack24.pl\/wp-content\/uploads\/2018\/04\/projekt-sprzeda\u017c-detal-hurt-2-scaled.jpg\",\"width\":2560,\"height\":1109,\"caption\":\"SOLPACK24\"},\"image\":{\"@id\":\"https:\/\/solpack24.pl\/#\/schema\/logo\/image\/\"},\"sameAs\":[\"https:\/\/web.facebook.com\/solpack24\/\"]}]}<\/script>\n<!-- \/ Yoast SEO plugin. -->","yoast_head_json":{"title":"Azotynowa s\u00f3l pekluj\u0105ca firmy Ciech | Solpack24","description":"Jeden z najcz\u0119\u015bciej stosowanych konserwant\u00f3w w przemy\u015ble mi\u0119snym - azotynowa s\u00f3l pekluj\u0105ca. Oferowana przez nas s\u00f3l to produkt renomowanej firmy Ciech.","robots":{"index":"index","follow":"follow","max-snippet":"max-snippet:-1","max-image-preview":"max-image-preview:large","max-video-preview":"max-video-preview:-1"},"canonical":"https:\/\/solpack24.pl\/en\/produkty\/sol\/sol-peklujaca\/azotynowa-sol-peklujaca\/","og_locale":"en_GB","og_type":"article","og_title":"Azotynowa s\u00f3l pekluj\u0105ca firmy Ciech | Solpack24","og_description":"Jeden z najcz\u0119\u015bciej stosowanych konserwant\u00f3w w przemy\u015ble mi\u0119snym - azotynowa s\u00f3l pekluj\u0105ca. Oferowana przez nas s\u00f3l to produkt renomowanej firmy Ciech.","og_url":"https:\/\/solpack24.pl\/en\/produkty\/sol\/sol-peklujaca\/azotynowa-sol-peklujaca\/","og_site_name":"Solpack24","article_publisher":"https:\/\/web.facebook.com\/solpack24\/","article_modified_time":"2023-02-27T20:28:10+00:00","og_image":[{"width":664,"height":438,"url":"https:\/\/solpack24.pl\/wp-content\/uploads\/2017\/06\/PEKLOS\u00d3L-.png","type":"image\/png"}],"twitter_card":"summary_large_image","twitter_misc":{"Estimated reading time":"2 minutes"},"schema":{"@context":"https:\/\/schema.org","@graph":[{"@type":"WebPage","@id":"https:\/\/solpack24.pl\/produkty\/sol\/sol-peklujaca\/azotynowa-sol-peklujaca\/","url":"https:\/\/solpack24.pl\/produkty\/sol\/sol-peklujaca\/azotynowa-sol-peklujaca\/","name":"Azotynowa s\u00f3l pekluj\u0105ca firmy Ciech | Solpack24","isPartOf":{"@id":"https:\/\/solpack24.pl\/#website"},"datePublished":"2017-06-18T16:04:49+00:00","dateModified":"2023-02-27T20:28:10+00:00","description":"Jeden z najcz\u0119\u015bciej stosowanych konserwant\u00f3w w przemy\u015ble mi\u0119snym - azotynowa s\u00f3l pekluj\u0105ca. Oferowana przez nas s\u00f3l to produkt renomowanej firmy Ciech.","breadcrumb":{"@id":"https:\/\/solpack24.pl\/produkty\/sol\/sol-peklujaca\/azotynowa-sol-peklujaca\/#breadcrumb"},"inLanguage":"en-GB","potentialAction":[{"@type":"ReadAction","target":["https:\/\/solpack24.pl\/produkty\/sol\/sol-peklujaca\/azotynowa-sol-peklujaca\/"]}]},{"@type":"BreadcrumbList","@id":"https:\/\/solpack24.pl\/produkty\/sol\/sol-peklujaca\/azotynowa-sol-peklujaca\/#breadcrumb","itemListElement":[{"@type":"ListItem","position":1,"name":"Strona g\u0142\u00f3wna","item":"https:\/\/solpack24.pl\/"},{"@type":"ListItem","position":2,"name":"SKLEP","item":"https:\/\/solpack24.pl\/dystrybucja-produktow-solnych-oraz-chemicznych\/"},{"@type":"ListItem","position":3,"name":"Azotynowa s\u00f3l pekluj\u0105ca 1000 kg !"}]},{"@type":"WebSite","@id":"https:\/\/solpack24.pl\/#website","url":"https:\/\/solpack24.pl\/","name":"solpack24.pl","description":"","publisher":{"@id":"https:\/\/solpack24.pl\/#organization"},"potentialAction":[{"@type":"SearchAction","target":{"@type":"EntryPoint","urlTemplate":"https:\/\/solpack24.pl\/?s={search_term_string}"},"query-input":"required name=search_term_string"}],"inLanguage":"en-GB"},{"@type":"Organization","@id":"https:\/\/solpack24.pl\/#organization","name":"SOLPACK24","url":"https:\/\/solpack24.pl\/","logo":{"@type":"ImageObject","inLanguage":"en-GB","@id":"https:\/\/solpack24.pl\/#\/schema\/logo\/image\/","url":"https:\/\/solpack24.pl\/wp-content\/uploads\/2018\/04\/projekt-sprzeda\u017c-detal-hurt-2-scaled.jpg","contentUrl":"https:\/\/solpack24.pl\/wp-content\/uploads\/2018\/04\/projekt-sprzeda\u017c-detal-hurt-2-scaled.jpg","width":2560,"height":1109,"caption":"SOLPACK24"},"image":{"@id":"https:\/\/solpack24.pl\/#\/schema\/logo\/image\/"},"sameAs":["https:\/\/web.facebook.com\/solpack24\/"]}]}},"_links":{"self":[{"href":"https:\/\/solpack24.pl\/en\/wp-json\/wp\/v2\/product\/37"}],"collection":[{"href":"https:\/\/solpack24.pl\/en\/wp-json\/wp\/v2\/product"}],"about":[{"href":"https:\/\/solpack24.pl\/en\/wp-json\/wp\/v2\/types\/product"}],"replies":[{"embeddable":true,"href":"https:\/\/solpack24.pl\/en\/wp-json\/wp\/v2\/comments?post=37"}],"wp:featuredmedia":[{"embeddable":true,"href":"https:\/\/solpack24.pl\/en\/wp-json\/wp\/v2\/media\/43822"}],"wp:attachment":[{"href":"https:\/\/solpack24.pl\/en\/wp-json\/wp\/v2\/media?parent=37"}],"wp:term":[{"taxonomy":"product_cat","embeddable":true,"href":"https:\/\/solpack24.pl\/en\/wp-json\/wp\/v2\/product_cat?post=37"},{"taxonomy":"product_tag","embeddable":true,"href":"https:\/\/solpack24.pl\/en\/wp-json\/wp\/v2\/product_tag?post=37"}],"curies":[{"name":"wp","href":"https:\/\/api.w.org\/{rel}","templated":true}]}}