{"id":493395,"date":"2020-02-04T21:17:44","date_gmt":"2020-02-04T21:17:44","guid":{"rendered":"https:\/\/solpack24.pl\/?post_type=product&#038;p=493395"},"modified":"2023-01-03T00:27:28","modified_gmt":"2023-01-03T00:27:28","slug":"tabletki-solne-sol-tabletkowana-solino-500kg-wysylka-w-cenie","status":"publish","type":"product","link":"https:\/\/solpack24.pl\/en\/produkty\/sol\/tabletki-solne-do-uzdatniania-wody\/tabletki-solne-sol-tabletkowana-solino-500kg-wysylka-w-cenie\/","title":{"rendered":"Tabletki solne Solino &#8211; 500 kg WYSY\u0141KA W CENIE!"},"content":{"rendered":"<h6><strong>TABLETKI SOLNE SOLINO 500 KG:<\/strong><\/h6>\n<p>500kg \/ 20 work\u00f3w &#8211; 990 z\u0142 brutto &#8211; Transport w cenie na terenie ca\u0142ego kraju.<\/p>\n<p lang=\"pl-PL\">Czas realizacji : 1-3 dni robocze<\/p>\n<p lang=\"pl-PL\">P\u0142atno\u015b\u0107: Szybki przelew, proforma lub przelew terminowy po wcze\u015bniejszym uzgodnieniu.<\/p>\n<p>S\u00f3l tabletkowana ( chlorek sodu ) \u2013 Okr\u0105g\u0142e tabletki, barwy bia\u0142ej, bez zapachu o s\u0142onym smaku, bez oznak szlamowania podczas rozpuszczania w wodzie, rozpuszczaj\u0105 si\u0119 r\u00f3wnomiernie, bez rozpadu na pojedyncze kryszta\u0142y. Zastosowanie &#8211; Produkt przeznaczony do proces\u00f3w uzdatniania wody, m.in. do regeneracji wymiennik\u00f3w jonitowych, regeneracji zmi\u0119kczaczy wody i filtr\u00f3w multifunkcyjnych. Regularne stosowanie soli tabletkowanej w znacz\u0105cy spos\u00f3b wyd\u0142u\u017ca bezawaryjn\u0105 prac\u0119 urz\u0105dze\u0144 gospodarstwa domowego (pralki, zmywarki czy baterie do wody).<\/p>\n<p><strong>SPECYFIKACJA PRODUKTU <a href=\"https:\/\/www.solino.pl\/PL\/NaszaOferta\/UzdatnianieWody\/Documents\/20180716_Tabletki_solne.pdf\">(KLIKNIJ TUTAJ)<\/a><\/strong><\/p>\n<p><strong>KARTA CHARAKTERYSTYKI PRODUKTU <a href=\"https:\/\/www.solino.pl\/PL\/NaszaOferta\/UzdatnianieWody\/Documents\/TABLETKI_SOLNE.pdf\">(KLIKNIJ TUTAJ)<\/a><\/strong><\/p>\n<div><\/div>\n<div><\/div>\n<div>\n<p>Wszystkie przesy\u0142ki zam\u00f3wione do godziny 11.00 wysy\u0142ane s\u0105 tego samego dnia i dor\u0119czone kolejnego dnia roboczego.<\/p>\n<p><strong>Masz pytania ? Zapraszam do kontaktu pod numerem: 883 543 778 lub poprzez formularz kontaktowy <a href=\"https:\/\/solpack24.pl\/en\/kontakt\/\">(KLIKNIJ TUTAJ)<\/a><\/strong><\/p>\n<\/div>","protected":false},"excerpt":{"rendered":"<p>S\u00f3l tabletkowana jest przeznaczona do system\u00f3w uzdatniania wody w celu regeneracji wymiennika jonitowego, zmi\u0119kczacza wody i filtr\u00f3w wielofunkcyjnych.<\/p>","protected":false},"featured_media":493396,"comment_status":"open","ping_status":"closed","template":"","meta":{"site-sidebar-layout":"default","site-content-layout":"default","ast-site-content-layout":"","site-content-style":"default","site-sidebar-style":"default","ast-global-header-display":"","ast-banner-title-visibility":"","ast-main-header-display":"","ast-hfb-above-header-display":"","ast-hfb-below-header-display":"","ast-hfb-mobile-header-display":"","site-post-title":"","ast-breadcrumbs-content":"","ast-featured-img":"","footer-sml-layout":"","theme-transparent-header-meta":"default","adv-header-id-meta":"","stick-header-meta":"","header-above-stick-meta":"","header-main-stick-meta":"","header-below-stick-meta":"","astra-migrate-meta-layouts":"default","ast-page-background-enabled":"default","ast-page-background-meta":{"desktop":{"background-color":"","background-image":"","background-repeat":"repeat","background-position":"center center","background-size":"auto","background-attachment":"scroll","background-type":"","background-media":"","overlay-type":"","overlay-color":"","overlay-opacity":"","overlay-gradient":""},"tablet":{"background-color":"","background-image":"","background-repeat":"repeat","background-position":"center center","background-size":"auto","background-attachment":"scroll","background-type":"","background-media":"","overlay-type":"","overlay-color":"","overlay-opacity":"","overlay-gradient":""},"mobile":{"background-color":"","background-image":"","background-repeat":"repeat","background-position":"center center","background-size":"auto","background-attachment":"scroll","background-type":"","background-media":"","overlay-type":"","overlay-color":"","overlay-opacity":"","overlay-gradient":""}},"ast-content-background-meta":{"desktop":{"background-color":"var(--ast-global-color-5)","background-image":"","background-repeat":"repeat","background-position":"center center","background-size":"auto","background-attachment":"scroll","background-type":"","background-media":"","overlay-type":"","overlay-color":"","overlay-opacity":"","overlay-gradient":""},"tablet":{"background-color":"var(--ast-global-color-5)","background-image":"","background-repeat":"repeat","background-position":"center center","background-size":"auto","background-attachment":"scroll","background-type":"","background-media":"","overlay-type":"","overlay-color":"","overlay-opacity":"","overlay-gradient":""},"mobile":{"background-color":"var(--ast-global-color-5)","background-image":"","background-repeat":"repeat","background-position":"center center","background-size":"auto","background-attachment":"scroll","background-type":"","background-media":"","overlay-type":"","overlay-color":"","overlay-opacity":"","overlay-gradient":""}}},"product_cat":[132,334],"product_tag":[],"yoast_head":"<!-- This site is optimized with the Yoast SEO plugin v20.8 - https:\/\/yoast.com\/wordpress\/plugins\/seo\/ -->\n<title>Tabletki solne Solino - 500 kg WYSY\u0141KA W CENIE! - Solpack24<\/title>\n<meta name=\"description\" content=\"Najwy\u017cszej jako\u015bci okr\u0105g\u0142e tabletki solne u\u017cywane do uzdatniania lub zmi\u0119kczania wody producenta SOLINO Solaqua Chlorek Sodu \u2013 NaCl\" \/>\n<meta name=\"robots\" content=\"index, follow, max-snippet:-1, max-image-preview:large, max-video-preview:-1\" \/>\n<link rel=\"canonical\" href=\"https:\/\/solpack24.pl\/en\/produkty\/sol\/tabletki-solne-do-uzdatniania-wody\/tabletki-solne-sol-tabletkowana-solino-500kg-wysylka-w-cenie\/\" \/>\n<meta property=\"og:locale\" content=\"en_GB\" \/>\n<meta property=\"og:type\" content=\"article\" \/>\n<meta property=\"og:title\" content=\"Tabletki solne Solino - 500 kg WYSY\u0141KA W CENIE! - Solpack24\" \/>\n<meta property=\"og:description\" content=\"Najwy\u017cszej jako\u015bci okr\u0105g\u0142e tabletki solne u\u017cywane do uzdatniania lub zmi\u0119kczania wody producenta SOLINO Solaqua Chlorek Sodu \u2013 NaCl\" \/>\n<meta property=\"og:url\" content=\"https:\/\/solpack24.pl\/en\/produkty\/sol\/tabletki-solne-do-uzdatniania-wody\/tabletki-solne-sol-tabletkowana-solino-500kg-wysylka-w-cenie\/\" \/>\n<meta property=\"og:site_name\" content=\"Solpack24\" \/>\n<meta property=\"article:publisher\" content=\"https:\/\/web.facebook.com\/solpack24\/\" \/>\n<meta property=\"article:modified_time\" content=\"2023-01-03T00:27:28+00:00\" \/>\n<meta property=\"og:image\" content=\"https:\/\/solpack24.pl\/wp-content\/uploads\/2020\/02\/TAB-SOLINO-500-kg-scaled-e1581626797584.jpeg\" \/>\n\t<meta property=\"og:image:width\" content=\"1000\" \/>\n\t<meta property=\"og:image:height\" content=\"1333\" \/>\n\t<meta property=\"og:image:type\" content=\"image\/jpeg\" \/>\n<meta name=\"twitter:card\" content=\"summary_large_image\" \/>\n<meta name=\"twitter:label1\" content=\"Estimated reading time\" \/>\n\t<meta name=\"twitter:data1\" content=\"1 minute\" \/>\n<script type=\"application\/ld+json\" class=\"yoast-schema-graph\">{\"@context\":\"https:\/\/schema.org\",\"@graph\":[{\"@type\":\"WebPage\",\"@id\":\"https:\/\/solpack24.pl\/produkty\/sol\/tabletki-solne-do-uzdatniania-wody\/tabletki-solne-sol-tabletkowana-solino-500kg-wysylka-w-cenie\/\",\"url\":\"https:\/\/solpack24.pl\/produkty\/sol\/tabletki-solne-do-uzdatniania-wody\/tabletki-solne-sol-tabletkowana-solino-500kg-wysylka-w-cenie\/\",\"name\":\"Tabletki solne Solino - 500 kg WYSY\u0141KA W CENIE! - Solpack24\",\"isPartOf\":{\"@id\":\"https:\/\/solpack24.pl\/#website\"},\"datePublished\":\"2020-02-04T21:17:44+00:00\",\"dateModified\":\"2023-01-03T00:27:28+00:00\",\"description\":\"Najwy\u017cszej jako\u015bci okr\u0105g\u0142e tabletki solne u\u017cywane do uzdatniania lub zmi\u0119kczania wody producenta SOLINO Solaqua Chlorek Sodu \u2013 NaCl\",\"breadcrumb\":{\"@id\":\"https:\/\/solpack24.pl\/produkty\/sol\/tabletki-solne-do-uzdatniania-wody\/tabletki-solne-sol-tabletkowana-solino-500kg-wysylka-w-cenie\/#breadcrumb\"},\"inLanguage\":\"en-GB\",\"potentialAction\":[{\"@type\":\"ReadAction\",\"target\":[\"https:\/\/solpack24.pl\/produkty\/sol\/tabletki-solne-do-uzdatniania-wody\/tabletki-solne-sol-tabletkowana-solino-500kg-wysylka-w-cenie\/\"]}]},{\"@type\":\"BreadcrumbList\",\"@id\":\"https:\/\/solpack24.pl\/produkty\/sol\/tabletki-solne-do-uzdatniania-wody\/tabletki-solne-sol-tabletkowana-solino-500kg-wysylka-w-cenie\/#breadcrumb\",\"itemListElement\":[{\"@type\":\"ListItem\",\"position\":1,\"name\":\"Strona g\u0142\u00f3wna\",\"item\":\"https:\/\/solpack24.pl\/\"},{\"@type\":\"ListItem\",\"position\":2,\"name\":\"SKLEP\",\"item\":\"https:\/\/solpack24.pl\/dystrybucja-produktow-solnych-oraz-chemicznych\/\"},{\"@type\":\"ListItem\",\"position\":3,\"name\":\"Tabletki solne Solino &#8211; 500 kg WYSY\u0141KA W CENIE!\"}]},{\"@type\":\"WebSite\",\"@id\":\"https:\/\/solpack24.pl\/#website\",\"url\":\"https:\/\/solpack24.pl\/\",\"name\":\"solpack24.pl\",\"description\":\"\",\"publisher\":{\"@id\":\"https:\/\/solpack24.pl\/#organization\"},\"potentialAction\":[{\"@type\":\"SearchAction\",\"target\":{\"@type\":\"EntryPoint\",\"urlTemplate\":\"https:\/\/solpack24.pl\/?s={search_term_string}\"},\"query-input\":\"required name=search_term_string\"}],\"inLanguage\":\"en-GB\"},{\"@type\":\"Organization\",\"@id\":\"https:\/\/solpack24.pl\/#organization\",\"name\":\"SOLPACK24\",\"url\":\"https:\/\/solpack24.pl\/\",\"logo\":{\"@type\":\"ImageObject\",\"inLanguage\":\"en-GB\",\"@id\":\"https:\/\/solpack24.pl\/#\/schema\/logo\/image\/\",\"url\":\"https:\/\/solpack24.pl\/wp-content\/uploads\/2018\/04\/projekt-sprzeda\u017c-detal-hurt-2-scaled.jpg\",\"contentUrl\":\"https:\/\/solpack24.pl\/wp-content\/uploads\/2018\/04\/projekt-sprzeda\u017c-detal-hurt-2-scaled.jpg\",\"width\":2560,\"height\":1109,\"caption\":\"SOLPACK24\"},\"image\":{\"@id\":\"https:\/\/solpack24.pl\/#\/schema\/logo\/image\/\"},\"sameAs\":[\"https:\/\/web.facebook.com\/solpack24\/\"]}]}<\/script>\n<!-- \/ Yoast SEO plugin. -->","yoast_head_json":{"title":"Tabletki solne Solino - 500 kg WYSY\u0141KA W CENIE! - Solpack24","description":"Najwy\u017cszej jako\u015bci okr\u0105g\u0142e tabletki solne u\u017cywane do uzdatniania lub zmi\u0119kczania wody producenta SOLINO Solaqua Chlorek Sodu \u2013 NaCl","robots":{"index":"index","follow":"follow","max-snippet":"max-snippet:-1","max-image-preview":"max-image-preview:large","max-video-preview":"max-video-preview:-1"},"canonical":"https:\/\/solpack24.pl\/en\/produkty\/sol\/tabletki-solne-do-uzdatniania-wody\/tabletki-solne-sol-tabletkowana-solino-500kg-wysylka-w-cenie\/","og_locale":"en_GB","og_type":"article","og_title":"Tabletki solne Solino - 500 kg WYSY\u0141KA W CENIE! - Solpack24","og_description":"Najwy\u017cszej jako\u015bci okr\u0105g\u0142e tabletki solne u\u017cywane do uzdatniania lub zmi\u0119kczania wody producenta SOLINO Solaqua Chlorek Sodu \u2013 NaCl","og_url":"https:\/\/solpack24.pl\/en\/produkty\/sol\/tabletki-solne-do-uzdatniania-wody\/tabletki-solne-sol-tabletkowana-solino-500kg-wysylka-w-cenie\/","og_site_name":"Solpack24","article_publisher":"https:\/\/web.facebook.com\/solpack24\/","article_modified_time":"2023-01-03T00:27:28+00:00","og_image":[{"width":1000,"height":1333,"url":"https:\/\/solpack24.pl\/wp-content\/uploads\/2020\/02\/TAB-SOLINO-500-kg-scaled-e1581626797584.jpeg","type":"image\/jpeg"}],"twitter_card":"summary_large_image","twitter_misc":{"Estimated reading time":"1 minute"},"schema":{"@context":"https:\/\/schema.org","@graph":[{"@type":"WebPage","@id":"https:\/\/solpack24.pl\/produkty\/sol\/tabletki-solne-do-uzdatniania-wody\/tabletki-solne-sol-tabletkowana-solino-500kg-wysylka-w-cenie\/","url":"https:\/\/solpack24.pl\/produkty\/sol\/tabletki-solne-do-uzdatniania-wody\/tabletki-solne-sol-tabletkowana-solino-500kg-wysylka-w-cenie\/","name":"Tabletki solne Solino - 500 kg WYSY\u0141KA W CENIE! - Solpack24","isPartOf":{"@id":"https:\/\/solpack24.pl\/#website"},"datePublished":"2020-02-04T21:17:44+00:00","dateModified":"2023-01-03T00:27:28+00:00","description":"Najwy\u017cszej jako\u015bci okr\u0105g\u0142e tabletki solne u\u017cywane do uzdatniania lub zmi\u0119kczania wody producenta SOLINO Solaqua Chlorek Sodu \u2013 NaCl","breadcrumb":{"@id":"https:\/\/solpack24.pl\/produkty\/sol\/tabletki-solne-do-uzdatniania-wody\/tabletki-solne-sol-tabletkowana-solino-500kg-wysylka-w-cenie\/#breadcrumb"},"inLanguage":"en-GB","potentialAction":[{"@type":"ReadAction","target":["https:\/\/solpack24.pl\/produkty\/sol\/tabletki-solne-do-uzdatniania-wody\/tabletki-solne-sol-tabletkowana-solino-500kg-wysylka-w-cenie\/"]}]},{"@type":"BreadcrumbList","@id":"https:\/\/solpack24.pl\/produkty\/sol\/tabletki-solne-do-uzdatniania-wody\/tabletki-solne-sol-tabletkowana-solino-500kg-wysylka-w-cenie\/#breadcrumb","itemListElement":[{"@type":"ListItem","position":1,"name":"Strona g\u0142\u00f3wna","item":"https:\/\/solpack24.pl\/"},{"@type":"ListItem","position":2,"name":"SKLEP","item":"https:\/\/solpack24.pl\/dystrybucja-produktow-solnych-oraz-chemicznych\/"},{"@type":"ListItem","position":3,"name":"Tabletki solne Solino &#8211; 500 kg WYSY\u0141KA W CENIE!"}]},{"@type":"WebSite","@id":"https:\/\/solpack24.pl\/#website","url":"https:\/\/solpack24.pl\/","name":"solpack24.pl","description":"","publisher":{"@id":"https:\/\/solpack24.pl\/#organization"},"potentialAction":[{"@type":"SearchAction","target":{"@type":"EntryPoint","urlTemplate":"https:\/\/solpack24.pl\/?s={search_term_string}"},"query-input":"required name=search_term_string"}],"inLanguage":"en-GB"},{"@type":"Organization","@id":"https:\/\/solpack24.pl\/#organization","name":"SOLPACK24","url":"https:\/\/solpack24.pl\/","logo":{"@type":"ImageObject","inLanguage":"en-GB","@id":"https:\/\/solpack24.pl\/#\/schema\/logo\/image\/","url":"https:\/\/solpack24.pl\/wp-content\/uploads\/2018\/04\/projekt-sprzeda\u017c-detal-hurt-2-scaled.jpg","contentUrl":"https:\/\/solpack24.pl\/wp-content\/uploads\/2018\/04\/projekt-sprzeda\u017c-detal-hurt-2-scaled.jpg","width":2560,"height":1109,"caption":"SOLPACK24"},"image":{"@id":"https:\/\/solpack24.pl\/#\/schema\/logo\/image\/"},"sameAs":["https:\/\/web.facebook.com\/solpack24\/"]}]}},"_links":{"self":[{"href":"https:\/\/solpack24.pl\/en\/wp-json\/wp\/v2\/product\/493395"}],"collection":[{"href":"https:\/\/solpack24.pl\/en\/wp-json\/wp\/v2\/product"}],"about":[{"href":"https:\/\/solpack24.pl\/en\/wp-json\/wp\/v2\/types\/product"}],"replies":[{"embeddable":true,"href":"https:\/\/solpack24.pl\/en\/wp-json\/wp\/v2\/comments?post=493395"}],"wp:featuredmedia":[{"embeddable":true,"href":"https:\/\/solpack24.pl\/en\/wp-json\/wp\/v2\/media\/493396"}],"wp:attachment":[{"href":"https:\/\/solpack24.pl\/en\/wp-json\/wp\/v2\/media?parent=493395"}],"wp:term":[{"taxonomy":"product_cat","embeddable":true,"href":"https:\/\/solpack24.pl\/en\/wp-json\/wp\/v2\/product_cat?post=493395"},{"taxonomy":"product_tag","embeddable":true,"href":"https:\/\/solpack24.pl\/en\/wp-json\/wp\/v2\/product_tag?post=493395"}],"curies":[{"name":"wp","href":"https:\/\/api.w.org\/{rel}","templated":true}]}}