{"id":498,"date":"2019-04-20T13:11:19","date_gmt":"2019-04-20T13:11:19","guid":{"rendered":"https:\/\/solpack24.pl\/?post_type=product&#038;p=498"},"modified":"2025-02-13T10:09:28","modified_gmt":"2025-02-13T10:09:28","slug":"fluoresceina-200-wysokiej-jakosci-barwnik-1000g-1kg","status":"publish","type":"product","link":"https:\/\/solpack24.pl\/en\/produkty\/produkty-chemiczne\/fluoresceina-barwnik\/fluoresceina-200-wysokiej-jakosci-barwnik-1000g-1kg\/","title":{"rendered":"Fluoresceina 200% &#8211; 1000g &#8211; 1kg"},"content":{"rendered":"<p><strong>FLUORESCEINA 200 % <\/strong><strong>Uranina &#8211; wiaderko 1 kg<\/strong><\/p>\n<p>Fluoresceina 200 % , dzi\u0119ki swojej du\u017cej wydajno\u015bci kolorystycznej oraz selektywnej barwie, jest idealna do znakowania wody w obiegach ciep\u0142owniczych, poniewa\u017c umo\u017cliwia wykrywanie wyciek\u00f3w. Barwnik stosuje si\u0119 tak\u017ce do barwienia produkt\u00f3w chemii gospodarczej, a po u\u017cyciu woda przyjmuje charakterystyczn\u0105 barw\u0119 \u017c\u00f3\u0142to-zielonkaw\u0105. Poniewa\u017c fluoresceina bardzo dobrze rozpuszcza si\u0119 w wodzie, mo\u017ce by\u0107 r\u00f3wnie\u017c u\u017cywana do zabarwiania r\u00f3\u017cnych \u015brodk\u00f3w gospodarstwa domowego, takich jak \u015brodki czysto\u015bci, detergenty czy kostki toaletowe.<\/p>\n<p>Standardowe zu\u017cycie barwnika do barwienia wody w obiegach ciep\u0142owniczych wynosi 10\u201320 g\/m\u00b3, w zale\u017cno\u015bci od potrzeb i wymaga\u0144.<\/p>\n<p><strong>SPECYFIKACJA<\/strong><\/p>\n<ul>\n<li><strong>Posta\u0107:<\/strong> Pomara\u0144czowy\/oran\u017cowy proszek<\/li>\n<li><strong>Koncentracja:<\/strong> 200% \u00b1 5% (w odniesieniu do standardu)<\/li>\n<li><strong>Odcie\u0144:<\/strong><br \/>\n\u2206E \u2264 1.0<br \/>\n-0.2 \u2264 \u2206L \u2264 0.5<br \/>\n-0.5 \u2264 \u2206C \u2264 0.5<\/li>\n<li><strong>Rozpuszczalno\u015b\u0107 w wodzie (100\u00baC):<\/strong> \u2265 10 g\/l<\/li>\n<\/ul>\n<p>Fluoresceina to organiczny zwi\u0105zek chemiczny, pochodna ksantenu, kt\u00f3ry pe\u0142ni funkcj\u0119 barwnika ksantenowego. W roztworach zasadowych fluoresceina wykazuje zielono-\u017c\u00f3\u0142t\u0105 fluorescencj\u0119, widoczn\u0105 nawet przy rozcie\u0144czeniu wynosz\u0105cym 1:40 milion\u00f3w. S\u00f3l sodowa fluoresceiny, znana jako uranina, znajduje zastosowanie w kryminalistyce, zw\u0142aszcza przy wykrywaniu krwi na miejscu zbrodni.<\/p>\n<h3><strong>Korzy\u015bci z zakupu fluoresceiny 200%:<\/strong><\/h3>\n<ul>\n<li>Wysoka <strong>wydajno\u015b\u0107 kolorystyczna<\/strong> \u2013 idealna do wykrywania wyciek\u00f3w w <strong>obiegach wodnych<\/strong> i <strong>ciep\u0142owniczych<\/strong>.<\/li>\n<li><strong>Bezpieczna<\/strong> \u2013 posiada atest PZH, co zapewnia jej zgodno\u015b\u0107 z normami higienicznymi i ekologicznymi.<\/li>\n<li><strong>Szerokie zastosowanie<\/strong> \u2013 mo\u017ce by\u0107 u\u017cywana w r\u00f3\u017cnych bran\u017cach, w tym chemii gospodarczej (np. w detergentach, \u015brodkach czysto\u015bci).<\/li>\n<li><strong>\u0141atwa w u\u017cyciu<\/strong> \u2013 doskona\u0142a rozpuszczalno\u015b\u0107 w wodzie sprawia, \u017ce jej stosowanie jest szybkie i wygodne.<\/li>\n<\/ul>\n<p><strong>Jak powstaje barwnik?<\/strong><\/p>\n<p>Fluorescein\u0119 otrzymuje si\u0119 przez po\u0142\u0105czenie bezwodnika ftalowego z rezorcyn\u0105, stosuj\u0105c jako katalizator chlorek cynku (ZnCl\u2082). W wyniku tego procesu powstaje barwnik, kt\u00f3ry wykazuje unikalne w\u0142a\u015bciwo\u015bci fluorescencyjne.<\/p>\n<p><strong>Zastosowanie w przemy\u015ble:<\/strong><\/p>\n<p>Fluoresceina, w postaci leukobarwnika, znajduje zastosowanie w r\u00f3\u017cnych dziedzinach przemys\u0142owych, takich jak wykrywanie wyciek\u00f3w w sieciach wodoci\u0105gowych, a tak\u017ce w produkcji chemikali\u00f3w.<\/p>\n<p>Dzi\u0119ki <strong>atestowi PZH<\/strong> (Pa\u0144stwowy Zak\u0142ad Higieny), fluoresceina 200% jest bezpieczna w u\u017cyciu i spe\u0142nia wszystkie normy dotycz\u0105ce jako\u015bci produkt\u00f3w chemicznych.<\/p>\n<p>Opis barwnika na stronie wikipedia: <a href=\"https:\/\/pl.wikipedia.org\/wiki\/Fluoresceina\">https:\/\/pl.wikipedia.org\/wiki\/Fluoresceina<\/a><\/p>\n<p>&nbsp;<\/p>\n<div class=\"enc-haslo enc-haslo-tresc enc-anchor\">\n<div class=\"haslo\">\n<div class=\"base-entry\">\n<div class=\"base-entry-body\">\n<article>\n<div><\/div>\n<\/article>\n<\/div>\n<\/div>\n<\/div>\n<\/div>","protected":false},"excerpt":{"rendered":"<p>Wysoka\u00a0<strong>wydajno\u015b\u0107 kolorystyczna<\/strong>\u00a0\u2013 idealna do wykrywania wyciek\u00f3w w\u00a0<strong>obiegach wodnych<\/strong>\u00a0i\u00a0<strong>ciep\u0142owniczych<\/strong>.<\/p>","protected":false},"featured_media":498319,"comment_status":"open","ping_status":"closed","template":"","meta":{"site-sidebar-layout":"default","site-content-layout":"default","ast-site-content-layout":"default","site-content-style":"default","site-sidebar-style":"default","ast-global-header-display":"","ast-banner-title-visibility":"","ast-main-header-display":"","ast-hfb-above-header-display":"","ast-hfb-below-header-display":"","ast-hfb-mobile-header-display":"","site-post-title":"","ast-breadcrumbs-content":"","ast-featured-img":"","footer-sml-layout":"","theme-transparent-header-meta":"default","adv-header-id-meta":"","stick-header-meta":"","header-above-stick-meta":"","header-main-stick-meta":"","header-below-stick-meta":"","astra-migrate-meta-layouts":"set","ast-page-background-enabled":"default","ast-page-background-meta":{"desktop":{"background-color":"","background-image":"","background-repeat":"repeat","background-position":"center center","background-size":"auto","background-attachment":"scroll","background-type":"","background-media":"","overlay-type":"","overlay-color":"","overlay-opacity":"","overlay-gradient":""},"tablet":{"background-color":"","background-image":"","background-repeat":"repeat","background-position":"center center","background-size":"auto","background-attachment":"scroll","background-type":"","background-media":"","overlay-type":"","overlay-color":"","overlay-opacity":"","overlay-gradient":""},"mobile":{"background-color":"","background-image":"","background-repeat":"repeat","background-position":"center center","background-size":"auto","background-attachment":"scroll","background-type":"","background-media":"","overlay-type":"","overlay-color":"","overlay-opacity":"","overlay-gradient":""}},"ast-content-background-meta":{"desktop":{"background-color":"var(--ast-global-color-5)","background-image":"","background-repeat":"repeat","background-position":"center center","background-size":"auto","background-attachment":"scroll","background-type":"","background-media":"","overlay-type":"","overlay-color":"","overlay-opacity":"","overlay-gradient":""},"tablet":{"background-color":"var(--ast-global-color-5)","background-image":"","background-repeat":"repeat","background-position":"center center","background-size":"auto","background-attachment":"scroll","background-type":"","background-media":"","overlay-type":"","overlay-color":"","overlay-opacity":"","overlay-gradient":""},"mobile":{"background-color":"var(--ast-global-color-5)","background-image":"","background-repeat":"repeat","background-position":"center center","background-size":"auto","background-attachment":"scroll","background-type":"","background-media":"","overlay-type":"","overlay-color":"","overlay-opacity":"","overlay-gradient":""}}},"product_cat":[349,340],"product_tag":[],"yoast_head":"<!-- This site is optimized with the Yoast SEO plugin v20.8 - https:\/\/yoast.com\/wordpress\/plugins\/seo\/ -->\n<title>Fluoresceina 200% - 1000g - 1kg - Solpack24<\/title>\n<meta name=\"description\" content=\"Fluoresceina 200% (znana r\u00f3wnie\u017c jako uranina) to intensywny barwnik fluorescencyjny, wykorzystywany g\u0142\u00f3wnie do wykrywania wyciek\u00f3w w obiegach wodnych.\" \/>\n<meta name=\"robots\" content=\"index, follow, max-snippet:-1, max-image-preview:large, max-video-preview:-1\" \/>\n<link rel=\"canonical\" href=\"https:\/\/solpack24.pl\/en\/produkty\/produkty-chemiczne\/fluoresceina-barwnik\/fluoresceina-200-wysokiej-jakosci-barwnik-1000g-1kg\/\" \/>\n<meta property=\"og:locale\" content=\"en_GB\" \/>\n<meta property=\"og:type\" content=\"article\" \/>\n<meta property=\"og:title\" content=\"Fluoresceina 200% - 1000g - 1kg - Solpack24\" \/>\n<meta property=\"og:description\" content=\"Fluoresceina 200% (znana r\u00f3wnie\u017c jako uranina) to intensywny barwnik fluorescencyjny, wykorzystywany g\u0142\u00f3wnie do wykrywania wyciek\u00f3w w obiegach wodnych.\" \/>\n<meta property=\"og:url\" content=\"https:\/\/solpack24.pl\/en\/produkty\/produkty-chemiczne\/fluoresceina-barwnik\/fluoresceina-200-wysokiej-jakosci-barwnik-1000g-1kg\/\" \/>\n<meta property=\"og:site_name\" content=\"Solpack24\" \/>\n<meta property=\"article:publisher\" content=\"https:\/\/web.facebook.com\/solpack24\/\" \/>\n<meta property=\"article:modified_time\" content=\"2025-02-13T10:09:28+00:00\" \/>\n<meta property=\"og:image\" content=\"https:\/\/solpack24.pl\/wp-content\/uploads\/2019\/09\/Fluoresceina-wiaderko-1-kg-1-scaled-1.jpeg\" \/>\n\t<meta property=\"og:image:width\" content=\"1742\" \/>\n\t<meta property=\"og:image:height\" content=\"2560\" \/>\n\t<meta property=\"og:image:type\" content=\"image\/jpeg\" \/>\n<meta name=\"twitter:card\" content=\"summary_large_image\" \/>\n<meta name=\"twitter:label1\" content=\"Estimated reading time\" \/>\n\t<meta name=\"twitter:data1\" content=\"2 minutes\" \/>\n<script type=\"application\/ld+json\" class=\"yoast-schema-graph\">{\"@context\":\"https:\/\/schema.org\",\"@graph\":[{\"@type\":\"WebPage\",\"@id\":\"https:\/\/solpack24.pl\/produkty\/produkty-chemiczne\/fluoresceina-barwnik\/fluoresceina-200-wysokiej-jakosci-barwnik-1000g-1kg\/\",\"url\":\"https:\/\/solpack24.pl\/produkty\/produkty-chemiczne\/fluoresceina-barwnik\/fluoresceina-200-wysokiej-jakosci-barwnik-1000g-1kg\/\",\"name\":\"Fluoresceina 200% - 1000g - 1kg - Solpack24\",\"isPartOf\":{\"@id\":\"https:\/\/solpack24.pl\/#website\"},\"datePublished\":\"2019-04-20T13:11:19+00:00\",\"dateModified\":\"2025-02-13T10:09:28+00:00\",\"description\":\"Fluoresceina 200% (znana r\u00f3wnie\u017c jako uranina) to intensywny barwnik fluorescencyjny, wykorzystywany g\u0142\u00f3wnie do wykrywania wyciek\u00f3w w obiegach wodnych.\",\"breadcrumb\":{\"@id\":\"https:\/\/solpack24.pl\/produkty\/produkty-chemiczne\/fluoresceina-barwnik\/fluoresceina-200-wysokiej-jakosci-barwnik-1000g-1kg\/#breadcrumb\"},\"inLanguage\":\"en-GB\",\"potentialAction\":[{\"@type\":\"ReadAction\",\"target\":[\"https:\/\/solpack24.pl\/produkty\/produkty-chemiczne\/fluoresceina-barwnik\/fluoresceina-200-wysokiej-jakosci-barwnik-1000g-1kg\/\"]}]},{\"@type\":\"BreadcrumbList\",\"@id\":\"https:\/\/solpack24.pl\/produkty\/produkty-chemiczne\/fluoresceina-barwnik\/fluoresceina-200-wysokiej-jakosci-barwnik-1000g-1kg\/#breadcrumb\",\"itemListElement\":[{\"@type\":\"ListItem\",\"position\":1,\"name\":\"Strona g\u0142\u00f3wna\",\"item\":\"https:\/\/solpack24.pl\/\"},{\"@type\":\"ListItem\",\"position\":2,\"name\":\"SKLEP\",\"item\":\"https:\/\/solpack24.pl\/dystrybucja-produktow-solnych-oraz-chemicznych\/\"},{\"@type\":\"ListItem\",\"position\":3,\"name\":\"Fluoresceina 200% &#8211; 1000g &#8211; 1kg\"}]},{\"@type\":\"WebSite\",\"@id\":\"https:\/\/solpack24.pl\/#website\",\"url\":\"https:\/\/solpack24.pl\/\",\"name\":\"solpack24.pl\",\"description\":\"\",\"publisher\":{\"@id\":\"https:\/\/solpack24.pl\/#organization\"},\"potentialAction\":[{\"@type\":\"SearchAction\",\"target\":{\"@type\":\"EntryPoint\",\"urlTemplate\":\"https:\/\/solpack24.pl\/?s={search_term_string}\"},\"query-input\":\"required name=search_term_string\"}],\"inLanguage\":\"en-GB\"},{\"@type\":\"Organization\",\"@id\":\"https:\/\/solpack24.pl\/#organization\",\"name\":\"SOLPACK24\",\"url\":\"https:\/\/solpack24.pl\/\",\"logo\":{\"@type\":\"ImageObject\",\"inLanguage\":\"en-GB\",\"@id\":\"https:\/\/solpack24.pl\/#\/schema\/logo\/image\/\",\"url\":\"https:\/\/solpack24.pl\/wp-content\/uploads\/2018\/04\/projekt-sprzeda\u017c-detal-hurt-2-scaled.jpg\",\"contentUrl\":\"https:\/\/solpack24.pl\/wp-content\/uploads\/2018\/04\/projekt-sprzeda\u017c-detal-hurt-2-scaled.jpg\",\"width\":2560,\"height\":1109,\"caption\":\"SOLPACK24\"},\"image\":{\"@id\":\"https:\/\/solpack24.pl\/#\/schema\/logo\/image\/\"},\"sameAs\":[\"https:\/\/web.facebook.com\/solpack24\/\"]}]}<\/script>\n<!-- \/ Yoast SEO plugin. -->","yoast_head_json":{"title":"Fluoresceina 200% - 1000g - 1kg - Solpack24","description":"Fluoresceina 200% (znana r\u00f3wnie\u017c jako uranina) to intensywny barwnik fluorescencyjny, wykorzystywany g\u0142\u00f3wnie do wykrywania wyciek\u00f3w w obiegach wodnych.","robots":{"index":"index","follow":"follow","max-snippet":"max-snippet:-1","max-image-preview":"max-image-preview:large","max-video-preview":"max-video-preview:-1"},"canonical":"https:\/\/solpack24.pl\/en\/produkty\/produkty-chemiczne\/fluoresceina-barwnik\/fluoresceina-200-wysokiej-jakosci-barwnik-1000g-1kg\/","og_locale":"en_GB","og_type":"article","og_title":"Fluoresceina 200% - 1000g - 1kg - Solpack24","og_description":"Fluoresceina 200% (znana r\u00f3wnie\u017c jako uranina) to intensywny barwnik fluorescencyjny, wykorzystywany g\u0142\u00f3wnie do wykrywania wyciek\u00f3w w obiegach wodnych.","og_url":"https:\/\/solpack24.pl\/en\/produkty\/produkty-chemiczne\/fluoresceina-barwnik\/fluoresceina-200-wysokiej-jakosci-barwnik-1000g-1kg\/","og_site_name":"Solpack24","article_publisher":"https:\/\/web.facebook.com\/solpack24\/","article_modified_time":"2025-02-13T10:09:28+00:00","og_image":[{"width":1742,"height":2560,"url":"https:\/\/solpack24.pl\/wp-content\/uploads\/2019\/09\/Fluoresceina-wiaderko-1-kg-1-scaled-1.jpeg","type":"image\/jpeg"}],"twitter_card":"summary_large_image","twitter_misc":{"Estimated reading time":"2 minutes"},"schema":{"@context":"https:\/\/schema.org","@graph":[{"@type":"WebPage","@id":"https:\/\/solpack24.pl\/produkty\/produkty-chemiczne\/fluoresceina-barwnik\/fluoresceina-200-wysokiej-jakosci-barwnik-1000g-1kg\/","url":"https:\/\/solpack24.pl\/produkty\/produkty-chemiczne\/fluoresceina-barwnik\/fluoresceina-200-wysokiej-jakosci-barwnik-1000g-1kg\/","name":"Fluoresceina 200% - 1000g - 1kg - Solpack24","isPartOf":{"@id":"https:\/\/solpack24.pl\/#website"},"datePublished":"2019-04-20T13:11:19+00:00","dateModified":"2025-02-13T10:09:28+00:00","description":"Fluoresceina 200% (znana r\u00f3wnie\u017c jako uranina) to intensywny barwnik fluorescencyjny, wykorzystywany g\u0142\u00f3wnie do wykrywania wyciek\u00f3w w obiegach wodnych.","breadcrumb":{"@id":"https:\/\/solpack24.pl\/produkty\/produkty-chemiczne\/fluoresceina-barwnik\/fluoresceina-200-wysokiej-jakosci-barwnik-1000g-1kg\/#breadcrumb"},"inLanguage":"en-GB","potentialAction":[{"@type":"ReadAction","target":["https:\/\/solpack24.pl\/produkty\/produkty-chemiczne\/fluoresceina-barwnik\/fluoresceina-200-wysokiej-jakosci-barwnik-1000g-1kg\/"]}]},{"@type":"BreadcrumbList","@id":"https:\/\/solpack24.pl\/produkty\/produkty-chemiczne\/fluoresceina-barwnik\/fluoresceina-200-wysokiej-jakosci-barwnik-1000g-1kg\/#breadcrumb","itemListElement":[{"@type":"ListItem","position":1,"name":"Strona g\u0142\u00f3wna","item":"https:\/\/solpack24.pl\/"},{"@type":"ListItem","position":2,"name":"SKLEP","item":"https:\/\/solpack24.pl\/dystrybucja-produktow-solnych-oraz-chemicznych\/"},{"@type":"ListItem","position":3,"name":"Fluoresceina 200% &#8211; 1000g &#8211; 1kg"}]},{"@type":"WebSite","@id":"https:\/\/solpack24.pl\/#website","url":"https:\/\/solpack24.pl\/","name":"solpack24.pl","description":"","publisher":{"@id":"https:\/\/solpack24.pl\/#organization"},"potentialAction":[{"@type":"SearchAction","target":{"@type":"EntryPoint","urlTemplate":"https:\/\/solpack24.pl\/?s={search_term_string}"},"query-input":"required name=search_term_string"}],"inLanguage":"en-GB"},{"@type":"Organization","@id":"https:\/\/solpack24.pl\/#organization","name":"SOLPACK24","url":"https:\/\/solpack24.pl\/","logo":{"@type":"ImageObject","inLanguage":"en-GB","@id":"https:\/\/solpack24.pl\/#\/schema\/logo\/image\/","url":"https:\/\/solpack24.pl\/wp-content\/uploads\/2018\/04\/projekt-sprzeda\u017c-detal-hurt-2-scaled.jpg","contentUrl":"https:\/\/solpack24.pl\/wp-content\/uploads\/2018\/04\/projekt-sprzeda\u017c-detal-hurt-2-scaled.jpg","width":2560,"height":1109,"caption":"SOLPACK24"},"image":{"@id":"https:\/\/solpack24.pl\/#\/schema\/logo\/image\/"},"sameAs":["https:\/\/web.facebook.com\/solpack24\/"]}]}},"_links":{"self":[{"href":"https:\/\/solpack24.pl\/en\/wp-json\/wp\/v2\/product\/498"}],"collection":[{"href":"https:\/\/solpack24.pl\/en\/wp-json\/wp\/v2\/product"}],"about":[{"href":"https:\/\/solpack24.pl\/en\/wp-json\/wp\/v2\/types\/product"}],"replies":[{"embeddable":true,"href":"https:\/\/solpack24.pl\/en\/wp-json\/wp\/v2\/comments?post=498"}],"wp:featuredmedia":[{"embeddable":true,"href":"https:\/\/solpack24.pl\/en\/wp-json\/wp\/v2\/media\/498319"}],"wp:attachment":[{"href":"https:\/\/solpack24.pl\/en\/wp-json\/wp\/v2\/media?parent=498"}],"wp:term":[{"taxonomy":"product_cat","embeddable":true,"href":"https:\/\/solpack24.pl\/en\/wp-json\/wp\/v2\/product_cat?post=498"},{"taxonomy":"product_tag","embeddable":true,"href":"https:\/\/solpack24.pl\/en\/wp-json\/wp\/v2\/product_tag?post=498"}],"curies":[{"name":"wp","href":"https:\/\/api.w.org\/{rel}","templated":true}]}}