{"id":498920,"date":"2023-03-31T12:08:50","date_gmt":"2023-03-31T12:08:50","guid":{"rendered":"https:\/\/solpack24.pl\/?post_type=product&#038;p=498920"},"modified":"2026-03-16T08:29:34","modified_gmt":"2026-03-16T08:29:34","slug":"tabletki-solne-sol-tabletkowana-bigbag-1000-kg","status":"publish","type":"product","link":"https:\/\/solpack24.pl\/en\/produkty\/sol\/tabletki-solne-do-uzdatniania-wody\/tabletki-solne-sol-tabletkowana-bigbag-1000-kg\/","title":{"rendered":"TABLETKI SOLNE &#8211; S\u00d3L TABLETKOWANA BIGBAG &#8211; 1000 KG"},"content":{"rendered":"<p lang=\"pl-PL\">Dla poprawnego dzia\u0142ania r\u00f3\u017cnorodnych instalacji wodnych funkcjonuj\u0105cych w domach jednorodzinnych, a tak\u017ce wielorodzinnych (sp\u00f3\u0142dzielnie mieszkaniowe) oraz obiektach u\u017cytku publicznego (np. hale sportowe i rekreacyjne, parki wodne, szpitale) maj\u0105 zastosowanie tabletki solne do zmi\u0119kczania wody.<\/p>","protected":false},"excerpt":{"rendered":"<p lang=\"pl-PL\">Tabletki solne do system\u00f3w uzdatniania wody 1000 kg w opakowaniu bigbag !<\/p>\n<p lang=\"pl-PL\">Cena 1490 z\u0142 brutto z wliczonym kosztem transportu !<\/p>\n<p lang=\"pl-PL\">Czas realizacji : 1-3 dni robocze<\/p>\n<p lang=\"pl-PL\">P\u0142atno\u015b\u0107: Proforma lub Pobranie.<\/p>\n<p lang=\"pl-PL\"><b>Tabletki solne do zmi\u0119kczania i uzdatniania wody 1000 kg w nowym wydaniu !<\/b><\/p>\n<p lang=\"pl-PL\">Proponowana przez nas s\u00f3l w tabletkach jest idealnym rozwi\u0105zaniem dla r\u00f3\u017cnorodnych instalacji wodnych nara\u017conych na dzia\u0142anie twardej wody. Produkt nie zawiera \u017cadnych zanieczyszcze\u0144, a tak\u017ce nie wykazuje oznak szlamowania. Charakterystyczne dla soli tabletkowanej jest jej r\u00f3wnomierne rozpuszczanie, a wi\u0119c bez widocznego rozpadu na pojedyncze bry\u0142ki. Wykorzystanie tabletek chroni funkcyjne elementy systemu (np. zmi\u0119kczacz) i uniemo\u017cliwia powstawanie tzw. z\u0142og\u00f3w solnych. Produkt ma stosowne uprawnienia do zastosowa\u0144 w profesjonalnych stacjach uzdatniania i zmi\u0119kczania wody.<\/p>\n<p lang=\"pl-PL\"><strong>Zmi\u0119kczanie wody \u2013 zalecany proces ochrony instalacji<\/strong><\/p>\n<p lang=\"pl-PL\">Obecno\u015b\u0107 w wodzie kation\u00f3w magnezu, wapnia, manganu oraz \u017celaza oznacza najcz\u0119\u015bciej wysok\u0105 warto\u015b\u0107 jej twardo\u015bci, co wp\u0142ywa na nieprawid\u0142owe dzia\u0142anie instalacji. Zastosowanie soli tabletkowanej pozwala na cz\u0119\u015bciowe, a nawet ca\u0142kowite pozbycie si\u0119 destrukcyjnych sk\u0142adnik\u00f3w i popraw\u0119 napi\u0119cia powierzchniowego, kt\u00f3re ma wp\u0142yw na wielko\u015b\u0107 zu\u017cycia p\u0142yn\u00f3w i \u015brodk\u00f3w wykorzystywanych np. w gospodarstwie domowym (mycie naczy\u0144, pranie itp.). U\u017cycie tabletek soli do uzdatniania wody kompleksowo zabezpiecza system i w rezultacie podnosi jego walory u\u017cytkowe. Charakteryzuje si\u0119 to brakiem:<\/p>\n<ul>\n<li>\n<p lang=\"pl-PL\">osad\u00f3w kamienia w instalacjach, wszelkich urz\u0105dzeniach oraz na powierzchniach mytych,<\/p>\n<\/li>\n<li>\n<p lang=\"pl-PL\">konieczno\u015bci odr\u0119bnego stosowania tabletek solnych w zmywarkach, pralkach itp.,<\/p>\n<\/li>\n<li>\n<p lang=\"pl-PL\">potrzeby u\u017cycia wi\u0119kszej ilo\u015bci \u015brodk\u00f3w higienicznych i czyszcz\u0105cych (myd\u0142a, szampony, p\u0142yny do mycia naczy\u0144 i prania itp.).<\/p>\n<\/li>\n<\/ul>\n<p lang=\"pl-PL\"><b>Tabletki solne \u2013 zastosowania<\/b><\/p>\n<p lang=\"pl-PL\">Ka\u017cda instalacja wodna zazwyczaj jest wyposa\u017cona w specjalistyczne urz\u0105dzenia odpowiedzialne za wychwytywanie z wody zb\u0119dnych sk\u0142adnik\u00f3w np. magnezu i wapnia, kt\u00f3re wp\u0142ywaj\u0105 na zwi\u0119kszenie jej twardo\u015bci. Poprawne dzia\u0142anie wymiennik\u00f3w jonitowych, filtr\u00f3w multifunkcyjnych oraz zmi\u0119kczaczy bez zastosowania soli do uzdatniania i zmi\u0119kczania wody nie jest mo\u017cliwe. To w\u0142a\u015bnie s\u00f3l tabletkowana doskonale wp\u0142ywa na ich regeneracj\u0119 i przynosi wymierne efekty w indywidualnych gospodarstwach domowych, sp\u00f3\u0142dzielniach mieszkaniowych, przedsi\u0119biorstwach z procesami technologicznymi wykorzystuj\u0105cymi wod\u0119, a tak\u017ce w obiektach og\u00f3lnodost\u0119pnych (szpitale, hale rekreacyjne i sportowe, parki wodne itp.).<\/p>\n<p>Wszystkie przesy\u0142ki zam\u00f3wione do godziny 11.00 wysy\u0142ane s\u0105 tego samego dnia i dor\u0119czone kolejnego dnia roboczego.<\/p>\n<p><strong>Masz pytania ? Zapraszam do kontaktu pod numerem: +48 883 543 778 lub poprzez formularz kontaktowy\u00a0<a href=\"https:\/\/solpack24.pl\/en\/kontakt\/\">(KLIKNIJ TUTAJ)<\/a><\/strong><\/p>","protected":false},"featured_media":498921,"comment_status":"closed","ping_status":"closed","template":"","meta":{"site-sidebar-layout":"default","site-content-layout":"default","ast-site-content-layout":"default","site-content-style":"default","site-sidebar-style":"default","ast-global-header-display":"","ast-banner-title-visibility":"","ast-main-header-display":"","ast-hfb-above-header-display":"","ast-hfb-below-header-display":"","ast-hfb-mobile-header-display":"","site-post-title":"","ast-breadcrumbs-content":"","ast-featured-img":"","footer-sml-layout":"","theme-transparent-header-meta":"default","adv-header-id-meta":"","stick-header-meta":"","header-above-stick-meta":"","header-main-stick-meta":"","header-below-stick-meta":"","astra-migrate-meta-layouts":"set","ast-page-background-enabled":"default","ast-page-background-meta":{"desktop":{"background-color":"","background-image":"","background-repeat":"repeat","background-position":"center center","background-size":"auto","background-attachment":"scroll","background-type":"","background-media":"","overlay-type":"","overlay-color":"","overlay-opacity":"","overlay-gradient":""},"tablet":{"background-color":"","background-image":"","background-repeat":"repeat","background-position":"center center","background-size":"auto","background-attachment":"scroll","background-type":"","background-media":"","overlay-type":"","overlay-color":"","overlay-opacity":"","overlay-gradient":""},"mobile":{"background-color":"","background-image":"","background-repeat":"repeat","background-position":"center center","background-size":"auto","background-attachment":"scroll","background-type":"","background-media":"","overlay-type":"","overlay-color":"","overlay-opacity":"","overlay-gradient":""}},"ast-content-background-meta":{"desktop":{"background-color":"var(--ast-global-color-5)","background-image":"","background-repeat":"repeat","background-position":"center center","background-size":"auto","background-attachment":"scroll","background-type":"","background-media":"","overlay-type":"","overlay-color":"","overlay-opacity":"","overlay-gradient":""},"tablet":{"background-color":"var(--ast-global-color-5)","background-image":"","background-repeat":"repeat","background-position":"center center","background-size":"auto","background-attachment":"scroll","background-type":"","background-media":"","overlay-type":"","overlay-color":"","overlay-opacity":"","overlay-gradient":""},"mobile":{"background-color":"var(--ast-global-color-5)","background-image":"","background-repeat":"repeat","background-position":"center center","background-size":"auto","background-attachment":"scroll","background-type":"","background-media":"","overlay-type":"","overlay-color":"","overlay-opacity":"","overlay-gradient":""}}},"product_cat":[132,334],"product_tag":[],"yoast_head":"<!-- This site is optimized with the Yoast SEO plugin v20.8 - https:\/\/yoast.com\/wordpress\/plugins\/seo\/ -->\n<title>TABLETKI SOLNE - S\u00d3L TABLETKOWANA BIGBAG - 1000 KG - Solpack24<\/title>\n<meta name=\"description\" content=\"Tabletki solne w sprzeda\u017cy hurtowej ! Jeste\u015bmy dedykowanym dystrybutorem na polskim rynku. Kupuj najtaniej z dostaw\u0105 kolejnego dnia !\" \/>\n<meta name=\"robots\" content=\"index, follow, max-snippet:-1, max-image-preview:large, max-video-preview:-1\" \/>\n<link rel=\"canonical\" href=\"https:\/\/solpack24.pl\/en\/produkty\/sol\/tabletki-solne-do-uzdatniania-wody\/tabletki-solne-sol-tabletkowana-bigbag-1000-kg\/\" \/>\n<meta property=\"og:locale\" content=\"en_GB\" \/>\n<meta property=\"og:type\" content=\"article\" \/>\n<meta property=\"og:title\" content=\"TABLETKI SOLNE - S\u00d3L TABLETKOWANA BIGBAG - 1000 KG - Solpack24\" \/>\n<meta property=\"og:description\" content=\"Tabletki solne w sprzeda\u017cy hurtowej ! Jeste\u015bmy dedykowanym dystrybutorem na polskim rynku. Kupuj najtaniej z dostaw\u0105 kolejnego dnia !\" \/>\n<meta property=\"og:url\" content=\"https:\/\/solpack24.pl\/en\/produkty\/sol\/tabletki-solne-do-uzdatniania-wody\/tabletki-solne-sol-tabletkowana-bigbag-1000-kg\/\" \/>\n<meta property=\"og:site_name\" content=\"Solpack24\" \/>\n<meta property=\"article:publisher\" content=\"https:\/\/web.facebook.com\/solpack24\/\" \/>\n<meta property=\"article:modified_time\" content=\"2026-03-16T08:29:34+00:00\" \/>\n<meta property=\"og:image\" content=\"https:\/\/solpack24.pl\/wp-content\/uploads\/2023\/03\/TAB-CIECH-BIGBAG.jpg\" \/>\n\t<meta property=\"og:image:width\" content=\"810\" \/>\n\t<meta property=\"og:image:height\" content=\"909\" \/>\n\t<meta property=\"og:image:type\" content=\"image\/jpeg\" \/>\n<meta name=\"twitter:card\" content=\"summary_large_image\" \/>\n<meta name=\"twitter:label1\" content=\"Estimated reading time\" \/>\n\t<meta name=\"twitter:data1\" content=\"1 minute\" \/>\n<script type=\"application\/ld+json\" class=\"yoast-schema-graph\">{\"@context\":\"https:\/\/schema.org\",\"@graph\":[{\"@type\":\"WebPage\",\"@id\":\"https:\/\/solpack24.pl\/produkty\/sol\/tabletki-solne-do-uzdatniania-wody\/tabletki-solne-sol-tabletkowana-bigbag-1000-kg\/\",\"url\":\"https:\/\/solpack24.pl\/produkty\/sol\/tabletki-solne-do-uzdatniania-wody\/tabletki-solne-sol-tabletkowana-bigbag-1000-kg\/\",\"name\":\"TABLETKI SOLNE - S\u00d3L TABLETKOWANA BIGBAG - 1000 KG - Solpack24\",\"isPartOf\":{\"@id\":\"https:\/\/solpack24.pl\/#website\"},\"datePublished\":\"2023-03-31T12:08:50+00:00\",\"dateModified\":\"2026-03-16T08:29:34+00:00\",\"description\":\"Tabletki solne w sprzeda\u017cy hurtowej ! Jeste\u015bmy dedykowanym dystrybutorem na polskim rynku. Kupuj najtaniej z dostaw\u0105 kolejnego dnia !\",\"breadcrumb\":{\"@id\":\"https:\/\/solpack24.pl\/produkty\/sol\/tabletki-solne-do-uzdatniania-wody\/tabletki-solne-sol-tabletkowana-bigbag-1000-kg\/#breadcrumb\"},\"inLanguage\":\"en-GB\",\"potentialAction\":[{\"@type\":\"ReadAction\",\"target\":[\"https:\/\/solpack24.pl\/produkty\/sol\/tabletki-solne-do-uzdatniania-wody\/tabletki-solne-sol-tabletkowana-bigbag-1000-kg\/\"]}]},{\"@type\":\"BreadcrumbList\",\"@id\":\"https:\/\/solpack24.pl\/produkty\/sol\/tabletki-solne-do-uzdatniania-wody\/tabletki-solne-sol-tabletkowana-bigbag-1000-kg\/#breadcrumb\",\"itemListElement\":[{\"@type\":\"ListItem\",\"position\":1,\"name\":\"Strona g\u0142\u00f3wna\",\"item\":\"https:\/\/solpack24.pl\/\"},{\"@type\":\"ListItem\",\"position\":2,\"name\":\"SKLEP\",\"item\":\"https:\/\/solpack24.pl\/dystrybucja-produktow-solnych-oraz-chemicznych\/\"},{\"@type\":\"ListItem\",\"position\":3,\"name\":\"TABLETKI SOLNE &#8211; S\u00d3L TABLETKOWANA BIGBAG &#8211; 1000 KG\"}]},{\"@type\":\"WebSite\",\"@id\":\"https:\/\/solpack24.pl\/#website\",\"url\":\"https:\/\/solpack24.pl\/\",\"name\":\"solpack24.pl\",\"description\":\"\",\"publisher\":{\"@id\":\"https:\/\/solpack24.pl\/#organization\"},\"potentialAction\":[{\"@type\":\"SearchAction\",\"target\":{\"@type\":\"EntryPoint\",\"urlTemplate\":\"https:\/\/solpack24.pl\/?s={search_term_string}\"},\"query-input\":\"required name=search_term_string\"}],\"inLanguage\":\"en-GB\"},{\"@type\":\"Organization\",\"@id\":\"https:\/\/solpack24.pl\/#organization\",\"name\":\"SOLPACK24\",\"url\":\"https:\/\/solpack24.pl\/\",\"logo\":{\"@type\":\"ImageObject\",\"inLanguage\":\"en-GB\",\"@id\":\"https:\/\/solpack24.pl\/#\/schema\/logo\/image\/\",\"url\":\"https:\/\/solpack24.pl\/wp-content\/uploads\/2018\/04\/projekt-sprzeda\u017c-detal-hurt-2-scaled.jpg\",\"contentUrl\":\"https:\/\/solpack24.pl\/wp-content\/uploads\/2018\/04\/projekt-sprzeda\u017c-detal-hurt-2-scaled.jpg\",\"width\":2560,\"height\":1109,\"caption\":\"SOLPACK24\"},\"image\":{\"@id\":\"https:\/\/solpack24.pl\/#\/schema\/logo\/image\/\"},\"sameAs\":[\"https:\/\/web.facebook.com\/solpack24\/\"]}]}<\/script>\n<!-- \/ Yoast SEO plugin. -->","yoast_head_json":{"title":"TABLETKI SOLNE - S\u00d3L TABLETKOWANA BIGBAG - 1000 KG - Solpack24","description":"Tabletki solne w sprzeda\u017cy hurtowej ! Jeste\u015bmy dedykowanym dystrybutorem na polskim rynku. Kupuj najtaniej z dostaw\u0105 kolejnego dnia !","robots":{"index":"index","follow":"follow","max-snippet":"max-snippet:-1","max-image-preview":"max-image-preview:large","max-video-preview":"max-video-preview:-1"},"canonical":"https:\/\/solpack24.pl\/en\/produkty\/sol\/tabletki-solne-do-uzdatniania-wody\/tabletki-solne-sol-tabletkowana-bigbag-1000-kg\/","og_locale":"en_GB","og_type":"article","og_title":"TABLETKI SOLNE - S\u00d3L TABLETKOWANA BIGBAG - 1000 KG - Solpack24","og_description":"Tabletki solne w sprzeda\u017cy hurtowej ! Jeste\u015bmy dedykowanym dystrybutorem na polskim rynku. Kupuj najtaniej z dostaw\u0105 kolejnego dnia !","og_url":"https:\/\/solpack24.pl\/en\/produkty\/sol\/tabletki-solne-do-uzdatniania-wody\/tabletki-solne-sol-tabletkowana-bigbag-1000-kg\/","og_site_name":"Solpack24","article_publisher":"https:\/\/web.facebook.com\/solpack24\/","article_modified_time":"2026-03-16T08:29:34+00:00","og_image":[{"width":810,"height":909,"url":"https:\/\/solpack24.pl\/wp-content\/uploads\/2023\/03\/TAB-CIECH-BIGBAG.jpg","type":"image\/jpeg"}],"twitter_card":"summary_large_image","twitter_misc":{"Estimated reading time":"1 minute"},"schema":{"@context":"https:\/\/schema.org","@graph":[{"@type":"WebPage","@id":"https:\/\/solpack24.pl\/produkty\/sol\/tabletki-solne-do-uzdatniania-wody\/tabletki-solne-sol-tabletkowana-bigbag-1000-kg\/","url":"https:\/\/solpack24.pl\/produkty\/sol\/tabletki-solne-do-uzdatniania-wody\/tabletki-solne-sol-tabletkowana-bigbag-1000-kg\/","name":"TABLETKI SOLNE - S\u00d3L TABLETKOWANA BIGBAG - 1000 KG - Solpack24","isPartOf":{"@id":"https:\/\/solpack24.pl\/#website"},"datePublished":"2023-03-31T12:08:50+00:00","dateModified":"2026-03-16T08:29:34+00:00","description":"Tabletki solne w sprzeda\u017cy hurtowej ! Jeste\u015bmy dedykowanym dystrybutorem na polskim rynku. Kupuj najtaniej z dostaw\u0105 kolejnego dnia !","breadcrumb":{"@id":"https:\/\/solpack24.pl\/produkty\/sol\/tabletki-solne-do-uzdatniania-wody\/tabletki-solne-sol-tabletkowana-bigbag-1000-kg\/#breadcrumb"},"inLanguage":"en-GB","potentialAction":[{"@type":"ReadAction","target":["https:\/\/solpack24.pl\/produkty\/sol\/tabletki-solne-do-uzdatniania-wody\/tabletki-solne-sol-tabletkowana-bigbag-1000-kg\/"]}]},{"@type":"BreadcrumbList","@id":"https:\/\/solpack24.pl\/produkty\/sol\/tabletki-solne-do-uzdatniania-wody\/tabletki-solne-sol-tabletkowana-bigbag-1000-kg\/#breadcrumb","itemListElement":[{"@type":"ListItem","position":1,"name":"Strona g\u0142\u00f3wna","item":"https:\/\/solpack24.pl\/"},{"@type":"ListItem","position":2,"name":"SKLEP","item":"https:\/\/solpack24.pl\/dystrybucja-produktow-solnych-oraz-chemicznych\/"},{"@type":"ListItem","position":3,"name":"TABLETKI SOLNE &#8211; S\u00d3L TABLETKOWANA BIGBAG &#8211; 1000 KG"}]},{"@type":"WebSite","@id":"https:\/\/solpack24.pl\/#website","url":"https:\/\/solpack24.pl\/","name":"solpack24.pl","description":"","publisher":{"@id":"https:\/\/solpack24.pl\/#organization"},"potentialAction":[{"@type":"SearchAction","target":{"@type":"EntryPoint","urlTemplate":"https:\/\/solpack24.pl\/?s={search_term_string}"},"query-input":"required name=search_term_string"}],"inLanguage":"en-GB"},{"@type":"Organization","@id":"https:\/\/solpack24.pl\/#organization","name":"SOLPACK24","url":"https:\/\/solpack24.pl\/","logo":{"@type":"ImageObject","inLanguage":"en-GB","@id":"https:\/\/solpack24.pl\/#\/schema\/logo\/image\/","url":"https:\/\/solpack24.pl\/wp-content\/uploads\/2018\/04\/projekt-sprzeda\u017c-detal-hurt-2-scaled.jpg","contentUrl":"https:\/\/solpack24.pl\/wp-content\/uploads\/2018\/04\/projekt-sprzeda\u017c-detal-hurt-2-scaled.jpg","width":2560,"height":1109,"caption":"SOLPACK24"},"image":{"@id":"https:\/\/solpack24.pl\/#\/schema\/logo\/image\/"},"sameAs":["https:\/\/web.facebook.com\/solpack24\/"]}]}},"_links":{"self":[{"href":"https:\/\/solpack24.pl\/en\/wp-json\/wp\/v2\/product\/498920"}],"collection":[{"href":"https:\/\/solpack24.pl\/en\/wp-json\/wp\/v2\/product"}],"about":[{"href":"https:\/\/solpack24.pl\/en\/wp-json\/wp\/v2\/types\/product"}],"replies":[{"embeddable":true,"href":"https:\/\/solpack24.pl\/en\/wp-json\/wp\/v2\/comments?post=498920"}],"wp:featuredmedia":[{"embeddable":true,"href":"https:\/\/solpack24.pl\/en\/wp-json\/wp\/v2\/media\/498921"}],"wp:attachment":[{"href":"https:\/\/solpack24.pl\/en\/wp-json\/wp\/v2\/media?parent=498920"}],"wp:term":[{"taxonomy":"product_cat","embeddable":true,"href":"https:\/\/solpack24.pl\/en\/wp-json\/wp\/v2\/product_cat?post=498920"},{"taxonomy":"product_tag","embeddable":true,"href":"https:\/\/solpack24.pl\/en\/wp-json\/wp\/v2\/product_tag?post=498920"}],"curies":[{"name":"wp","href":"https:\/\/api.w.org\/{rel}","templated":true}]}}