{"id":499097,"date":"2023-09-03T09:11:55","date_gmt":"2023-09-03T09:11:55","guid":{"rendered":"https:\/\/solpack24.pl\/?post_type=product&#038;p=499097"},"modified":"2026-04-21T07:51:04","modified_gmt":"2026-04-21T07:51:04","slug":"sol-drogowa","status":"publish","type":"product","link":"https:\/\/solpack24.pl\/en\/produkty\/produkty-zwalczajace-sliskosc\/sol-drogowa-produkty-zwalczajace-sliskosc\/sol-drogowa\/","title":{"rendered":"S\u00d3L DROGOWA 1000 KG &#8211; 40 WORK\u00d3W !"},"content":{"rendered":"<p data-start=\"315\" data-end=\"401\"><strong data-start=\"318\" data-end=\"401\">S\u00f3l drogowa 1000 kg (40 x 25 kg work\u00f3w) \u2013 K\u0142odawa \u2013 z antyzbrylaczem, z dostaw\u0105<\/strong><\/p>\n<p data-start=\"403\" data-end=\"717\"><strong data-start=\"403\" data-end=\"418\">S\u00f3l drogowa<\/strong> pakowana w worki 25 kg z kopalni <strong data-start=\"452\" data-end=\"463\">K\u0142odawa<\/strong> to niezawodne rozwi\u0105zanie do zimowego utrzymania dr\u00f3g, chodnik\u00f3w i plac\u00f3w. <strong data-start=\"539\" data-end=\"554\">S\u00f3l drogowa<\/strong> dost\u0119pna jest w zestawie 1000 kg (40 work\u00f3w po 25 kg) na jednej palecie. Produkt zawiera <strong data-start=\"644\" data-end=\"660\">antyzbrylacz<\/strong>, kt\u00f3ry zapobiega zbrylaniu nawet w wilgotnych warunkach.<\/p>\n<hr data-start=\"719\" data-end=\"722\" \/>\n<h3 data-start=\"724\" data-end=\"770\">\u2705 Dlaczego warto wybra\u0107 nasz\u0105 s\u00f3l drogow\u0105?<\/h3>\n<ul data-start=\"772\" data-end=\"1155\">\n<li data-start=\"772\" data-end=\"829\">\n<p data-start=\"774\" data-end=\"829\"><strong data-start=\"774\" data-end=\"789\">S\u00f3l drogowa<\/strong> pochodzi z polskiej kopalni <strong data-start=\"818\" data-end=\"829\">K\u0142odawa<\/strong><\/p>\n<\/li>\n<li data-start=\"830\" data-end=\"880\">\n<p data-start=\"832\" data-end=\"880\">Opakowanie: 40 work\u00f3w po 25 kg (\u0142\u0105cznie 1000 kg)<\/p>\n<\/li>\n<li data-start=\"881\" data-end=\"942\">\n<p data-start=\"883\" data-end=\"942\">Zastosowanie: drogi, chodniki, podjazdy, \u015bcie\u017cki i parkingi<\/p>\n<\/li>\n<li data-start=\"943\" data-end=\"1015\">\n<p data-start=\"945\" data-end=\"1015\"><strong data-start=\"945\" data-end=\"960\">S\u00f3l drogowa<\/strong> skutecznie roztapia \u015bnieg i l\u00f3d ju\u017c przy lekkim mrozie<\/p>\n<\/li>\n<li data-start=\"1016\" data-end=\"1096\">\n<p data-start=\"1018\" data-end=\"1096\">Dzi\u0119ki odpowiedniemu sk\u0142adowi, <strong data-start=\"1049\" data-end=\"1064\">s\u00f3l drogowa<\/strong> jest bezpieczna dla nawierzchni<\/p>\n<\/li>\n<\/ul>\n<hr data-start=\"1157\" data-end=\"1160\" \/>\n<p data-start=\"1162\" data-end=\"1389\"><strong data-start=\"1162\" data-end=\"1191\">S\u00f3l drogowa K\u0142odawa 25 kg<\/strong> to doskona\u0142y wyb\u00f3r dla wsp\u00f3lnot mieszkaniowych, firm komunalnych, magazyn\u00f3w i klient\u00f3w indywidualnych. <strong data-start=\"1295\" data-end=\"1310\">S\u00f3l drogowa<\/strong> sprawdza si\u0119 zar\u00f3wno przy od\u015bnie\u017caniu du\u017cych plac\u00f3w, jak i prywatnych posesji.<\/p>\n<hr data-start=\"1002\" data-end=\"1005\" \/>\n<p data-start=\"1007\" data-end=\"1231\">Nasza <strong data-start=\"1013\" data-end=\"1042\">s\u00f3l drogowa K\u0142odawa 25 kg<\/strong> to \u015bwietny wyb\u00f3r dla firm komunalnych, wsp\u00f3lnot mieszkaniowych, magazyn\u00f3w i klient\u00f3w indywidualnych. Produkt idealnie sprawdza si\u0119 przy od\u015bnie\u017caniu du\u017cych powierzchni i prywatnych posesji.<\/p>\n<p>Wa\u017cne linki do naszej soli drogowej:<\/p>\n<ul>\n<li data-start=\"339\" data-end=\"519\">\n<p data-start=\"342\" data-end=\"519\"><strong data-start=\"342\" data-end=\"387\">Link do kopalni K\u0142odawa (\u017ar\u00f3d\u0142o produktu)<\/strong><br data-start=\"387\" data-end=\"390\" \/>\u201eNasza s\u00f3l pochodzi z <strong data-start=\"412\" data-end=\"467\"><a class=\"cursor-pointer\" target=\"_new\" rel=\"noopener\" data-start=\"414\" data-end=\"465\">kopalni soli K\u0142odawa<\/a><\/strong> \u2013 najwi\u0119kszej i najg\u0142\u0119bszej kopalni soli w Polsce.\u201d<\/p>\n<\/li>\n<li data-start=\"521\" data-end=\"722\">\n<p data-start=\"524\" data-end=\"722\"><strong data-start=\"524\" data-end=\"582\">Link do artyku\u0142u o dzia\u0142aniu soli drogowej (Wikipedia)<\/strong><br data-start=\"582\" data-end=\"585\" \/>\u201eWi\u0119cej o w\u0142a\u015bciwo\u015bciach i dzia\u0142aniu soli drogowej mo\u017cesz przeczyta\u0107 na <strong data-start=\"657\" data-end=\"720\"><a class=\"cursor-pointer\" target=\"_new\" rel=\"noopener\" data-start=\"659\" data-end=\"718\">Wikipedii<\/a><\/strong>.\u201d<\/p>\n<\/li>\n<li data-start=\"724\" data-end=\"962\">\n<p data-start=\"727\" data-end=\"962\"><strong data-start=\"727\" data-end=\"795\">Link do strony rz\u0105dowej\/instytucji dot. zimowego utrzymania dr\u00f3g<\/strong><br data-start=\"795\" data-end=\"798\" \/>\u201eZimowe utrzymanie dr\u00f3g reguluje m.in. <strong data-start=\"837\" data-end=\"960\"><a class=\"cursor-pointer\" target=\"_new\" rel=\"noopener\" data-start=\"839\" data-end=\"958\">Rozporz\u0105dzenie Ministra Infrastruktury<\/a><\/strong>.\u201d<\/p>\n<\/li>\n<li data-start=\"964\" data-end=\"1169\">\n<p data-start=\"967\" data-end=\"1169\"><strong data-start=\"967\" data-end=\"1023\">Link do wytycznych BHP lub zarz\u0105dzania ryzykiem zim\u0105<\/strong><br data-start=\"1023\" data-end=\"1026\" \/>\u201eBezpieczne od\u015bnie\u017canie i posypywanie nawierzchni jest kluczowe \u2013 sprawd\u017a zalecenia <strong data-start=\"1110\" data-end=\"1167\"><a class=\"cursor-pointer\" target=\"_new\" rel=\"noopener\" data-start=\"1112\" data-end=\"1165\">Pa\u0144stwowej Inspekcji Pracy<\/a><\/strong>.\u201d<\/p>\n<\/li>\n<\/ul>","protected":false},"excerpt":{"rendered":"<p>S\u00d3L DROGOWA Z ANTYZBRYLACZEM 1000 kg do zimowego utrzymania chodnik\u00f3w i plac\u00f3w, dr\u00f3g<\/p>","protected":false},"featured_media":499098,"comment_status":"closed","ping_status":"closed","template":"","meta":{"site-sidebar-layout":"default","site-content-layout":"default","ast-site-content-layout":"default","site-content-style":"default","site-sidebar-style":"default","ast-global-header-display":"","ast-banner-title-visibility":"","ast-main-header-display":"","ast-hfb-above-header-display":"","ast-hfb-below-header-display":"","ast-hfb-mobile-header-display":"","site-post-title":"","ast-breadcrumbs-content":"","ast-featured-img":"","footer-sml-layout":"","theme-transparent-header-meta":"default","adv-header-id-meta":"","stick-header-meta":"","header-above-stick-meta":"","header-main-stick-meta":"","header-below-stick-meta":"","astra-migrate-meta-layouts":"set","ast-page-background-enabled":"default","ast-page-background-meta":{"desktop":{"background-color":"","background-image":"","background-repeat":"repeat","background-position":"center center","background-size":"auto","background-attachment":"scroll","background-type":"","background-media":"","overlay-type":"","overlay-color":"","overlay-opacity":"","overlay-gradient":""},"tablet":{"background-color":"","background-image":"","background-repeat":"repeat","background-position":"center center","background-size":"auto","background-attachment":"scroll","background-type":"","background-media":"","overlay-type":"","overlay-color":"","overlay-opacity":"","overlay-gradient":""},"mobile":{"background-color":"","background-image":"","background-repeat":"repeat","background-position":"center center","background-size":"auto","background-attachment":"scroll","background-type":"","background-media":"","overlay-type":"","overlay-color":"","overlay-opacity":"","overlay-gradient":""}},"ast-content-background-meta":{"desktop":{"background-color":"var(--ast-global-color-5)","background-image":"","background-repeat":"repeat","background-position":"center center","background-size":"auto","background-attachment":"scroll","background-type":"","background-media":"","overlay-type":"","overlay-color":"","overlay-opacity":"","overlay-gradient":""},"tablet":{"background-color":"var(--ast-global-color-5)","background-image":"","background-repeat":"repeat","background-position":"center center","background-size":"auto","background-attachment":"scroll","background-type":"","background-media":"","overlay-type":"","overlay-color":"","overlay-opacity":"","overlay-gradient":""},"mobile":{"background-color":"var(--ast-global-color-5)","background-image":"","background-repeat":"repeat","background-position":"center center","background-size":"auto","background-attachment":"scroll","background-type":"","background-media":"","overlay-type":"","overlay-color":"","overlay-opacity":"","overlay-gradient":""}}},"product_cat":[470,365,366],"product_tag":[],"yoast_head":"<!-- This site is optimized with the Yoast SEO plugin v20.8 - https:\/\/yoast.com\/wordpress\/plugins\/seo\/ -->\n<title>S\u00d3L DROGOWA 1000 KG - 40 WORK\u00d3W ! - Solpack24<\/title>\n<meta name=\"description\" content=\"S\u00f3l drogowa 1000 kg (40 x 25 kg work\u00f3w) z kopalni K\u0142odawa \u2013 skutecznie usuwa l\u00f3d i \u015bnieg. Zawiera antyzbrylacz. Dowiedz si\u0119 wi\u0119cej o dzia\u0142aniu soli drogowej\" \/>\n<meta name=\"robots\" content=\"index, follow, max-snippet:-1, max-image-preview:large, max-video-preview:-1\" \/>\n<link rel=\"canonical\" href=\"https:\/\/solpack24.pl\/en\/produkty\/produkty-zwalczajace-sliskosc\/sol-drogowa-produkty-zwalczajace-sliskosc\/sol-drogowa\/\" \/>\n<meta property=\"og:locale\" content=\"en_GB\" \/>\n<meta property=\"og:type\" content=\"article\" \/>\n<meta property=\"og:title\" content=\"S\u00d3L DROGOWA 1000 KG - 40 WORK\u00d3W ! - Solpack24\" \/>\n<meta property=\"og:description\" content=\"S\u00f3l drogowa 1000 kg (40 x 25 kg work\u00f3w) z kopalni K\u0142odawa \u2013 skutecznie usuwa l\u00f3d i \u015bnieg. Zawiera antyzbrylacz. Dowiedz si\u0119 wi\u0119cej o dzia\u0142aniu soli drogowej\" \/>\n<meta property=\"og:url\" content=\"https:\/\/solpack24.pl\/en\/produkty\/produkty-zwalczajace-sliskosc\/sol-drogowa-produkty-zwalczajace-sliskosc\/sol-drogowa\/\" \/>\n<meta property=\"og:site_name\" content=\"Solpack24\" \/>\n<meta property=\"article:publisher\" content=\"https:\/\/web.facebook.com\/solpack24\/\" \/>\n<meta property=\"article:modified_time\" content=\"2026-04-21T07:51:04+00:00\" \/>\n<meta property=\"og:image\" content=\"https:\/\/solpack24.pl\/wp-content\/uploads\/2023\/09\/SOL-DROGOWA-1000kg-TONA-PROMOCJA.jpg\" \/>\n\t<meta property=\"og:image:width\" content=\"824\" \/>\n\t<meta property=\"og:image:height\" content=\"1186\" \/>\n\t<meta property=\"og:image:type\" content=\"image\/jpeg\" \/>\n<meta name=\"twitter:card\" content=\"summary_large_image\" \/>\n<meta name=\"twitter:label1\" content=\"Estimated reading time\" \/>\n\t<meta name=\"twitter:data1\" content=\"2 minutes\" \/>\n<script type=\"application\/ld+json\" class=\"yoast-schema-graph\">{\"@context\":\"https:\/\/schema.org\",\"@graph\":[{\"@type\":\"WebPage\",\"@id\":\"https:\/\/solpack24.pl\/produkty\/produkty-zwalczajace-sliskosc\/sol-drogowa-produkty-zwalczajace-sliskosc\/sol-drogowa\/\",\"url\":\"https:\/\/solpack24.pl\/produkty\/produkty-zwalczajace-sliskosc\/sol-drogowa-produkty-zwalczajace-sliskosc\/sol-drogowa\/\",\"name\":\"S\u00d3L DROGOWA 1000 KG - 40 WORK\u00d3W ! - Solpack24\",\"isPartOf\":{\"@id\":\"https:\/\/solpack24.pl\/#website\"},\"datePublished\":\"2023-09-03T09:11:55+00:00\",\"dateModified\":\"2026-04-21T07:51:04+00:00\",\"description\":\"S\u00f3l drogowa 1000 kg (40 x 25 kg work\u00f3w) z kopalni K\u0142odawa \u2013 skutecznie usuwa l\u00f3d i \u015bnieg. Zawiera antyzbrylacz. Dowiedz si\u0119 wi\u0119cej o dzia\u0142aniu soli drogowej\",\"breadcrumb\":{\"@id\":\"https:\/\/solpack24.pl\/produkty\/produkty-zwalczajace-sliskosc\/sol-drogowa-produkty-zwalczajace-sliskosc\/sol-drogowa\/#breadcrumb\"},\"inLanguage\":\"en-GB\",\"potentialAction\":[{\"@type\":\"ReadAction\",\"target\":[\"https:\/\/solpack24.pl\/produkty\/produkty-zwalczajace-sliskosc\/sol-drogowa-produkty-zwalczajace-sliskosc\/sol-drogowa\/\"]}]},{\"@type\":\"BreadcrumbList\",\"@id\":\"https:\/\/solpack24.pl\/produkty\/produkty-zwalczajace-sliskosc\/sol-drogowa-produkty-zwalczajace-sliskosc\/sol-drogowa\/#breadcrumb\",\"itemListElement\":[{\"@type\":\"ListItem\",\"position\":1,\"name\":\"Strona g\u0142\u00f3wna\",\"item\":\"https:\/\/solpack24.pl\/\"},{\"@type\":\"ListItem\",\"position\":2,\"name\":\"SKLEP\",\"item\":\"https:\/\/solpack24.pl\/dystrybucja-produktow-solnych-oraz-chemicznych\/\"},{\"@type\":\"ListItem\",\"position\":3,\"name\":\"S\u00d3L DROGOWA 1000 KG &#8211; 40 WORK\u00d3W !\"}]},{\"@type\":\"WebSite\",\"@id\":\"https:\/\/solpack24.pl\/#website\",\"url\":\"https:\/\/solpack24.pl\/\",\"name\":\"solpack24.pl\",\"description\":\"\",\"publisher\":{\"@id\":\"https:\/\/solpack24.pl\/#organization\"},\"potentialAction\":[{\"@type\":\"SearchAction\",\"target\":{\"@type\":\"EntryPoint\",\"urlTemplate\":\"https:\/\/solpack24.pl\/?s={search_term_string}\"},\"query-input\":\"required name=search_term_string\"}],\"inLanguage\":\"en-GB\"},{\"@type\":\"Organization\",\"@id\":\"https:\/\/solpack24.pl\/#organization\",\"name\":\"SOLPACK24\",\"url\":\"https:\/\/solpack24.pl\/\",\"logo\":{\"@type\":\"ImageObject\",\"inLanguage\":\"en-GB\",\"@id\":\"https:\/\/solpack24.pl\/#\/schema\/logo\/image\/\",\"url\":\"https:\/\/solpack24.pl\/wp-content\/uploads\/2018\/04\/projekt-sprzeda\u017c-detal-hurt-2-scaled.jpg\",\"contentUrl\":\"https:\/\/solpack24.pl\/wp-content\/uploads\/2018\/04\/projekt-sprzeda\u017c-detal-hurt-2-scaled.jpg\",\"width\":2560,\"height\":1109,\"caption\":\"SOLPACK24\"},\"image\":{\"@id\":\"https:\/\/solpack24.pl\/#\/schema\/logo\/image\/\"},\"sameAs\":[\"https:\/\/web.facebook.com\/solpack24\/\"]}]}<\/script>\n<!-- \/ Yoast SEO plugin. -->","yoast_head_json":{"title":"S\u00d3L DROGOWA 1000 KG - 40 WORK\u00d3W ! - Solpack24","description":"S\u00f3l drogowa 1000 kg (40 x 25 kg work\u00f3w) z kopalni K\u0142odawa \u2013 skutecznie usuwa l\u00f3d i \u015bnieg. Zawiera antyzbrylacz. Dowiedz si\u0119 wi\u0119cej o dzia\u0142aniu soli drogowej","robots":{"index":"index","follow":"follow","max-snippet":"max-snippet:-1","max-image-preview":"max-image-preview:large","max-video-preview":"max-video-preview:-1"},"canonical":"https:\/\/solpack24.pl\/en\/produkty\/produkty-zwalczajace-sliskosc\/sol-drogowa-produkty-zwalczajace-sliskosc\/sol-drogowa\/","og_locale":"en_GB","og_type":"article","og_title":"S\u00d3L DROGOWA 1000 KG - 40 WORK\u00d3W ! - Solpack24","og_description":"S\u00f3l drogowa 1000 kg (40 x 25 kg work\u00f3w) z kopalni K\u0142odawa \u2013 skutecznie usuwa l\u00f3d i \u015bnieg. Zawiera antyzbrylacz. Dowiedz si\u0119 wi\u0119cej o dzia\u0142aniu soli drogowej","og_url":"https:\/\/solpack24.pl\/en\/produkty\/produkty-zwalczajace-sliskosc\/sol-drogowa-produkty-zwalczajace-sliskosc\/sol-drogowa\/","og_site_name":"Solpack24","article_publisher":"https:\/\/web.facebook.com\/solpack24\/","article_modified_time":"2026-04-21T07:51:04+00:00","og_image":[{"width":824,"height":1186,"url":"https:\/\/solpack24.pl\/wp-content\/uploads\/2023\/09\/SOL-DROGOWA-1000kg-TONA-PROMOCJA.jpg","type":"image\/jpeg"}],"twitter_card":"summary_large_image","twitter_misc":{"Estimated reading time":"2 minutes"},"schema":{"@context":"https:\/\/schema.org","@graph":[{"@type":"WebPage","@id":"https:\/\/solpack24.pl\/produkty\/produkty-zwalczajace-sliskosc\/sol-drogowa-produkty-zwalczajace-sliskosc\/sol-drogowa\/","url":"https:\/\/solpack24.pl\/produkty\/produkty-zwalczajace-sliskosc\/sol-drogowa-produkty-zwalczajace-sliskosc\/sol-drogowa\/","name":"S\u00d3L DROGOWA 1000 KG - 40 WORK\u00d3W ! - Solpack24","isPartOf":{"@id":"https:\/\/solpack24.pl\/#website"},"datePublished":"2023-09-03T09:11:55+00:00","dateModified":"2026-04-21T07:51:04+00:00","description":"S\u00f3l drogowa 1000 kg (40 x 25 kg work\u00f3w) z kopalni K\u0142odawa \u2013 skutecznie usuwa l\u00f3d i \u015bnieg. Zawiera antyzbrylacz. Dowiedz si\u0119 wi\u0119cej o dzia\u0142aniu soli drogowej","breadcrumb":{"@id":"https:\/\/solpack24.pl\/produkty\/produkty-zwalczajace-sliskosc\/sol-drogowa-produkty-zwalczajace-sliskosc\/sol-drogowa\/#breadcrumb"},"inLanguage":"en-GB","potentialAction":[{"@type":"ReadAction","target":["https:\/\/solpack24.pl\/produkty\/produkty-zwalczajace-sliskosc\/sol-drogowa-produkty-zwalczajace-sliskosc\/sol-drogowa\/"]}]},{"@type":"BreadcrumbList","@id":"https:\/\/solpack24.pl\/produkty\/produkty-zwalczajace-sliskosc\/sol-drogowa-produkty-zwalczajace-sliskosc\/sol-drogowa\/#breadcrumb","itemListElement":[{"@type":"ListItem","position":1,"name":"Strona g\u0142\u00f3wna","item":"https:\/\/solpack24.pl\/"},{"@type":"ListItem","position":2,"name":"SKLEP","item":"https:\/\/solpack24.pl\/dystrybucja-produktow-solnych-oraz-chemicznych\/"},{"@type":"ListItem","position":3,"name":"S\u00d3L DROGOWA 1000 KG &#8211; 40 WORK\u00d3W !"}]},{"@type":"WebSite","@id":"https:\/\/solpack24.pl\/#website","url":"https:\/\/solpack24.pl\/","name":"solpack24.pl","description":"","publisher":{"@id":"https:\/\/solpack24.pl\/#organization"},"potentialAction":[{"@type":"SearchAction","target":{"@type":"EntryPoint","urlTemplate":"https:\/\/solpack24.pl\/?s={search_term_string}"},"query-input":"required name=search_term_string"}],"inLanguage":"en-GB"},{"@type":"Organization","@id":"https:\/\/solpack24.pl\/#organization","name":"SOLPACK24","url":"https:\/\/solpack24.pl\/","logo":{"@type":"ImageObject","inLanguage":"en-GB","@id":"https:\/\/solpack24.pl\/#\/schema\/logo\/image\/","url":"https:\/\/solpack24.pl\/wp-content\/uploads\/2018\/04\/projekt-sprzeda\u017c-detal-hurt-2-scaled.jpg","contentUrl":"https:\/\/solpack24.pl\/wp-content\/uploads\/2018\/04\/projekt-sprzeda\u017c-detal-hurt-2-scaled.jpg","width":2560,"height":1109,"caption":"SOLPACK24"},"image":{"@id":"https:\/\/solpack24.pl\/#\/schema\/logo\/image\/"},"sameAs":["https:\/\/web.facebook.com\/solpack24\/"]}]}},"_links":{"self":[{"href":"https:\/\/solpack24.pl\/en\/wp-json\/wp\/v2\/product\/499097"}],"collection":[{"href":"https:\/\/solpack24.pl\/en\/wp-json\/wp\/v2\/product"}],"about":[{"href":"https:\/\/solpack24.pl\/en\/wp-json\/wp\/v2\/types\/product"}],"replies":[{"embeddable":true,"href":"https:\/\/solpack24.pl\/en\/wp-json\/wp\/v2\/comments?post=499097"}],"wp:featuredmedia":[{"embeddable":true,"href":"https:\/\/solpack24.pl\/en\/wp-json\/wp\/v2\/media\/499098"}],"wp:attachment":[{"href":"https:\/\/solpack24.pl\/en\/wp-json\/wp\/v2\/media?parent=499097"}],"wp:term":[{"taxonomy":"product_cat","embeddable":true,"href":"https:\/\/solpack24.pl\/en\/wp-json\/wp\/v2\/product_cat?post=499097"},{"taxonomy":"product_tag","embeddable":true,"href":"https:\/\/solpack24.pl\/en\/wp-json\/wp\/v2\/product_tag?post=499097"}],"curies":[{"name":"wp","href":"https:\/\/api.w.org\/{rel}","templated":true}]}}