{"id":499405,"date":"2025-09-14T15:45:36","date_gmt":"2025-09-14T15:45:36","guid":{"rendered":"https:\/\/solpack24.pl\/?post_type=product&#038;p=499405"},"modified":"2026-01-26T08:06:24","modified_gmt":"2026-01-26T08:06:24","slug":"sol-drogowa-klodawa-paleta-1000-kg","status":"publish","type":"product","link":"https:\/\/solpack24.pl\/en\/produkty\/sol\/sol-drogowa\/sol-drogowa-klodawa-paleta-1000-kg\/","title":{"rendered":"S\u00f3l drogowa 1125 KG K\u0142odawa Dystrybutor !"},"content":{"rendered":"<p>S\u00f3l drogowa workowana 25 kg \u2013 Kopalnia K\u0142odawa, typ DR (paleta 1125 kg)S\u00f3l drogowa z Kopalni K\u0142odawa to sprawdzony i skuteczny spos\u00f3b na walk\u0119 ze \u015bniegiem i lodem w sezonie zimowym.<\/p>\n<p>Produkt w 100% naturalny, pozyskiwany z krajowych z\u0142\u00f3\u017c, wyr\u00f3\u017cnia si\u0119 wysok\u0105 jako\u015bci\u0105 i skuteczno\u015bci\u0105 dzia\u0142ania nawet przy bardzo niskich temperaturach.Worki po 25 kg zapewniaj\u0105 wygod\u0119 stosowania, \u0142atwe sk\u0142adowanie oraz szybkie dozowanie w miejscach wymagaj\u0105cych odlodzenia.<\/p>\n<p>Paleta zawiera 45 work\u00f3w (\u0142\u0105cznie 1125 kg), co czyni j\u0105 idealnym rozwi\u0105zaniem zar\u00f3wno dla firm zajmuj\u0105cych si\u0119 zimowym utrzymaniem dr\u00f3g, jak i dla wsp\u00f3lnot mieszkaniowych, instytucji publicznych czy odbiorc\u00f3w indywidualnych.<\/p>\n<p>Najwa\u017cniejsze zalety soli drogowej K\u0142odawa DR:wysoka skuteczno\u015b\u0107 w usuwaniu \u015bniegu i lodu z dr\u00f3g, chodnik\u00f3w, parking\u00f3w i plac\u00f3w,r\u00f3wnomierne dzia\u0142anie dzi\u0119ki odpowiedniej granulacji,pakowanie w wytrzyma\u0142e worki 25 kg \u2013 \u0142atwe magazynowanie i transport,paleta 1125 kg (45 work\u00f3w) \u2013 ekonomiczne rozwi\u0105zanie przy wi\u0119kszym zapotrzebowaniu,s\u00f3l drogowa zgodna z wymaganiami dla typu DR.<\/p>\n<p><strong>Zastosowanie: <\/strong><\/p>\n<p>S\u00f3l drogowa K\u0142odawa to niezast\u0105piony produkt w zimowym utrzymaniu nawierzchni. Doskonale sprawdza si\u0119 na drogach, chodnikach, parkingach, placach oraz innych powierzchniach nara\u017conych na oblodzenie. Dzi\u0119ki wysokiej skuteczno\u015bci i szybkiemu dzia\u0142aniu znacznie poprawia bezpiecze\u0144stwo pieszych i kierowc\u00f3w.<\/p>\n<p>&nbsp;<\/p>\n<p>Kupujesz wi\u0119ksze ilo\u015bci ? Zapraszamy do kontaktu <a href=\"https:\/\/solpack24.pl\/en\/kontakt\/\">https:\/\/solpack24.pl\/kontakt\/<\/a><\/p>\n<p>Chcesz poczyta\u0107 wi\u0119cej o produkcie ? Zapraszam do strony kopalni: <a href=\"https:\/\/sol-klodawa.com.pl\/sol-drogowa\/\">https:\/\/sol-klodawa.com.pl\/sol-drogowa\/<\/a><\/p>\n<p>&nbsp;<\/p>","protected":false},"excerpt":{"rendered":"<p><strong data-start=\"49\" data-end=\"107\">S\u00f3l drogowa workowana 25 kg \u2013 Kopalnia K\u0142odawa, typ DR<\/strong><br data-start=\"107\" data-end=\"110\" \/>Skuteczna i wydajna s\u00f3l drogowa z Kopalni K\u0142odawa, przeznaczona do usuwania \u015bniegu i lodu z dr\u00f3g, chodnik\u00f3w oraz plac\u00f3w. Pakowana w por\u0119czne worki po 25 kg, u\u0142atwia magazynowanie i dozowanie. Paleta zawiera 45 work\u00f3w (\u0142\u0105cznie 1125 kg). Produkt wysokiej jako\u015bci, zgodny z norm\u0105 dla soli drogowej typu DR.<\/p>","protected":false},"featured_media":499406,"comment_status":"closed","ping_status":"closed","template":"","meta":{"site-sidebar-layout":"default","site-content-layout":"","ast-site-content-layout":"default","site-content-style":"default","site-sidebar-style":"default","ast-global-header-display":"","ast-banner-title-visibility":"","ast-main-header-display":"","ast-hfb-above-header-display":"","ast-hfb-below-header-display":"","ast-hfb-mobile-header-display":"","site-post-title":"","ast-breadcrumbs-content":"","ast-featured-img":"","footer-sml-layout":"","theme-transparent-header-meta":"default","adv-header-id-meta":"","stick-header-meta":"","header-above-stick-meta":"","header-main-stick-meta":"","header-below-stick-meta":"","astra-migrate-meta-layouts":"set","ast-page-background-enabled":"default","ast-page-background-meta":{"desktop":{"background-color":"","background-image":"","background-repeat":"repeat","background-position":"center center","background-size":"auto","background-attachment":"scroll","background-type":"","background-media":"","overlay-type":"","overlay-color":"","overlay-opacity":"","overlay-gradient":""},"tablet":{"background-color":"","background-image":"","background-repeat":"repeat","background-position":"center center","background-size":"auto","background-attachment":"scroll","background-type":"","background-media":"","overlay-type":"","overlay-color":"","overlay-opacity":"","overlay-gradient":""},"mobile":{"background-color":"","background-image":"","background-repeat":"repeat","background-position":"center center","background-size":"auto","background-attachment":"scroll","background-type":"","background-media":"","overlay-type":"","overlay-color":"","overlay-opacity":"","overlay-gradient":""}},"ast-content-background-meta":{"desktop":{"background-color":"var(--ast-global-color-5)","background-image":"","background-repeat":"repeat","background-position":"center center","background-size":"auto","background-attachment":"scroll","background-type":"","background-media":"","overlay-type":"","overlay-color":"","overlay-opacity":"","overlay-gradient":""},"tablet":{"background-color":"var(--ast-global-color-5)","background-image":"","background-repeat":"repeat","background-position":"center center","background-size":"auto","background-attachment":"scroll","background-type":"","background-media":"","overlay-type":"","overlay-color":"","overlay-opacity":"","overlay-gradient":""},"mobile":{"background-color":"var(--ast-global-color-5)","background-image":"","background-repeat":"repeat","background-position":"center center","background-size":"auto","background-attachment":"scroll","background-type":"","background-media":"","overlay-type":"","overlay-color":"","overlay-opacity":"","overlay-gradient":""}}},"product_cat":[132,338],"product_tag":[],"yoast_head":"<!-- This site is optimized with the Yoast SEO plugin v20.8 - https:\/\/yoast.com\/wordpress\/plugins\/seo\/ -->\n<title>S\u00f3l drogowa - K\u0142odawa - Paleta - Dystrybutor oryginalnej soli !<\/title>\n<meta name=\"description\" content=\"S\u00f3l drogowa workowana po 25kg - Atestowana, bezpo\u015brednia dysyrybucja z Kopalni K\u0142odawa. Mo\u017cliwo\u015b\u0107 zakupu od 1 tony z dostaw\u0105 na terenie kraju ! KUP TERAZ !\" \/>\n<meta name=\"robots\" content=\"index, follow, max-snippet:-1, max-image-preview:large, max-video-preview:-1\" \/>\n<link rel=\"canonical\" href=\"https:\/\/solpack24.pl\/en\/produkty\/sol\/sol-drogowa\/sol-drogowa-klodawa-paleta-1000-kg\/\" \/>\n<meta property=\"og:locale\" content=\"en_GB\" \/>\n<meta property=\"og:type\" content=\"article\" \/>\n<meta property=\"og:title\" content=\"S\u00f3l drogowa - K\u0142odawa - Paleta - Dystrybutor oryginalnej soli !\" \/>\n<meta property=\"og:description\" content=\"S\u00f3l drogowa workowana po 25kg - Atestowana, bezpo\u015brednia dysyrybucja z Kopalni K\u0142odawa. Mo\u017cliwo\u015b\u0107 zakupu od 1 tony z dostaw\u0105 na terenie kraju ! KUP TERAZ !\" \/>\n<meta property=\"og:url\" content=\"https:\/\/solpack24.pl\/en\/produkty\/sol\/sol-drogowa\/sol-drogowa-klodawa-paleta-1000-kg\/\" \/>\n<meta property=\"og:site_name\" content=\"Solpack24\" \/>\n<meta property=\"article:publisher\" content=\"https:\/\/web.facebook.com\/solpack24\/\" \/>\n<meta property=\"article:modified_time\" content=\"2026-01-26T08:06:24+00:00\" \/>\n<meta property=\"og:image\" content=\"https:\/\/solpack24.pl\/wp-content\/uploads\/2025\/09\/sol-drogowa-klodawa-paleta.jpg\" \/>\n\t<meta property=\"og:image:width\" content=\"1601\" \/>\n\t<meta property=\"og:image:height\" content=\"1201\" \/>\n\t<meta property=\"og:image:type\" content=\"image\/jpeg\" \/>\n<meta name=\"twitter:card\" content=\"summary_large_image\" \/>\n<meta name=\"twitter:label1\" content=\"Estimated reading time\" \/>\n\t<meta name=\"twitter:data1\" content=\"2 minutes\" \/>\n<script type=\"application\/ld+json\" class=\"yoast-schema-graph\">{\"@context\":\"https:\/\/schema.org\",\"@graph\":[{\"@type\":\"WebPage\",\"@id\":\"https:\/\/solpack24.pl\/produkty\/sol\/sol-drogowa\/sol-drogowa-klodawa-paleta-1000-kg\/\",\"url\":\"https:\/\/solpack24.pl\/produkty\/sol\/sol-drogowa\/sol-drogowa-klodawa-paleta-1000-kg\/\",\"name\":\"S\u00f3l drogowa - K\u0142odawa - Paleta - Dystrybutor oryginalnej soli !\",\"isPartOf\":{\"@id\":\"https:\/\/solpack24.pl\/#website\"},\"datePublished\":\"2025-09-14T15:45:36+00:00\",\"dateModified\":\"2026-01-26T08:06:24+00:00\",\"description\":\"S\u00f3l drogowa workowana po 25kg - Atestowana, bezpo\u015brednia dysyrybucja z Kopalni K\u0142odawa. Mo\u017cliwo\u015b\u0107 zakupu od 1 tony z dostaw\u0105 na terenie kraju ! KUP TERAZ !\",\"breadcrumb\":{\"@id\":\"https:\/\/solpack24.pl\/produkty\/sol\/sol-drogowa\/sol-drogowa-klodawa-paleta-1000-kg\/#breadcrumb\"},\"inLanguage\":\"en-GB\",\"potentialAction\":[{\"@type\":\"ReadAction\",\"target\":[\"https:\/\/solpack24.pl\/produkty\/sol\/sol-drogowa\/sol-drogowa-klodawa-paleta-1000-kg\/\"]}]},{\"@type\":\"BreadcrumbList\",\"@id\":\"https:\/\/solpack24.pl\/produkty\/sol\/sol-drogowa\/sol-drogowa-klodawa-paleta-1000-kg\/#breadcrumb\",\"itemListElement\":[{\"@type\":\"ListItem\",\"position\":1,\"name\":\"Strona g\u0142\u00f3wna\",\"item\":\"https:\/\/solpack24.pl\/\"},{\"@type\":\"ListItem\",\"position\":2,\"name\":\"SKLEP\",\"item\":\"https:\/\/solpack24.pl\/dystrybucja-produktow-solnych-oraz-chemicznych\/\"},{\"@type\":\"ListItem\",\"position\":3,\"name\":\"S\u00f3l drogowa 1125 KG K\u0142odawa Dystrybutor !\"}]},{\"@type\":\"WebSite\",\"@id\":\"https:\/\/solpack24.pl\/#website\",\"url\":\"https:\/\/solpack24.pl\/\",\"name\":\"solpack24.pl\",\"description\":\"\",\"publisher\":{\"@id\":\"https:\/\/solpack24.pl\/#organization\"},\"potentialAction\":[{\"@type\":\"SearchAction\",\"target\":{\"@type\":\"EntryPoint\",\"urlTemplate\":\"https:\/\/solpack24.pl\/?s={search_term_string}\"},\"query-input\":\"required name=search_term_string\"}],\"inLanguage\":\"en-GB\"},{\"@type\":\"Organization\",\"@id\":\"https:\/\/solpack24.pl\/#organization\",\"name\":\"SOLPACK24\",\"url\":\"https:\/\/solpack24.pl\/\",\"logo\":{\"@type\":\"ImageObject\",\"inLanguage\":\"en-GB\",\"@id\":\"https:\/\/solpack24.pl\/#\/schema\/logo\/image\/\",\"url\":\"https:\/\/solpack24.pl\/wp-content\/uploads\/2018\/04\/projekt-sprzeda\u017c-detal-hurt-2-scaled.jpg\",\"contentUrl\":\"https:\/\/solpack24.pl\/wp-content\/uploads\/2018\/04\/projekt-sprzeda\u017c-detal-hurt-2-scaled.jpg\",\"width\":2560,\"height\":1109,\"caption\":\"SOLPACK24\"},\"image\":{\"@id\":\"https:\/\/solpack24.pl\/#\/schema\/logo\/image\/\"},\"sameAs\":[\"https:\/\/web.facebook.com\/solpack24\/\"]}]}<\/script>\n<!-- \/ Yoast SEO plugin. -->","yoast_head_json":{"title":"S\u00f3l drogowa - K\u0142odawa - Paleta - Dystrybutor oryginalnej soli !","description":"S\u00f3l drogowa workowana po 25kg - Atestowana, bezpo\u015brednia dysyrybucja z Kopalni K\u0142odawa. Mo\u017cliwo\u015b\u0107 zakupu od 1 tony z dostaw\u0105 na terenie kraju ! KUP TERAZ !","robots":{"index":"index","follow":"follow","max-snippet":"max-snippet:-1","max-image-preview":"max-image-preview:large","max-video-preview":"max-video-preview:-1"},"canonical":"https:\/\/solpack24.pl\/en\/produkty\/sol\/sol-drogowa\/sol-drogowa-klodawa-paleta-1000-kg\/","og_locale":"en_GB","og_type":"article","og_title":"S\u00f3l drogowa - K\u0142odawa - Paleta - Dystrybutor oryginalnej soli !","og_description":"S\u00f3l drogowa workowana po 25kg - Atestowana, bezpo\u015brednia dysyrybucja z Kopalni K\u0142odawa. Mo\u017cliwo\u015b\u0107 zakupu od 1 tony z dostaw\u0105 na terenie kraju ! KUP TERAZ !","og_url":"https:\/\/solpack24.pl\/en\/produkty\/sol\/sol-drogowa\/sol-drogowa-klodawa-paleta-1000-kg\/","og_site_name":"Solpack24","article_publisher":"https:\/\/web.facebook.com\/solpack24\/","article_modified_time":"2026-01-26T08:06:24+00:00","og_image":[{"width":1601,"height":1201,"url":"https:\/\/solpack24.pl\/wp-content\/uploads\/2025\/09\/sol-drogowa-klodawa-paleta.jpg","type":"image\/jpeg"}],"twitter_card":"summary_large_image","twitter_misc":{"Estimated reading time":"2 minutes"},"schema":{"@context":"https:\/\/schema.org","@graph":[{"@type":"WebPage","@id":"https:\/\/solpack24.pl\/produkty\/sol\/sol-drogowa\/sol-drogowa-klodawa-paleta-1000-kg\/","url":"https:\/\/solpack24.pl\/produkty\/sol\/sol-drogowa\/sol-drogowa-klodawa-paleta-1000-kg\/","name":"S\u00f3l drogowa - K\u0142odawa - Paleta - Dystrybutor oryginalnej soli !","isPartOf":{"@id":"https:\/\/solpack24.pl\/#website"},"datePublished":"2025-09-14T15:45:36+00:00","dateModified":"2026-01-26T08:06:24+00:00","description":"S\u00f3l drogowa workowana po 25kg - Atestowana, bezpo\u015brednia dysyrybucja z Kopalni K\u0142odawa. Mo\u017cliwo\u015b\u0107 zakupu od 1 tony z dostaw\u0105 na terenie kraju ! KUP TERAZ !","breadcrumb":{"@id":"https:\/\/solpack24.pl\/produkty\/sol\/sol-drogowa\/sol-drogowa-klodawa-paleta-1000-kg\/#breadcrumb"},"inLanguage":"en-GB","potentialAction":[{"@type":"ReadAction","target":["https:\/\/solpack24.pl\/produkty\/sol\/sol-drogowa\/sol-drogowa-klodawa-paleta-1000-kg\/"]}]},{"@type":"BreadcrumbList","@id":"https:\/\/solpack24.pl\/produkty\/sol\/sol-drogowa\/sol-drogowa-klodawa-paleta-1000-kg\/#breadcrumb","itemListElement":[{"@type":"ListItem","position":1,"name":"Strona g\u0142\u00f3wna","item":"https:\/\/solpack24.pl\/"},{"@type":"ListItem","position":2,"name":"SKLEP","item":"https:\/\/solpack24.pl\/dystrybucja-produktow-solnych-oraz-chemicznych\/"},{"@type":"ListItem","position":3,"name":"S\u00f3l drogowa 1125 KG K\u0142odawa Dystrybutor !"}]},{"@type":"WebSite","@id":"https:\/\/solpack24.pl\/#website","url":"https:\/\/solpack24.pl\/","name":"solpack24.pl","description":"","publisher":{"@id":"https:\/\/solpack24.pl\/#organization"},"potentialAction":[{"@type":"SearchAction","target":{"@type":"EntryPoint","urlTemplate":"https:\/\/solpack24.pl\/?s={search_term_string}"},"query-input":"required name=search_term_string"}],"inLanguage":"en-GB"},{"@type":"Organization","@id":"https:\/\/solpack24.pl\/#organization","name":"SOLPACK24","url":"https:\/\/solpack24.pl\/","logo":{"@type":"ImageObject","inLanguage":"en-GB","@id":"https:\/\/solpack24.pl\/#\/schema\/logo\/image\/","url":"https:\/\/solpack24.pl\/wp-content\/uploads\/2018\/04\/projekt-sprzeda\u017c-detal-hurt-2-scaled.jpg","contentUrl":"https:\/\/solpack24.pl\/wp-content\/uploads\/2018\/04\/projekt-sprzeda\u017c-detal-hurt-2-scaled.jpg","width":2560,"height":1109,"caption":"SOLPACK24"},"image":{"@id":"https:\/\/solpack24.pl\/#\/schema\/logo\/image\/"},"sameAs":["https:\/\/web.facebook.com\/solpack24\/"]}]}},"_links":{"self":[{"href":"https:\/\/solpack24.pl\/en\/wp-json\/wp\/v2\/product\/499405"}],"collection":[{"href":"https:\/\/solpack24.pl\/en\/wp-json\/wp\/v2\/product"}],"about":[{"href":"https:\/\/solpack24.pl\/en\/wp-json\/wp\/v2\/types\/product"}],"replies":[{"embeddable":true,"href":"https:\/\/solpack24.pl\/en\/wp-json\/wp\/v2\/comments?post=499405"}],"wp:featuredmedia":[{"embeddable":true,"href":"https:\/\/solpack24.pl\/en\/wp-json\/wp\/v2\/media\/499406"}],"wp:attachment":[{"href":"https:\/\/solpack24.pl\/en\/wp-json\/wp\/v2\/media?parent=499405"}],"wp:term":[{"taxonomy":"product_cat","embeddable":true,"href":"https:\/\/solpack24.pl\/en\/wp-json\/wp\/v2\/product_cat?post=499405"},{"taxonomy":"product_tag","embeddable":true,"href":"https:\/\/solpack24.pl\/en\/wp-json\/wp\/v2\/product_tag?post=499405"}],"curies":[{"name":"wp","href":"https:\/\/api.w.org\/{rel}","templated":true}]}}