{"id":84682,"date":"2019-09-27T09:45:53","date_gmt":"2019-09-27T09:45:53","guid":{"rendered":"https:\/\/solpack24.pl\/?post_type=product&#038;p=84682"},"modified":"2022-09-07T18:50:43","modified_gmt":"2022-09-07T18:50:43","slug":"boraks-borax-dziesieciowodny-25-kg-dostawa-w-cenie","status":"publish","type":"product","link":"https:\/\/solpack24.pl\/en\/produkty\/produkty-chemiczne\/czteroboran-sodu\/boraks-borax-dziesieciowodny-25-kg-dostawa-w-cenie\/","title":{"rendered":"Boraks &#8211; Borax &#8211; dziesi\u0119ciowodny 25 kg"},"content":{"rendered":"<p><strong>CZTEROBORAN SODU DZIESI\u0118CIOWODNY, BORAX<\/strong><\/p>\n<p lang=\"pl-PL\">25kg : 149z\u0142 \u00a0brutto<\/p>\n<p lang=\"pl-PL\">Czas realizacji : 2-4 dni robocze.<\/p>\n<p lang=\"pl-PL\">P\u0142atno\u015b\u0107: Mo\u017cliwo\u015b\u0107 wyboru szybkiej p\u0142atno\u015bci.<\/p>\n<p lang=\"pl-PL\">Zastosowanie:<br \/>\n&#8211; \u015arodek czyszcz\u0105cy i dezynfekuj\u0105cy<br \/>\n&#8211; Wybielacz do prania<br \/>\n&#8211; Nadaje po\u0142ysk dla z\u0142ota i srebra<br \/>\n&#8211; Poch\u0142aniacz zapach\u00f3w<br \/>\n&#8211; \u015arodek czyszcz\u0105cy porcelan\u0119, naczynia itp.<br \/>\n&#8211; Topnik do lutowania i spawania<br \/>\n&#8211; Do udra\u017cniania rur<br \/>\n&#8211; S\u0142u\u017cy do produkcji preparat\u00f3w na insekty i owady.<\/p>\n<p>Na ka\u017cdy produktu wystawiamy Faktur\u0119 VAT.<\/p>\n<div class=\"woocommerce-tabs wc-tabs-wrapper\">\n<div id=\"tab-description\" class=\"woocommerce-Tabs-panel woocommerce-Tabs-panel--description panel entry-content wc-tab\" role=\"tabpanel\" aria-labelledby=\"tab-title-description\">\n<p><strong>Masz pytania ? Zapraszam do kontaktu pod numerem: 883 543 778 lub poprzez formularz kontaktowy <a href=\"https:\/\/solpack24.pl\/en\/kontakt\/\">(KLIKNIJ TUTAJ)<\/a><\/strong><\/p>\n<\/div>\n<\/div>","protected":false},"excerpt":{"rendered":"<p>Czteroboran sodu 25 kg<\/p>","protected":false},"featured_media":497896,"comment_status":"open","ping_status":"closed","template":"","meta":{"site-sidebar-layout":"default","site-content-layout":"default","ast-site-content-layout":"","site-content-style":"default","site-sidebar-style":"default","ast-global-header-display":"","ast-banner-title-visibility":"","ast-main-header-display":"","ast-hfb-above-header-display":"","ast-hfb-below-header-display":"","ast-hfb-mobile-header-display":"","site-post-title":"","ast-breadcrumbs-content":"","ast-featured-img":"","footer-sml-layout":"","theme-transparent-header-meta":"default","adv-header-id-meta":"","stick-header-meta":"","header-above-stick-meta":"","header-main-stick-meta":"","header-below-stick-meta":"","astra-migrate-meta-layouts":"default","ast-page-background-enabled":"default","ast-page-background-meta":{"desktop":{"background-color":"","background-image":"","background-repeat":"repeat","background-position":"center center","background-size":"auto","background-attachment":"scroll","background-type":"","background-media":"","overlay-type":"","overlay-color":"","overlay-opacity":"","overlay-gradient":""},"tablet":{"background-color":"","background-image":"","background-repeat":"repeat","background-position":"center center","background-size":"auto","background-attachment":"scroll","background-type":"","background-media":"","overlay-type":"","overlay-color":"","overlay-opacity":"","overlay-gradient":""},"mobile":{"background-color":"","background-image":"","background-repeat":"repeat","background-position":"center center","background-size":"auto","background-attachment":"scroll","background-type":"","background-media":"","overlay-type":"","overlay-color":"","overlay-opacity":"","overlay-gradient":""}},"ast-content-background-meta":{"desktop":{"background-color":"var(--ast-global-color-5)","background-image":"","background-repeat":"repeat","background-position":"center center","background-size":"auto","background-attachment":"scroll","background-type":"","background-media":"","overlay-type":"","overlay-color":"","overlay-opacity":"","overlay-gradient":""},"tablet":{"background-color":"var(--ast-global-color-5)","background-image":"","background-repeat":"repeat","background-position":"center center","background-size":"auto","background-attachment":"scroll","background-type":"","background-media":"","overlay-type":"","overlay-color":"","overlay-opacity":"","overlay-gradient":""},"mobile":{"background-color":"var(--ast-global-color-5)","background-image":"","background-repeat":"repeat","background-position":"center center","background-size":"auto","background-attachment":"scroll","background-type":"","background-media":"","overlay-type":"","overlay-color":"","overlay-opacity":"","overlay-gradient":""}}},"product_cat":[343,340],"product_tag":[],"yoast_head":"<!-- This site is optimized with the Yoast SEO plugin v20.8 - https:\/\/yoast.com\/wordpress\/plugins\/seo\/ -->\n<title>Boraks - Borax - dziesi\u0119ciowodny 25 kg - Solpack24<\/title>\n<meta name=\"robots\" content=\"index, follow, max-snippet:-1, max-image-preview:large, max-video-preview:-1\" \/>\n<link rel=\"canonical\" href=\"https:\/\/solpack24.pl\/en\/produkty\/produkty-chemiczne\/czteroboran-sodu\/boraks-borax-dziesieciowodny-25-kg-dostawa-w-cenie\/\" \/>\n<meta property=\"og:locale\" content=\"en_GB\" \/>\n<meta property=\"og:type\" content=\"article\" \/>\n<meta property=\"og:title\" content=\"Boraks - Borax - dziesi\u0119ciowodny 25 kg - Solpack24\" \/>\n<meta property=\"og:description\" content=\"Czteroboran sodu 25 kg\" \/>\n<meta property=\"og:url\" content=\"https:\/\/solpack24.pl\/en\/produkty\/produkty-chemiczne\/czteroboran-sodu\/boraks-borax-dziesieciowodny-25-kg-dostawa-w-cenie\/\" \/>\n<meta property=\"og:site_name\" content=\"Solpack24\" \/>\n<meta property=\"article:publisher\" content=\"https:\/\/web.facebook.com\/solpack24\/\" \/>\n<meta property=\"article:modified_time\" content=\"2022-09-07T18:50:43+00:00\" \/>\n<meta property=\"og:image\" content=\"https:\/\/solpack24.pl\/wp-content\/uploads\/2019\/09\/BORAX-25-kg-scaled.jpeg\" \/>\n\t<meta property=\"og:image:width\" content=\"1920\" \/>\n\t<meta property=\"og:image:height\" content=\"2560\" \/>\n\t<meta property=\"og:image:type\" content=\"image\/jpeg\" \/>\n<meta name=\"twitter:card\" content=\"summary_large_image\" \/>\n<script type=\"application\/ld+json\" class=\"yoast-schema-graph\">{\"@context\":\"https:\/\/schema.org\",\"@graph\":[{\"@type\":\"WebPage\",\"@id\":\"https:\/\/solpack24.pl\/produkty\/produkty-chemiczne\/czteroboran-sodu\/boraks-borax-dziesieciowodny-25-kg-dostawa-w-cenie\/\",\"url\":\"https:\/\/solpack24.pl\/produkty\/produkty-chemiczne\/czteroboran-sodu\/boraks-borax-dziesieciowodny-25-kg-dostawa-w-cenie\/\",\"name\":\"Boraks - Borax - dziesi\u0119ciowodny 25 kg - Solpack24\",\"isPartOf\":{\"@id\":\"https:\/\/solpack24.pl\/#website\"},\"datePublished\":\"2019-09-27T09:45:53+00:00\",\"dateModified\":\"2022-09-07T18:50:43+00:00\",\"breadcrumb\":{\"@id\":\"https:\/\/solpack24.pl\/produkty\/produkty-chemiczne\/czteroboran-sodu\/boraks-borax-dziesieciowodny-25-kg-dostawa-w-cenie\/#breadcrumb\"},\"inLanguage\":\"en-GB\",\"potentialAction\":[{\"@type\":\"ReadAction\",\"target\":[\"https:\/\/solpack24.pl\/produkty\/produkty-chemiczne\/czteroboran-sodu\/boraks-borax-dziesieciowodny-25-kg-dostawa-w-cenie\/\"]}]},{\"@type\":\"BreadcrumbList\",\"@id\":\"https:\/\/solpack24.pl\/produkty\/produkty-chemiczne\/czteroboran-sodu\/boraks-borax-dziesieciowodny-25-kg-dostawa-w-cenie\/#breadcrumb\",\"itemListElement\":[{\"@type\":\"ListItem\",\"position\":1,\"name\":\"Strona g\u0142\u00f3wna\",\"item\":\"https:\/\/solpack24.pl\/\"},{\"@type\":\"ListItem\",\"position\":2,\"name\":\"SKLEP\",\"item\":\"https:\/\/solpack24.pl\/dystrybucja-produktow-solnych-oraz-chemicznych\/\"},{\"@type\":\"ListItem\",\"position\":3,\"name\":\"Boraks &#8211; Borax &#8211; dziesi\u0119ciowodny 25 kg\"}]},{\"@type\":\"WebSite\",\"@id\":\"https:\/\/solpack24.pl\/#website\",\"url\":\"https:\/\/solpack24.pl\/\",\"name\":\"solpack24.pl\",\"description\":\"\",\"publisher\":{\"@id\":\"https:\/\/solpack24.pl\/#organization\"},\"potentialAction\":[{\"@type\":\"SearchAction\",\"target\":{\"@type\":\"EntryPoint\",\"urlTemplate\":\"https:\/\/solpack24.pl\/?s={search_term_string}\"},\"query-input\":\"required name=search_term_string\"}],\"inLanguage\":\"en-GB\"},{\"@type\":\"Organization\",\"@id\":\"https:\/\/solpack24.pl\/#organization\",\"name\":\"SOLPACK24\",\"url\":\"https:\/\/solpack24.pl\/\",\"logo\":{\"@type\":\"ImageObject\",\"inLanguage\":\"en-GB\",\"@id\":\"https:\/\/solpack24.pl\/#\/schema\/logo\/image\/\",\"url\":\"https:\/\/solpack24.pl\/wp-content\/uploads\/2018\/04\/projekt-sprzeda\u017c-detal-hurt-2-scaled.jpg\",\"contentUrl\":\"https:\/\/solpack24.pl\/wp-content\/uploads\/2018\/04\/projekt-sprzeda\u017c-detal-hurt-2-scaled.jpg\",\"width\":2560,\"height\":1109,\"caption\":\"SOLPACK24\"},\"image\":{\"@id\":\"https:\/\/solpack24.pl\/#\/schema\/logo\/image\/\"},\"sameAs\":[\"https:\/\/web.facebook.com\/solpack24\/\"]}]}<\/script>\n<!-- \/ Yoast SEO plugin. -->","yoast_head_json":{"title":"Boraks - Borax - dziesi\u0119ciowodny 25 kg - Solpack24","robots":{"index":"index","follow":"follow","max-snippet":"max-snippet:-1","max-image-preview":"max-image-preview:large","max-video-preview":"max-video-preview:-1"},"canonical":"https:\/\/solpack24.pl\/en\/produkty\/produkty-chemiczne\/czteroboran-sodu\/boraks-borax-dziesieciowodny-25-kg-dostawa-w-cenie\/","og_locale":"en_GB","og_type":"article","og_title":"Boraks - Borax - dziesi\u0119ciowodny 25 kg - Solpack24","og_description":"Czteroboran sodu 25 kg","og_url":"https:\/\/solpack24.pl\/en\/produkty\/produkty-chemiczne\/czteroboran-sodu\/boraks-borax-dziesieciowodny-25-kg-dostawa-w-cenie\/","og_site_name":"Solpack24","article_publisher":"https:\/\/web.facebook.com\/solpack24\/","article_modified_time":"2022-09-07T18:50:43+00:00","og_image":[{"width":1920,"height":2560,"url":"https:\/\/solpack24.pl\/wp-content\/uploads\/2019\/09\/BORAX-25-kg-scaled.jpeg","type":"image\/jpeg"}],"twitter_card":"summary_large_image","schema":{"@context":"https:\/\/schema.org","@graph":[{"@type":"WebPage","@id":"https:\/\/solpack24.pl\/produkty\/produkty-chemiczne\/czteroboran-sodu\/boraks-borax-dziesieciowodny-25-kg-dostawa-w-cenie\/","url":"https:\/\/solpack24.pl\/produkty\/produkty-chemiczne\/czteroboran-sodu\/boraks-borax-dziesieciowodny-25-kg-dostawa-w-cenie\/","name":"Boraks - Borax - dziesi\u0119ciowodny 25 kg - Solpack24","isPartOf":{"@id":"https:\/\/solpack24.pl\/#website"},"datePublished":"2019-09-27T09:45:53+00:00","dateModified":"2022-09-07T18:50:43+00:00","breadcrumb":{"@id":"https:\/\/solpack24.pl\/produkty\/produkty-chemiczne\/czteroboran-sodu\/boraks-borax-dziesieciowodny-25-kg-dostawa-w-cenie\/#breadcrumb"},"inLanguage":"en-GB","potentialAction":[{"@type":"ReadAction","target":["https:\/\/solpack24.pl\/produkty\/produkty-chemiczne\/czteroboran-sodu\/boraks-borax-dziesieciowodny-25-kg-dostawa-w-cenie\/"]}]},{"@type":"BreadcrumbList","@id":"https:\/\/solpack24.pl\/produkty\/produkty-chemiczne\/czteroboran-sodu\/boraks-borax-dziesieciowodny-25-kg-dostawa-w-cenie\/#breadcrumb","itemListElement":[{"@type":"ListItem","position":1,"name":"Strona g\u0142\u00f3wna","item":"https:\/\/solpack24.pl\/"},{"@type":"ListItem","position":2,"name":"SKLEP","item":"https:\/\/solpack24.pl\/dystrybucja-produktow-solnych-oraz-chemicznych\/"},{"@type":"ListItem","position":3,"name":"Boraks &#8211; Borax &#8211; dziesi\u0119ciowodny 25 kg"}]},{"@type":"WebSite","@id":"https:\/\/solpack24.pl\/#website","url":"https:\/\/solpack24.pl\/","name":"solpack24.pl","description":"","publisher":{"@id":"https:\/\/solpack24.pl\/#organization"},"potentialAction":[{"@type":"SearchAction","target":{"@type":"EntryPoint","urlTemplate":"https:\/\/solpack24.pl\/?s={search_term_string}"},"query-input":"required name=search_term_string"}],"inLanguage":"en-GB"},{"@type":"Organization","@id":"https:\/\/solpack24.pl\/#organization","name":"SOLPACK24","url":"https:\/\/solpack24.pl\/","logo":{"@type":"ImageObject","inLanguage":"en-GB","@id":"https:\/\/solpack24.pl\/#\/schema\/logo\/image\/","url":"https:\/\/solpack24.pl\/wp-content\/uploads\/2018\/04\/projekt-sprzeda\u017c-detal-hurt-2-scaled.jpg","contentUrl":"https:\/\/solpack24.pl\/wp-content\/uploads\/2018\/04\/projekt-sprzeda\u017c-detal-hurt-2-scaled.jpg","width":2560,"height":1109,"caption":"SOLPACK24"},"image":{"@id":"https:\/\/solpack24.pl\/#\/schema\/logo\/image\/"},"sameAs":["https:\/\/web.facebook.com\/solpack24\/"]}]}},"_links":{"self":[{"href":"https:\/\/solpack24.pl\/en\/wp-json\/wp\/v2\/product\/84682"}],"collection":[{"href":"https:\/\/solpack24.pl\/en\/wp-json\/wp\/v2\/product"}],"about":[{"href":"https:\/\/solpack24.pl\/en\/wp-json\/wp\/v2\/types\/product"}],"replies":[{"embeddable":true,"href":"https:\/\/solpack24.pl\/en\/wp-json\/wp\/v2\/comments?post=84682"}],"wp:featuredmedia":[{"embeddable":true,"href":"https:\/\/solpack24.pl\/en\/wp-json\/wp\/v2\/media\/497896"}],"wp:attachment":[{"href":"https:\/\/solpack24.pl\/en\/wp-json\/wp\/v2\/media?parent=84682"}],"wp:term":[{"taxonomy":"product_cat","embeddable":true,"href":"https:\/\/solpack24.pl\/en\/wp-json\/wp\/v2\/product_cat?post=84682"},{"taxonomy":"product_tag","embeddable":true,"href":"https:\/\/solpack24.pl\/en\/wp-json\/wp\/v2\/product_tag?post=84682"}],"curies":[{"name":"wp","href":"https:\/\/api.w.org\/{rel}","templated":true}]}}